{"id":2659,"date":"2025-08-04T13:28:01","date_gmt":"2025-08-04T13:28:01","guid":{"rendered":"https:\/\/www.brikaelektrik.al\/?post_type=product&#038;p=2659"},"modified":"2025-08-04T13:28:02","modified_gmt":"2025-08-04T13:28:02","slug":"pulsant-qepeni-i-bardhe-1-0-2","status":"publish","type":"product","link":"https:\/\/www.brikaelektrik.al\/al\/produkt\/pulsant-qepeni-i-bardhe-1-0-2\/","title":{"rendered":"PULSANT QEPENI I BARDH\u00cb 1-0-2"},"content":{"rendered":"<p>Seria: Living Light<br data-start=\"67\" data-end=\"70\" \/>Lloji: Buton dyfisht\u00eb (1P NO + 1P NO), interlocked<br data-start=\"124\" data-end=\"127\" \/>Rryma nominale: 10A<br data-start=\"151\" data-end=\"154\" \/>Tensioni: 250V\u202fAC<br data-start=\"214\" data-end=\"217\" \/>Montimi: Mural (flush\u2011mounted), 1 modul<br data-start=\"260\" data-end=\"263\" \/>Ngjyra: Bardh\u00eb<br data-start=\"281\" data-end=\"284\" \/>Mbrojtje: IP20, IK04\u00a0<br data-start=\"346\" data-end=\"349\" \/>Materiali: Polikarbonat dhe ABS, pa halogjen\u00a0<br data-start=\"435\" data-end=\"438\" \/>Formati i priz\u00ebs: 1 modul standard Living Light<br data-start=\"489\" data-end=\"492\" \/>P\u00ebrmasat: 44mm (lart\u00ebsi) \u00d7 22mm (gjer\u00ebsi) \u00d7 27.5mm (thell\u00ebsi)<\/p>","protected":false},"excerpt":{"rendered":"<p>Seria: Living LightLloji: Buton dyfisht\u00eb (1P NO + 1P NO), interlockedRryma nominale: 10ATensioni: 250V\u202fACMontimi: Mural (flush\u2011mounted), 1 modulNgjyra: Bardh\u00ebMbrojtje: IP20, IK04\u00a0Materiali: Polikarbonat dhe ABS, pa halogjen\u00a0Formati i priz\u00ebs: 1 modul standard Living LightP\u00ebrmasat: 44mm (lart\u00ebsi) \u00d7 22mm (gjer\u00ebsi) \u00d7 27.5mm (thell\u00ebsi)<\/p>","protected":false},"featured_media":2660,"comment_status":"open","ping_status":"closed","template":"","meta":{"_acf_changed":false},"product_brand":[],"product_cat":[40,67],"product_tag":[],"class_list":{"0":"post-2659","1":"product","2":"type-product","3":"status-publish","4":"has-post-thumbnail","6":"product_cat-serite-civile","7":"product_cat-living-light","9":"first","10":"instock","11":"shipping-taxable","12":"product-type-simple"},"acf":[],"_links":{"self":[{"href":"https:\/\/www.brikaelektrik.al\/al\/wp-json\/wp\/v2\/product\/2659","targetHints":{"allow":["GET"]}}],"collection":[{"href":"https:\/\/www.brikaelektrik.al\/al\/wp-json\/wp\/v2\/product"}],"about":[{"href":"https:\/\/www.brikaelektrik.al\/al\/wp-json\/wp\/v2\/types\/product"}],"replies":[{"embeddable":true,"href":"https:\/\/www.brikaelektrik.al\/al\/wp-json\/wp\/v2\/comments?post=2659"}],"wp:featuredmedia":[{"embeddable":true,"href":"https:\/\/www.brikaelektrik.al\/al\/wp-json\/wp\/v2\/media\/2660"}],"wp:attachment":[{"href":"https:\/\/www.brikaelektrik.al\/al\/wp-json\/wp\/v2\/media?parent=2659"}],"wp:term":[{"taxonomy":"product_brand","embeddable":true,"href":"https:\/\/www.brikaelektrik.al\/al\/wp-json\/wp\/v2\/product_brand?post=2659"},{"taxonomy":"product_cat","embeddable":true,"href":"https:\/\/www.brikaelektrik.al\/al\/wp-json\/wp\/v2\/product_cat?post=2659"},{"taxonomy":"product_tag","embeddable":true,"href":"https:\/\/www.brikaelektrik.al\/al\/wp-json\/wp\/v2\/product_tag?post=2659"}],"curies":[{"name":"wp","href":"https:\/\/api.w.org\/{rel}","templated":true}]}}