{"id":2661,"date":"2025-08-04T13:32:21","date_gmt":"2025-08-04T13:32:21","guid":{"rendered":"https:\/\/www.brikaelektrik.al\/?post_type=product&#038;p=2661"},"modified":"2025-08-04T13:32:21","modified_gmt":"2025-08-04T13:32:21","slug":"pulsant-qepeni-i-bardhe-1-0-2-2","status":"publish","type":"product","link":"https:\/\/www.brikaelektrik.al\/al\/produkt\/pulsant-qepeni-i-bardhe-1-0-2-2\/","title":{"rendered":"PULSANT QEPENI I BARDH\u00cb 1-0-2"},"content":{"rendered":"<p>Seria: Living Light<br data-start=\"67\" data-end=\"70\" \/>Lloji: Buton i dyfisht\u00eb (1P NO + 1P NO)<br data-start=\"113\" data-end=\"116\" \/>Rryma nominale: 10\u202fA<br data-start=\"140\" data-end=\"143\" \/>Tensioni: 250V\u202fAC<br data-start=\"165\" data-end=\"168\" data-is-only-node=\"\" \/>Montimi: Mural (flush\u2011mounted), 1 modul<br data-start=\"211\" data-end=\"214\" \/>Ngjyra: Bardh\u00eb<br data-start=\"232\" data-end=\"235\" \/>Mbrojtje: IP20<br data-start=\"253\" data-end=\"256\" \/>Materiali: Termoplastik pa halogjen<br data-start=\"295\" data-end=\"298\" \/>Formati i priz\u00ebs: 1 modul standard Living Light<br data-start=\"349\" data-end=\"352\" \/>P\u00ebrmasat: 44mm (lart\u00ebsi) \u00d7 22mm (gjer\u00ebsi)<\/p>","protected":false},"excerpt":{"rendered":"<p>Seria: Living LightLloji: Buton i dyfisht\u00eb (1P NO + 1P NO)Rryma nominale: 10\u202fATensioni: 250V\u202fACMontimi: Mural (flush\u2011mounted), 1 modulNgjyra: Bardh\u00ebMbrojtje: IP20Materiali: Termoplastik pa halogjenFormati i priz\u00ebs: 1 modul standard Living LightP\u00ebrmasat: 44mm (lart\u00ebsi) \u00d7 22mm (gjer\u00ebsi)<\/p>","protected":false},"featured_media":2662,"comment_status":"open","ping_status":"closed","template":"","meta":{"_acf_changed":false},"product_brand":[],"product_cat":[40,67],"product_tag":[],"class_list":{"0":"post-2661","1":"product","2":"type-product","3":"status-publish","4":"has-post-thumbnail","6":"product_cat-serite-civile","7":"product_cat-living-light","9":"first","10":"instock","11":"shipping-taxable","12":"product-type-simple"},"acf":[],"_links":{"self":[{"href":"https:\/\/www.brikaelektrik.al\/al\/wp-json\/wp\/v2\/product\/2661","targetHints":{"allow":["GET"]}}],"collection":[{"href":"https:\/\/www.brikaelektrik.al\/al\/wp-json\/wp\/v2\/product"}],"about":[{"href":"https:\/\/www.brikaelektrik.al\/al\/wp-json\/wp\/v2\/types\/product"}],"replies":[{"embeddable":true,"href":"https:\/\/www.brikaelektrik.al\/al\/wp-json\/wp\/v2\/comments?post=2661"}],"wp:featuredmedia":[{"embeddable":true,"href":"https:\/\/www.brikaelektrik.al\/al\/wp-json\/wp\/v2\/media\/2662"}],"wp:attachment":[{"href":"https:\/\/www.brikaelektrik.al\/al\/wp-json\/wp\/v2\/media?parent=2661"}],"wp:term":[{"taxonomy":"product_brand","embeddable":true,"href":"https:\/\/www.brikaelektrik.al\/al\/wp-json\/wp\/v2\/product_brand?post=2661"},{"taxonomy":"product_cat","embeddable":true,"href":"https:\/\/www.brikaelektrik.al\/al\/wp-json\/wp\/v2\/product_cat?post=2661"},{"taxonomy":"product_tag","embeddable":true,"href":"https:\/\/www.brikaelektrik.al\/al\/wp-json\/wp\/v2\/product_tag?post=2661"}],"curies":[{"name":"wp","href":"https:\/\/api.w.org\/{rel}","templated":true}]}}