{"id":2663,"date":"2025-08-04T13:44:32","date_gmt":"2025-08-04T13:44:32","guid":{"rendered":"https:\/\/www.brikaelektrik.al\/?post_type=product&#038;p=2663"},"modified":"2025-08-04T13:44:32","modified_gmt":"2025-08-04T13:44:32","slug":"reostat-dimmer-500w-deviat","status":"publish","type":"product","link":"https:\/\/www.brikaelektrik.al\/al\/produkt\/reostat-dimmer-500w-deviat\/","title":{"rendered":"REOSTAT DIMMER 500W + DEVIAT"},"content":{"rendered":"<p>Seria: Living Light<br data-start=\"67\" data-end=\"70\" \/>Lloji: Rotary dimmer me dyfish switch (2\u2011way knob dimmer)<br data-start=\"131\" data-end=\"134\" \/>Rryma nominale \/ Fuqia: Resistive 60 \u2013 500W<br data-start=\"180\" data-end=\"183\" \/>Tensioni: 230V AC, 50\u202fHz<br data-start=\"212\" data-end=\"215\" \/>Montimi: Mural (flush\u2011mounted), 1 modul\u00a0<br data-start=\"296\" data-end=\"299\" \/>Ngjyra: E bardh\u00eb<br data-start=\"319\" data-end=\"322\" \/>Mbrojtje: IP21, IK04\u00a0<br data-start=\"384\" data-end=\"387\" \/>Materiali: Termoplastik pa halogjen (pjes\u00eb izolimi dhe element mbulimi)\u00a0<br data-start=\"500\" data-end=\"503\" \/>Formati i priz\u00ebs: 1 modul standard Living Light<br data-start=\"554\" data-end=\"557\" \/>P\u00ebrmasat: 44mm (lart\u00ebsi) \u00d7 22mm (gjer\u00ebsi) \u00d7 43mm (thell\u00ebsi)<\/p>","protected":false},"excerpt":{"rendered":"<p>Seria: Living LightLloji: Rotary dimmer me dyfish switch (2\u2011way knob dimmer)Rryma nominale \/ Fuqia: Resistive 60 \u2013 500WTensioni: 230V AC, 50\u202fHzMontimi: Mural (flush\u2011mounted), 1 modul\u00a0Ngjyra: E bardh\u00ebMbrojtje: IP21, IK04\u00a0Materiali: Termoplastik pa halogjen (pjes\u00eb izolimi dhe element mbulimi)\u00a0Formati i priz\u00ebs: 1 modul standard Living LightP\u00ebrmasat: 44mm (lart\u00ebsi) \u00d7 22mm (gjer\u00ebsi) \u00d7 43mm (thell\u00ebsi)<\/p>","protected":false},"featured_media":2664,"comment_status":"open","ping_status":"closed","template":"","meta":{"_acf_changed":false},"product_brand":[],"product_cat":[40,67],"product_tag":[],"class_list":{"0":"post-2663","1":"product","2":"type-product","3":"status-publish","4":"has-post-thumbnail","6":"product_cat-serite-civile","7":"product_cat-living-light","9":"first","10":"instock","11":"shipping-taxable","12":"product-type-simple"},"acf":[],"_links":{"self":[{"href":"https:\/\/www.brikaelektrik.al\/al\/wp-json\/wp\/v2\/product\/2663","targetHints":{"allow":["GET"]}}],"collection":[{"href":"https:\/\/www.brikaelektrik.al\/al\/wp-json\/wp\/v2\/product"}],"about":[{"href":"https:\/\/www.brikaelektrik.al\/al\/wp-json\/wp\/v2\/types\/product"}],"replies":[{"embeddable":true,"href":"https:\/\/www.brikaelektrik.al\/al\/wp-json\/wp\/v2\/comments?post=2663"}],"wp:featuredmedia":[{"embeddable":true,"href":"https:\/\/www.brikaelektrik.al\/al\/wp-json\/wp\/v2\/media\/2664"}],"wp:attachment":[{"href":"https:\/\/www.brikaelektrik.al\/al\/wp-json\/wp\/v2\/media?parent=2663"}],"wp:term":[{"taxonomy":"product_brand","embeddable":true,"href":"https:\/\/www.brikaelektrik.al\/al\/wp-json\/wp\/v2\/product_brand?post=2663"},{"taxonomy":"product_cat","embeddable":true,"href":"https:\/\/www.brikaelektrik.al\/al\/wp-json\/wp\/v2\/product_cat?post=2663"},{"taxonomy":"product_tag","embeddable":true,"href":"https:\/\/www.brikaelektrik.al\/al\/wp-json\/wp\/v2\/product_tag?post=2663"}],"curies":[{"name":"wp","href":"https:\/\/api.w.org\/{rel}","templated":true}]}}