{"id":2665,"date":"2025-08-04T13:50:06","date_gmt":"2025-08-04T13:50:06","guid":{"rendered":"https:\/\/www.brikaelektrik.al\/?post_type=product&#038;p=2665"},"modified":"2025-08-04T13:50:07","modified_gmt":"2025-08-04T13:50:07","slug":"shuko-e-bardhe-2pt-16a","status":"publish","type":"product","link":"https:\/\/www.brikaelektrik.al\/al\/produkt\/shuko-e-bardhe-2pt-16a\/","title":{"rendered":"SHUKO E BARDH\u00cb 2P+T 16A"},"content":{"rendered":"<p data-start=\"44\" data-end=\"712\">Seria: Living Light<br data-start=\"67\" data-end=\"70\" \/>Lloji: Socket 2P+T 16A (Italian &amp; German standard)<br data-start=\"125\" data-end=\"128\" \/>Rryma nominale: 16A (10\u201316\u202fA operacion t\u00eb lejojshme)\u00a0<br data-start=\"223\" data-end=\"226\" \/>Tensioni: 250V AC\u00a0<br data-start=\"286\" data-end=\"289\" \/>Montimi: Mural (flush\u2011mounted), 2 module\u00a0<br data-start=\"371\" data-end=\"374\" \/>Ngjyra: E bardh\u00eb (ekziston edhe Tech dhe Anthracite) <br data-start=\"468\" data-end=\"471\" \/>Mbrojtje: IP21, IK04 <br data-start=\"533\" data-end=\"536\" \/>Materiali: Polikarbonat pa halogjen; vet\u00eb-shkrihuese dhe rezistente ndaj UV <br data-start=\"653\" data-end=\"656\" \/>Formati i priz\u00ebs: 2 module (standard Living Light)<br \/>\nP\u00ebrmasat: 44mm (lart\u00ebsi) \u00d7 22mm (gjer\u00ebsi) \u00d7 26mm (thell\u00ebsi) \u2013 p\u00ebr 2 module; +11\u202fmm trash\u00ebsi kornize<\/p>","protected":false},"excerpt":{"rendered":"<p>Seria: Living LightLloji: Socket 2P+T 16A (Italian &amp; German standard)Rryma nominale: 16A (10\u201316\u202fA operacion t\u00eb lejojshme)\u00a0Tensioni: 250V AC\u00a0Montimi: Mural (flush\u2011mounted), 2 module\u00a0Ngjyra: E bardh\u00eb (ekziston edhe Tech dhe Anthracite) Mbrojtje: IP21, IK04 Materiali: Polikarbonat pa halogjen; vet\u00eb-shkrihuese dhe rezistente ndaj UV Formati i priz\u00ebs: 2 module (standard Living Light) P\u00ebrmasat: 44mm (lart\u00ebsi) \u00d7 22mm (gjer\u00ebsi) [&hellip;]<\/p>","protected":false},"featured_media":2666,"comment_status":"open","ping_status":"closed","template":"","meta":{"_acf_changed":false},"product_brand":[],"product_cat":[40,67],"product_tag":[],"class_list":{"0":"post-2665","1":"product","2":"type-product","3":"status-publish","4":"has-post-thumbnail","6":"product_cat-serite-civile","7":"product_cat-living-light","9":"first","10":"instock","11":"shipping-taxable","12":"product-type-simple"},"acf":[],"_links":{"self":[{"href":"https:\/\/www.brikaelektrik.al\/al\/wp-json\/wp\/v2\/product\/2665","targetHints":{"allow":["GET"]}}],"collection":[{"href":"https:\/\/www.brikaelektrik.al\/al\/wp-json\/wp\/v2\/product"}],"about":[{"href":"https:\/\/www.brikaelektrik.al\/al\/wp-json\/wp\/v2\/types\/product"}],"replies":[{"embeddable":true,"href":"https:\/\/www.brikaelektrik.al\/al\/wp-json\/wp\/v2\/comments?post=2665"}],"wp:featuredmedia":[{"embeddable":true,"href":"https:\/\/www.brikaelektrik.al\/al\/wp-json\/wp\/v2\/media\/2666"}],"wp:attachment":[{"href":"https:\/\/www.brikaelektrik.al\/al\/wp-json\/wp\/v2\/media?parent=2665"}],"wp:term":[{"taxonomy":"product_brand","embeddable":true,"href":"https:\/\/www.brikaelektrik.al\/al\/wp-json\/wp\/v2\/product_brand?post=2665"},{"taxonomy":"product_cat","embeddable":true,"href":"https:\/\/www.brikaelektrik.al\/al\/wp-json\/wp\/v2\/product_cat?post=2665"},{"taxonomy":"product_tag","embeddable":true,"href":"https:\/\/www.brikaelektrik.al\/al\/wp-json\/wp\/v2\/product_tag?post=2665"}],"curies":[{"name":"wp","href":"https:\/\/api.w.org\/{rel}","templated":true}]}}