{"id":2667,"date":"2025-08-04T13:53:01","date_gmt":"2025-08-04T13:53:01","guid":{"rendered":"https:\/\/www.brikaelektrik.al\/?post_type=product&#038;p=2667"},"modified":"2025-08-04T13:53:02","modified_gmt":"2025-08-04T13:53:02","slug":"tapa-fallco","status":"publish","type":"product","link":"https:\/\/www.brikaelektrik.al\/al\/produkt\/tapa-fallco\/","title":{"rendered":"TAPA FALLCO"},"content":{"rendered":"<p>Seria: Living Light<br data-start=\"67\" data-end=\"70\" \/>Lloji: Blank plate \/ mbush\u00ebse e panelit (1 modul)<br data-start=\"123\" data-end=\"126\" \/>Rryma nominale \/ Fuqia: \u2014 Pa komponent aktiv, pjes\u00eb dekorative dhe mbuluese<br data-start=\"225\" data-end=\"228\" \/>Montimi: Mural (1 modul standard Living Light)<br data-start=\"278\" data-end=\"281\" \/>Ngjyra: E bardh\u00eb<br data-start=\"301\" data-end=\"304\" \/>Mbrojtje: IP20 (standard brendash)<br data-start=\"342\" data-end=\"345\" \/>Materiali: Termoplastik pa halogjen<br data-start=\"384\" data-end=\"387\" \/>Formati i priz\u00ebs: 1 modul (standard Living Light)<br data-start=\"440\" data-end=\"443\" \/>P\u00ebrmasat: 44mm (lart\u00ebsi) \u00d7 22mm (gjer\u00ebsi) \u00d7 11mm trash\u00ebsi korniz\u00eb (p\u00ebr 1 modul)<\/p>","protected":false},"excerpt":{"rendered":"<p>Seria: Living LightLloji: Blank plate \/ mbush\u00ebse e panelit (1 modul)Rryma nominale \/ Fuqia: \u2014 Pa komponent aktiv, pjes\u00eb dekorative dhe mbulueseMontimi: Mural (1 modul standard Living Light)Ngjyra: E bardh\u00ebMbrojtje: IP20 (standard brendash)Materiali: Termoplastik pa halogjenFormati i priz\u00ebs: 1 modul (standard Living Light)P\u00ebrmasat: 44mm (lart\u00ebsi) \u00d7 22mm (gjer\u00ebsi) \u00d7 11mm trash\u00ebsi korniz\u00eb (p\u00ebr 1 modul)<\/p>","protected":false},"featured_media":2668,"comment_status":"open","ping_status":"closed","template":"","meta":{"_acf_changed":false},"product_brand":[],"product_cat":[40,67],"product_tag":[],"class_list":{"0":"post-2667","1":"product","2":"type-product","3":"status-publish","4":"has-post-thumbnail","6":"product_cat-serite-civile","7":"product_cat-living-light","9":"first","10":"instock","11":"shipping-taxable","12":"product-type-simple"},"acf":[],"_links":{"self":[{"href":"https:\/\/www.brikaelektrik.al\/al\/wp-json\/wp\/v2\/product\/2667","targetHints":{"allow":["GET"]}}],"collection":[{"href":"https:\/\/www.brikaelektrik.al\/al\/wp-json\/wp\/v2\/product"}],"about":[{"href":"https:\/\/www.brikaelektrik.al\/al\/wp-json\/wp\/v2\/types\/product"}],"replies":[{"embeddable":true,"href":"https:\/\/www.brikaelektrik.al\/al\/wp-json\/wp\/v2\/comments?post=2667"}],"wp:featuredmedia":[{"embeddable":true,"href":"https:\/\/www.brikaelektrik.al\/al\/wp-json\/wp\/v2\/media\/2668"}],"wp:attachment":[{"href":"https:\/\/www.brikaelektrik.al\/al\/wp-json\/wp\/v2\/media?parent=2667"}],"wp:term":[{"taxonomy":"product_brand","embeddable":true,"href":"https:\/\/www.brikaelektrik.al\/al\/wp-json\/wp\/v2\/product_brand?post=2667"},{"taxonomy":"product_cat","embeddable":true,"href":"https:\/\/www.brikaelektrik.al\/al\/wp-json\/wp\/v2\/product_cat?post=2667"},{"taxonomy":"product_tag","embeddable":true,"href":"https:\/\/www.brikaelektrik.al\/al\/wp-json\/wp\/v2\/product_tag?post=2667"}],"curies":[{"name":"wp","href":"https:\/\/api.w.org\/{rel}","templated":true}]}}