{"id":2671,"date":"2025-08-05T10:00:50","date_gmt":"2025-08-05T10:00:50","guid":{"rendered":"https:\/\/www.brikaelektrik.al\/?post_type=product&#038;p=2671"},"modified":"2025-08-05T10:00:50","modified_gmt":"2025-08-05T10:00:50","slug":"tape-fallco-e-bardhe-ipp150","status":"publish","type":"product","link":"https:\/\/www.brikaelektrik.al\/al\/produkt\/tape-fallco-e-bardhe-ipp150\/","title":{"rendered":"TAP\u00cb FALLCO E BARDH\u00cb IPP150"},"content":{"rendered":"<p data-pm-slice=\"1 1 []\">Seria: Classia<br \/>\nLloji: Blank plate (mbush\u00ebse) 1 modul<br \/>\nMontimi: Mural (flush\u2011mounted), 1 modul Classia<br \/>\nNgjyra: E bardh\u00eb<br \/>\nMbrojtje: IP20<br \/>\nMateriali: ABS pa halogjen<br \/>\nFormati i priz\u00ebs: 1 modul standard Classia<br \/>\nP\u00ebrmasat: 45.1mm (lart\u00ebsi) \u00d7 22.3mm (gjer\u00ebsi) \u00d7 22.5mm (thell\u00ebsi)<br \/>\nPjes\u00eb mbush\u00ebse p\u00ebr modul t\u00eb pap\u00ebrdorur n\u00eb kornizat Classia<br \/>\nP\u00ebrputhje me standardet estetike dhe mbrojt\u00ebse t\u00eb seris\u00eb Classia<br \/>\nKapacitet vendosjeje deri n\u00eb 10A sipas konfigurimeve standarde<br \/>\nTemperatura operative: \u201310\u202f\u00b0C deri +70\u202f\u00b0C<br \/>\nTemperatura e instalimit: +5\u202f\u00b0C deri +35\u202f\u00b0C<\/p>","protected":false},"excerpt":{"rendered":"<p>Seria: Classia Lloji: Blank plate (mbush\u00ebse) 1 modul Montimi: Mural (flush\u2011mounted), 1 modul Classia Ngjyra: E bardh\u00eb Mbrojtje: IP20 Materiali: ABS pa halogjen Formati i priz\u00ebs: 1 modul standard Classia P\u00ebrmasat: 45.1mm (lart\u00ebsi) \u00d7 22.3mm (gjer\u00ebsi) \u00d7 22.5mm (thell\u00ebsi) Pjes\u00eb mbush\u00ebse p\u00ebr modul t\u00eb pap\u00ebrdorur n\u00eb kornizat Classia P\u00ebrputhje me standardet estetike dhe mbrojt\u00ebse t\u00eb [&hellip;]<\/p>","protected":false},"featured_media":2672,"comment_status":"open","ping_status":"closed","template":"","meta":{"_acf_changed":false},"product_brand":[],"product_cat":[40,63],"product_tag":[],"class_list":{"0":"post-2671","1":"product","2":"type-product","3":"status-publish","4":"has-post-thumbnail","6":"product_cat-serite-civile","7":"product_cat-classia","9":"first","10":"instock","11":"shipping-taxable","12":"product-type-simple"},"acf":[],"_links":{"self":[{"href":"https:\/\/www.brikaelektrik.al\/al\/wp-json\/wp\/v2\/product\/2671","targetHints":{"allow":["GET"]}}],"collection":[{"href":"https:\/\/www.brikaelektrik.al\/al\/wp-json\/wp\/v2\/product"}],"about":[{"href":"https:\/\/www.brikaelektrik.al\/al\/wp-json\/wp\/v2\/types\/product"}],"replies":[{"embeddable":true,"href":"https:\/\/www.brikaelektrik.al\/al\/wp-json\/wp\/v2\/comments?post=2671"}],"wp:featuredmedia":[{"embeddable":true,"href":"https:\/\/www.brikaelektrik.al\/al\/wp-json\/wp\/v2\/media\/2672"}],"wp:attachment":[{"href":"https:\/\/www.brikaelektrik.al\/al\/wp-json\/wp\/v2\/media?parent=2671"}],"wp:term":[{"taxonomy":"product_brand","embeddable":true,"href":"https:\/\/www.brikaelektrik.al\/al\/wp-json\/wp\/v2\/product_brand?post=2671"},{"taxonomy":"product_cat","embeddable":true,"href":"https:\/\/www.brikaelektrik.al\/al\/wp-json\/wp\/v2\/product_cat?post=2671"},{"taxonomy":"product_tag","embeddable":true,"href":"https:\/\/www.brikaelektrik.al\/al\/wp-json\/wp\/v2\/product_tag?post=2671"}],"curies":[{"name":"wp","href":"https:\/\/api.w.org\/{rel}","templated":true}]}}