{"id":2673,"date":"2025-08-05T10:06:29","date_gmt":"2025-08-05T10:06:29","guid":{"rendered":"https:\/\/www.brikaelektrik.al\/?post_type=product&#038;p=2673"},"modified":"2025-08-05T10:06:29","modified_gmt":"2025-08-05T10:06:29","slug":"kapak-i-bardhe-mat-me-kornize-krem-7p","status":"publish","type":"product","link":"https:\/\/www.brikaelektrik.al\/al\/produkt\/kapak-i-bardhe-mat-me-kornize-krem-7p\/","title":{"rendered":"KAPAK I BARDH\u00cb MAT ME KORNIZ\u00cb KREM 7P"},"content":{"rendered":"<p>Seria: Classia<br data-start=\"62\" data-end=\"65\" \/>Lloji: Kapak dekorativ horizontal p\u00ebr konfigurim 7 modul (Italian standard)<br data-start=\"194\" data-end=\"197\" \/>Montimi: Mural (flush\u2011mounted) mbi struktur\u00eb mbajt\u00ebse p\u00ebr 7 module\u00a0<br data-start=\"305\" data-end=\"308\" \/>Ngjyra: E bardh\u00eb satin\u00a0<br data-start=\"372\" data-end=\"375\" \/>Mbrojtje: IP20 (p\u00ebrdorim brenda)\u00a0<br data-start=\"449\" data-end=\"452\" \/>Materiali: Tecnopolimer\/ABS pa halogjen<br data-start=\"533\" data-end=\"536\" \/>Formati i priz\u00ebs: 7 module standard Classia (Italian installation system)\u00a0<br data-start=\"651\" data-end=\"654\" \/>P\u00ebrmasat: 86mm (lart\u00ebsi) \u00d7\u202f212mm (gjer\u00ebsi), trash\u00ebsi standard montimi\u00a0<br data-start=\"767\" data-end=\"770\" \/>Certifikime: CE; p\u00ebrputhshm\u00ebri me direktivat evropiane<\/p>","protected":false},"excerpt":{"rendered":"<p>Seria: ClassiaLloji: Kapak dekorativ horizontal p\u00ebr konfigurim 7 modul (Italian standard)Montimi: Mural (flush\u2011mounted) mbi struktur\u00eb mbajt\u00ebse p\u00ebr 7 module\u00a0Ngjyra: E bardh\u00eb satin\u00a0Mbrojtje: IP20 (p\u00ebrdorim brenda)\u00a0Materiali: Tecnopolimer\/ABS pa halogjenFormati i priz\u00ebs: 7 module standard Classia (Italian installation system)\u00a0P\u00ebrmasat: 86mm (lart\u00ebsi) \u00d7\u202f212mm (gjer\u00ebsi), trash\u00ebsi standard montimi\u00a0Certifikime: CE; p\u00ebrputhshm\u00ebri me direktivat evropiane<\/p>","protected":false},"featured_media":2674,"comment_status":"open","ping_status":"closed","template":"","meta":{"_acf_changed":false},"product_brand":[],"product_cat":[40,63],"product_tag":[],"class_list":{"0":"post-2673","1":"product","2":"type-product","3":"status-publish","4":"has-post-thumbnail","6":"product_cat-serite-civile","7":"product_cat-classia","9":"first","10":"instock","11":"shipping-taxable","12":"product-type-simple"},"acf":[],"_links":{"self":[{"href":"https:\/\/www.brikaelektrik.al\/al\/wp-json\/wp\/v2\/product\/2673","targetHints":{"allow":["GET"]}}],"collection":[{"href":"https:\/\/www.brikaelektrik.al\/al\/wp-json\/wp\/v2\/product"}],"about":[{"href":"https:\/\/www.brikaelektrik.al\/al\/wp-json\/wp\/v2\/types\/product"}],"replies":[{"embeddable":true,"href":"https:\/\/www.brikaelektrik.al\/al\/wp-json\/wp\/v2\/comments?post=2673"}],"wp:featuredmedia":[{"embeddable":true,"href":"https:\/\/www.brikaelektrik.al\/al\/wp-json\/wp\/v2\/media\/2674"}],"wp:attachment":[{"href":"https:\/\/www.brikaelektrik.al\/al\/wp-json\/wp\/v2\/media?parent=2673"}],"wp:term":[{"taxonomy":"product_brand","embeddable":true,"href":"https:\/\/www.brikaelektrik.al\/al\/wp-json\/wp\/v2\/product_brand?post=2673"},{"taxonomy":"product_cat","embeddable":true,"href":"https:\/\/www.brikaelektrik.al\/al\/wp-json\/wp\/v2\/product_cat?post=2673"},{"taxonomy":"product_tag","embeddable":true,"href":"https:\/\/www.brikaelektrik.al\/al\/wp-json\/wp\/v2\/product_tag?post=2673"}],"curies":[{"name":"wp","href":"https:\/\/api.w.org\/{rel}","templated":true}]}}