{"id":2675,"date":"2025-08-05T10:10:32","date_gmt":"2025-08-05T10:10:32","guid":{"rendered":"https:\/\/www.brikaelektrik.al\/?post_type=product&#038;p=2675"},"modified":"2025-08-05T10:10:32","modified_gmt":"2025-08-05T10:10:32","slug":"suport-3p-ipp150","status":"publish","type":"product","link":"https:\/\/www.brikaelektrik.al\/al\/produkt\/suport-3p-ipp150\/","title":{"rendered":"SUPORT 3P IPP150"},"content":{"rendered":"<p>Seria: Classia<br data-start=\"62\" data-end=\"65\" \/>Lloji: Frame mb\u00ebshtet\u00ebse p\u00ebr 3 module, me fiksim me vid\u00eb<br data-start=\"175\" data-end=\"178\" \/>Montimi: Mural (flush\u2011mounted) p\u00ebr kornizat modulare Classia\u00a0<br data-start=\"280\" data-end=\"283\" \/>Ngjyra: E zez\u00eb (disponib\u00ebl edhe n\u00eb version \u201cmetallic\u201d)\u00a0<br data-start=\"379\" data-end=\"382\" \/>Mbrojtje: IP20 (standard brenda)\u00a0<br data-start=\"456\" data-end=\"459\" \/>Materiali: Tecnopolimer \/ plastik\u00eb termoplastike me insert metalik p\u00ebr rigidity shtuar\u00a0<br data-start=\"587\" data-end=\"590\" \/>Formati i priz\u00ebs: Mb\u00ebshtet 3 module standard Classia<br data-start=\"646\" data-end=\"649\" \/>P\u00ebrmasat: 79mm (lart\u00ebsi) \u00d7\u202f116mm (gjer\u00ebsi) \u00d7\u202f14mm (trash\u00ebsi standarde)\u00a0<br data-start=\"764\" data-end=\"767\" \/>Certifikime: CE; p\u00ebrputhshm\u00ebri me direktivat LVD\u202f2014\/35\/EU dhe EMC\u202f2014\/30\/EU; standard IEC; CB\u2011scheme\u00a0<br data-start=\"912\" data-end=\"915\" \/>Sistemi inovativ i mbajtjes s\u00eb cover plate siguron flush montimin n\u00eb mure dhe p\u00ebrputhshm\u00ebri perfekte me kornizat zyrtare Classia p\u00ebr 3 module<br \/>\nInserti metalik rrit rigiditetin dhe siguron kapje t\u00eb fuqishme t\u00eb vidave<br \/>\nMund t\u00eb instalohet dhe t\u00eb hiqet leht\u00eb, edhe p\u00ebr mure gipsi\/plasterboard<\/p>","protected":false},"excerpt":{"rendered":"<p>Seria: ClassiaLloji: Frame mb\u00ebshtet\u00ebse p\u00ebr 3 module, me fiksim me vid\u00ebMontimi: Mural (flush\u2011mounted) p\u00ebr kornizat modulare Classia\u00a0Ngjyra: E zez\u00eb (disponib\u00ebl edhe n\u00eb version \u201cmetallic\u201d)\u00a0Mbrojtje: IP20 (standard brenda)\u00a0Materiali: Tecnopolimer \/ plastik\u00eb termoplastike me insert metalik p\u00ebr rigidity shtuar\u00a0Formati i priz\u00ebs: Mb\u00ebshtet 3 module standard ClassiaP\u00ebrmasat: 79mm (lart\u00ebsi) \u00d7\u202f116mm (gjer\u00ebsi) \u00d7\u202f14mm (trash\u00ebsi standarde)\u00a0Certifikime: CE; p\u00ebrputhshm\u00ebri me direktivat [&hellip;]<\/p>","protected":false},"featured_media":2676,"comment_status":"open","ping_status":"closed","template":"","meta":{"_acf_changed":false},"product_brand":[],"product_cat":[40,63],"product_tag":[],"class_list":{"0":"post-2675","1":"product","2":"type-product","3":"status-publish","4":"has-post-thumbnail","6":"product_cat-serite-civile","7":"product_cat-classia","9":"first","10":"instock","11":"shipping-taxable","12":"product-type-simple"},"acf":[],"_links":{"self":[{"href":"https:\/\/www.brikaelektrik.al\/al\/wp-json\/wp\/v2\/product\/2675","targetHints":{"allow":["GET"]}}],"collection":[{"href":"https:\/\/www.brikaelektrik.al\/al\/wp-json\/wp\/v2\/product"}],"about":[{"href":"https:\/\/www.brikaelektrik.al\/al\/wp-json\/wp\/v2\/types\/product"}],"replies":[{"embeddable":true,"href":"https:\/\/www.brikaelektrik.al\/al\/wp-json\/wp\/v2\/comments?post=2675"}],"wp:featuredmedia":[{"embeddable":true,"href":"https:\/\/www.brikaelektrik.al\/al\/wp-json\/wp\/v2\/media\/2676"}],"wp:attachment":[{"href":"https:\/\/www.brikaelektrik.al\/al\/wp-json\/wp\/v2\/media?parent=2675"}],"wp:term":[{"taxonomy":"product_brand","embeddable":true,"href":"https:\/\/www.brikaelektrik.al\/al\/wp-json\/wp\/v2\/product_brand?post=2675"},{"taxonomy":"product_cat","embeddable":true,"href":"https:\/\/www.brikaelektrik.al\/al\/wp-json\/wp\/v2\/product_cat?post=2675"},{"taxonomy":"product_tag","embeddable":true,"href":"https:\/\/www.brikaelektrik.al\/al\/wp-json\/wp\/v2\/product_tag?post=2675"}],"curies":[{"name":"wp","href":"https:\/\/api.w.org\/{rel}","templated":true}]}}