{"id":2677,"date":"2025-08-05T10:13:06","date_gmt":"2025-08-05T10:13:06","guid":{"rendered":"https:\/\/www.brikaelektrik.al\/?post_type=product&#038;p=2677"},"modified":"2025-08-05T10:18:22","modified_gmt":"2025-08-05T10:18:22","slug":"suport-hermetik-i-bardhe-3p-ip55","status":"publish","type":"product","link":"https:\/\/www.brikaelektrik.al\/al\/produkt\/suport-hermetik-i-bardhe-3p-ip55\/","title":{"rendered":"SUPORT HERMETIK I BARDH\u00cb 3P IP55"},"content":{"rendered":"<p>Seria: Classia<br data-start=\"62\" data-end=\"65\" \/>Lloji: Kapak i pap\u00ebrshkuesh\u00ebm nga uji IP55, p\u00ebr 3 module (i bardh\u00eb &#8211; IP55 waterproof cover)<br data-start=\"210\" data-end=\"213\" data-is-only-node=\"\" \/>Montimi: Mural (flush\u2011mounted) mbi korniz\u00eb dhe struktur\u00eb mbajt\u00ebse p\u00ebr 3 module <br data-start=\"333\" data-end=\"336\" \/>Ngjyra: E bardh\u00eb\u00a0<br data-start=\"394\" data-end=\"397\" \/>Mbrojtje: IP55 p\u00ebr mbrojtje ndaj pluhurit dhe sp\u00ebrkasjes s\u00eb ujit; i p\u00ebrshtatsh\u00ebm p\u00ebr p\u00ebrdorim n\u00eb ambiente jasht\u00eb ose me lag\u00ebshti t\u00eb lart\u00eb\u00a0<br data-start=\"576\" data-end=\"579\" \/>Materiali: Tecnopolimer \/ plastik\u00eb ABS pa halogjen<br data-start=\"671\" data-end=\"674\" \/>Formati i priz\u00ebs: Italian standard, p\u00ebr 3 module Classia (Idrobox enclosures)\u00a0<br data-start=\"793\" data-end=\"796\" \/>P\u00ebrmasat: 86mm (lart\u00ebsi) \u00d7\u202f212mm (gjer\u00ebsi), trash\u00ebsi mbulimi standard montimi IP55<br data-start=\"922\" data-end=\"925\" \/>Certifikime: CE; p\u00ebrputhshm\u00ebri me direktivat evropiane LVD\u202f2014\/35\/EU dhe EMC\u202f2014\/30\/EU; ndjek standardet IEC; certifikim CB\u2011schem<\/p>","protected":false},"excerpt":{"rendered":"<p>Seria: ClassiaLloji: Kapak i pap\u00ebrshkuesh\u00ebm nga uji IP55, p\u00ebr 3 module (i bardh\u00eb &#8211; IP55 waterproof cover)Montimi: Mural (flush\u2011mounted) mbi korniz\u00eb dhe struktur\u00eb mbajt\u00ebse p\u00ebr 3 module Ngjyra: E bardh\u00eb\u00a0Mbrojtje: IP55 p\u00ebr mbrojtje ndaj pluhurit dhe sp\u00ebrkasjes s\u00eb ujit; i p\u00ebrshtatsh\u00ebm p\u00ebr p\u00ebrdorim n\u00eb ambiente jasht\u00eb ose me lag\u00ebshti t\u00eb lart\u00eb\u00a0Materiali: Tecnopolimer \/ plastik\u00eb ABS [&hellip;]<\/p>","protected":false},"featured_media":2678,"comment_status":"open","ping_status":"closed","template":"","meta":{"_acf_changed":false},"product_brand":[],"product_cat":[40,63],"product_tag":[],"class_list":{"0":"post-2677","1":"product","2":"type-product","3":"status-publish","4":"has-post-thumbnail","6":"product_cat-serite-civile","7":"product_cat-classia","9":"first","10":"instock","11":"shipping-taxable","12":"product-type-simple"},"acf":[],"_links":{"self":[{"href":"https:\/\/www.brikaelektrik.al\/al\/wp-json\/wp\/v2\/product\/2677","targetHints":{"allow":["GET"]}}],"collection":[{"href":"https:\/\/www.brikaelektrik.al\/al\/wp-json\/wp\/v2\/product"}],"about":[{"href":"https:\/\/www.brikaelektrik.al\/al\/wp-json\/wp\/v2\/types\/product"}],"replies":[{"embeddable":true,"href":"https:\/\/www.brikaelektrik.al\/al\/wp-json\/wp\/v2\/comments?post=2677"}],"wp:featuredmedia":[{"embeddable":true,"href":"https:\/\/www.brikaelektrik.al\/al\/wp-json\/wp\/v2\/media\/2678"}],"wp:attachment":[{"href":"https:\/\/www.brikaelektrik.al\/al\/wp-json\/wp\/v2\/media?parent=2677"}],"wp:term":[{"taxonomy":"product_brand","embeddable":true,"href":"https:\/\/www.brikaelektrik.al\/al\/wp-json\/wp\/v2\/product_brand?post=2677"},{"taxonomy":"product_cat","embeddable":true,"href":"https:\/\/www.brikaelektrik.al\/al\/wp-json\/wp\/v2\/product_cat?post=2677"},{"taxonomy":"product_tag","embeddable":true,"href":"https:\/\/www.brikaelektrik.al\/al\/wp-json\/wp\/v2\/product_tag?post=2677"}],"curies":[{"name":"wp","href":"https:\/\/api.w.org\/{rel}","templated":true}]}}