{"id":2679,"date":"2025-08-05T10:16:19","date_gmt":"2025-08-05T10:16:19","guid":{"rendered":"https:\/\/www.brikaelektrik.al\/?post_type=product&#038;p=2679"},"modified":"2025-08-05T10:19:26","modified_gmt":"2025-08-05T10:19:26","slug":"kapak-i-bardhe-mat-me-kornize-krem-3p","status":"publish","type":"product","link":"https:\/\/www.brikaelektrik.al\/al\/produkt\/kapak-i-bardhe-mat-me-kornize-krem-3p\/","title":{"rendered":"KAPAK I BARDH\u00cb MAT ME KORNIZ\u00cb KREM 3P"},"content":{"rendered":"<p>Seria: Classia<br data-start=\"266\" data-end=\"269\" \/>Lloji: Kapak mb\u00ebshtet\u00ebs p\u00ebr 3 module, ngjyra e bardh\u00eb satin (satin white)<br data-start=\"396\" data-end=\"399\" \/>Montimi: Mural (flush\u2011mounted) mbi struktur\u00eb mbajt\u00ebse p\u00ebr 3 module, i p\u00ebrshtatsh\u00ebm p\u00ebr kutit\u00eb BTicino 503E (muri i betonit) dhe BP503N (gipsi)<br data-start=\"545\" data-end=\"548\" \/>Ngjyra: E bardh\u00eb satin<br data-start=\"592\" data-end=\"595\" \/>Materiali: Tecnopolimer (plastik\u00eb termoplastike)<br data-start=\"647\" data-end=\"650\" \/>Formati i priz\u00ebs: Italian standard p\u00ebr 3 module<br data-start=\"701\" data-end=\"704\" \/>P\u00ebrmasat: 86mm (lart\u00ebsi) \u00d7\u202f122mm (gjer\u00ebsi)<br data-start=\"752\" data-end=\"755\" \/>Certifikime: CE, p\u00ebrputhje me direktivat LVD 2014\/35\/EU dhe EMC 2014\/30\/EU, ndjek standardet IEC, certifikim CB-scheme<br data-start=\"877\" data-end=\"880\" \/>Specifikime shtes\u00eb: Dizajn modern dhe minimalist, i p\u00ebrshtatsh\u00ebm p\u00ebr p\u00ebrdorim n\u00eb ambiente t\u00eb brendshme; mund t\u00eb kombinohet me mekanizma t\u00eb ndrysh\u00ebm t\u00eb seris\u00eb Classia p\u00ebr t\u00eb krijuar kompozime t\u00eb personalizuara<\/p>","protected":false},"excerpt":{"rendered":"<p>Seria: ClassiaLloji: Kapak mb\u00ebshtet\u00ebs p\u00ebr 3 module, ngjyra e bardh\u00eb satin (satin white)Montimi: Mural (flush\u2011mounted) mbi struktur\u00eb mbajt\u00ebse p\u00ebr 3 module, i p\u00ebrshtatsh\u00ebm p\u00ebr kutit\u00eb BTicino 503E (muri i betonit) dhe BP503N (gipsi)Ngjyra: E bardh\u00eb satinMateriali: Tecnopolimer (plastik\u00eb termoplastike)Formati i priz\u00ebs: Italian standard p\u00ebr 3 moduleP\u00ebrmasat: 86mm (lart\u00ebsi) \u00d7\u202f122mm (gjer\u00ebsi)Certifikime: CE, p\u00ebrputhje me direktivat LVD [&hellip;]<\/p>","protected":false},"featured_media":2682,"comment_status":"open","ping_status":"closed","template":"","meta":{"_acf_changed":false},"product_brand":[],"product_cat":[40,63],"product_tag":[],"class_list":{"0":"post-2679","1":"product","2":"type-product","3":"status-publish","4":"has-post-thumbnail","6":"product_cat-serite-civile","7":"product_cat-classia","9":"first","10":"instock","11":"shipping-taxable","12":"product-type-simple"},"acf":[],"_links":{"self":[{"href":"https:\/\/www.brikaelektrik.al\/al\/wp-json\/wp\/v2\/product\/2679","targetHints":{"allow":["GET"]}}],"collection":[{"href":"https:\/\/www.brikaelektrik.al\/al\/wp-json\/wp\/v2\/product"}],"about":[{"href":"https:\/\/www.brikaelektrik.al\/al\/wp-json\/wp\/v2\/types\/product"}],"replies":[{"embeddable":true,"href":"https:\/\/www.brikaelektrik.al\/al\/wp-json\/wp\/v2\/comments?post=2679"}],"wp:featuredmedia":[{"embeddable":true,"href":"https:\/\/www.brikaelektrik.al\/al\/wp-json\/wp\/v2\/media\/2682"}],"wp:attachment":[{"href":"https:\/\/www.brikaelektrik.al\/al\/wp-json\/wp\/v2\/media?parent=2679"}],"wp:term":[{"taxonomy":"product_brand","embeddable":true,"href":"https:\/\/www.brikaelektrik.al\/al\/wp-json\/wp\/v2\/product_brand?post=2679"},{"taxonomy":"product_cat","embeddable":true,"href":"https:\/\/www.brikaelektrik.al\/al\/wp-json\/wp\/v2\/product_cat?post=2679"},{"taxonomy":"product_tag","embeddable":true,"href":"https:\/\/www.brikaelektrik.al\/al\/wp-json\/wp\/v2\/product_tag?post=2679"}],"curies":[{"name":"wp","href":"https:\/\/api.w.org\/{rel}","templated":true}]}}