{"id":2685,"date":"2025-08-05T10:28:47","date_gmt":"2025-08-05T10:28:47","guid":{"rendered":"https:\/\/www.brikaelektrik.al\/?post_type=product&#038;p=2685"},"modified":"2025-08-05T10:28:47","modified_gmt":"2025-08-05T10:28:47","slug":"kapak-i-bardhe-mat-me-kornize-krem-4p","status":"publish","type":"product","link":"https:\/\/www.brikaelektrik.al\/al\/produkt\/kapak-i-bardhe-mat-me-kornize-krem-4p\/","title":{"rendered":"KAPAK I BARDH\u00cb MAT ME KORNIZ\u00cb KREM 4P"},"content":{"rendered":"<p>Seria: Classia<br data-start=\"226\" data-end=\"229\" \/>Lloji: Kapak mb\u00ebshtet\u00ebs p\u00ebr 4 module, ngjyra e bardh\u00eb satin (satin white)<br data-start=\"356\" data-end=\"359\" data-is-only-node=\"\" \/>Montimi: Mural (flush\u2011mounted) mbi struktur\u00eb mbajt\u00ebse p\u00ebr 4 module, i p\u00ebrshtatsh\u00ebm p\u00ebr kutit\u00eb BTicino 504E (muri i betonit) dhe BP504N (gipsi)<br data-start=\"505\" data-end=\"508\" \/>Ngjyra: E bardh\u00eb satin<br data-start=\"552\" data-end=\"555\" \/>Materiali: Tecnopolimer (plastik\u00eb termoplastike)<br data-start=\"607\" data-end=\"610\" \/>Formati i priz\u00ebs: Italian standard p\u00ebr 4 module<br data-start=\"661\" data-end=\"664\" \/>P\u00ebrmasat: 86mm (lart\u00ebsi) \u00d7\u202f144,5mm (gjer\u00ebsi)<br data-start=\"714\" data-end=\"717\" \/>Certifikime: CE, p\u00ebrputhje me direktivat LVD 2014\/35\/EU dhe EMC 2014\/30\/EU, ndjek standardet IEC, certifikim CB-scheme<br data-start=\"839\" data-end=\"842\" \/>Dizajn modern dhe minimalist, i p\u00ebrshtatsh\u00ebm p\u00ebr p\u00ebrdorim n\u00eb ambiente t\u00eb brendshme; mund t\u00eb kombinohet me mekanizma t\u00eb ndrysh\u00ebm t\u00eb seris\u00eb Classia p\u00ebr t\u00eb krijuar kompozime t\u00eb personalizuara<\/p>","protected":false},"excerpt":{"rendered":"<p>Seria: ClassiaLloji: Kapak mb\u00ebshtet\u00ebs p\u00ebr 4 module, ngjyra e bardh\u00eb satin (satin white)Montimi: Mural (flush\u2011mounted) mbi struktur\u00eb mbajt\u00ebse p\u00ebr 4 module, i p\u00ebrshtatsh\u00ebm p\u00ebr kutit\u00eb BTicino 504E (muri i betonit) dhe BP504N (gipsi)Ngjyra: E bardh\u00eb satinMateriali: Tecnopolimer (plastik\u00eb termoplastike)Formati i priz\u00ebs: Italian standard p\u00ebr 4 moduleP\u00ebrmasat: 86mm (lart\u00ebsi) \u00d7\u202f144,5mm (gjer\u00ebsi)Certifikime: CE, p\u00ebrputhje me direktivat LVD [&hellip;]<\/p>","protected":false},"featured_media":2686,"comment_status":"open","ping_status":"closed","template":"","meta":{"_acf_changed":false},"product_brand":[],"product_cat":[40,63],"product_tag":[],"class_list":{"0":"post-2685","1":"product","2":"type-product","3":"status-publish","4":"has-post-thumbnail","6":"product_cat-serite-civile","7":"product_cat-classia","9":"first","10":"instock","11":"shipping-taxable","12":"product-type-simple"},"acf":[],"_links":{"self":[{"href":"https:\/\/www.brikaelektrik.al\/al\/wp-json\/wp\/v2\/product\/2685","targetHints":{"allow":["GET"]}}],"collection":[{"href":"https:\/\/www.brikaelektrik.al\/al\/wp-json\/wp\/v2\/product"}],"about":[{"href":"https:\/\/www.brikaelektrik.al\/al\/wp-json\/wp\/v2\/types\/product"}],"replies":[{"embeddable":true,"href":"https:\/\/www.brikaelektrik.al\/al\/wp-json\/wp\/v2\/comments?post=2685"}],"wp:featuredmedia":[{"embeddable":true,"href":"https:\/\/www.brikaelektrik.al\/al\/wp-json\/wp\/v2\/media\/2686"}],"wp:attachment":[{"href":"https:\/\/www.brikaelektrik.al\/al\/wp-json\/wp\/v2\/media?parent=2685"}],"wp:term":[{"taxonomy":"product_brand","embeddable":true,"href":"https:\/\/www.brikaelektrik.al\/al\/wp-json\/wp\/v2\/product_brand?post=2685"},{"taxonomy":"product_cat","embeddable":true,"href":"https:\/\/www.brikaelektrik.al\/al\/wp-json\/wp\/v2\/product_cat?post=2685"},{"taxonomy":"product_tag","embeddable":true,"href":"https:\/\/www.brikaelektrik.al\/al\/wp-json\/wp\/v2\/product_tag?post=2685"}],"curies":[{"name":"wp","href":"https:\/\/api.w.org\/{rel}","templated":true}]}}