{"id":2687,"date":"2025-08-05T10:39:49","date_gmt":"2025-08-05T10:39:49","guid":{"rendered":"https:\/\/www.brikaelektrik.al\/?post_type=product&#038;p=2687"},"modified":"2025-08-05T10:41:40","modified_gmt":"2025-08-05T10:41:40","slug":"prize-karikuese-1m-usb-3a-tipi-a-c-e-zeze","status":"publish","type":"product","link":"https:\/\/www.brikaelektrik.al\/al\/produkt\/prize-karikuese-1m-usb-3a-tipi-a-c-e-zeze\/","title":{"rendered":"PRIZ\u00cb KARIKUESE 1M USB 3A TIPI A\/C E ZEZ\u00cb"},"content":{"rendered":"<p>Seria: Classia<br data-start=\"267\" data-end=\"270\" \/>Lloji: Karikues USB me 2 porte (Type A dhe Type C), 15W (3A)<br data-start=\"334\" data-end=\"337\" \/>Rryma nominale \/ Fuqia: 15W<br data-start=\"368\" data-end=\"371\" \/>Tensioni: 100\u2013240V AC<br data-start=\"396\" data-end=\"399\" \/>Montimi: Mural (flush\u2011mounted) mbi struktur\u00eb mbajt\u00ebse p\u00ebr 1 modul<br data-start=\"468\" data-end=\"471\" \/>Ngjyra: E zez\u00eb satin<br data-start=\"513\" data-end=\"516\" \/>Materiali: Tecnopolimer<br data-start=\"543\" data-end=\"546\" \/>Formati i priz\u00ebs: 1 modul Italian standard Classia<br data-start=\"600\" data-end=\"603\" \/>P\u00ebrmasat: 45\u202f\u00d7\u202f22,5mm<br data-start=\"629\" data-end=\"632\" \/>Certifikime: CE; p\u00ebrputhje me direktivat LVD 2014\/35\/EU dhe EMC 2014\/30\/EU; ndjek standardet IEC; certifikim CB-scheme<br data-start=\"754\" data-end=\"757\" \/>Specifikime shtes\u00eb: Karikim i shpejt\u00eb deri n\u00eb 15W p\u00ebr pajisje t\u00eb vetme ose deri n\u00eb 3A p\u00ebr dy pajisje paralelisht; konsum n\u00eb pritje 0,1W<\/p>","protected":false},"excerpt":{"rendered":"<p>Seria: ClassiaLloji: Karikues USB me 2 porte (Type A dhe Type C), 15W (3A)Rryma nominale \/ Fuqia: 15WTensioni: 100\u2013240V ACMontimi: Mural (flush\u2011mounted) mbi struktur\u00eb mbajt\u00ebse p\u00ebr 1 modulNgjyra: E zez\u00eb satinMateriali: TecnopolimerFormati i priz\u00ebs: 1 modul Italian standard ClassiaP\u00ebrmasat: 45\u202f\u00d7\u202f22,5mmCertifikime: CE; p\u00ebrputhje me direktivat LVD 2014\/35\/EU dhe EMC 2014\/30\/EU; ndjek standardet IEC; certifikim CB-schemeSpecifikime shtes\u00eb: [&hellip;]<\/p>","protected":false},"featured_media":2688,"comment_status":"open","ping_status":"closed","template":"","meta":{"_acf_changed":false},"product_brand":[],"product_cat":[40,63],"product_tag":[],"class_list":{"0":"post-2687","1":"product","2":"type-product","3":"status-publish","4":"has-post-thumbnail","6":"product_cat-serite-civile","7":"product_cat-classia","9":"first","10":"instock","11":"shipping-taxable","12":"product-type-simple"},"acf":[],"_links":{"self":[{"href":"https:\/\/www.brikaelektrik.al\/al\/wp-json\/wp\/v2\/product\/2687","targetHints":{"allow":["GET"]}}],"collection":[{"href":"https:\/\/www.brikaelektrik.al\/al\/wp-json\/wp\/v2\/product"}],"about":[{"href":"https:\/\/www.brikaelektrik.al\/al\/wp-json\/wp\/v2\/types\/product"}],"replies":[{"embeddable":true,"href":"https:\/\/www.brikaelektrik.al\/al\/wp-json\/wp\/v2\/comments?post=2687"}],"wp:featuredmedia":[{"embeddable":true,"href":"https:\/\/www.brikaelektrik.al\/al\/wp-json\/wp\/v2\/media\/2688"}],"wp:attachment":[{"href":"https:\/\/www.brikaelektrik.al\/al\/wp-json\/wp\/v2\/media?parent=2687"}],"wp:term":[{"taxonomy":"product_brand","embeddable":true,"href":"https:\/\/www.brikaelektrik.al\/al\/wp-json\/wp\/v2\/product_brand?post=2687"},{"taxonomy":"product_cat","embeddable":true,"href":"https:\/\/www.brikaelektrik.al\/al\/wp-json\/wp\/v2\/product_cat?post=2687"},{"taxonomy":"product_tag","embeddable":true,"href":"https:\/\/www.brikaelektrik.al\/al\/wp-json\/wp\/v2\/product_tag?post=2687"}],"curies":[{"name":"wp","href":"https:\/\/api.w.org\/{rel}","templated":true}]}}