{"id":2689,"date":"2025-08-05T10:44:37","date_gmt":"2025-08-05T10:44:37","guid":{"rendered":"https:\/\/www.brikaelektrik.al\/?post_type=product&#038;p=2689"},"modified":"2025-08-05T10:44:38","modified_gmt":"2025-08-05T10:44:38","slug":"tape-fallco-e-zeze","status":"publish","type":"product","link":"https:\/\/www.brikaelektrik.al\/al\/produkt\/tape-fallco-e-zeze\/","title":{"rendered":"TAP\u00cb FALLCO E ZEZ\u00cb"},"content":{"rendered":"<p>Seria: Classia<br data-start=\"125\" data-end=\"128\" \/>Lloji: Kapak mbush\u00ebs (blank plate) p\u00ebr 1 modul<br data-start=\"228\" data-end=\"231\" \/>Montimi: Flush-mounted (mural) p\u00ebr korniza modulare Classia<br data-start=\"294\" data-end=\"297\" data-is-only-node=\"\" \/>Ngjyra: E zez\u00eb matte\u00a0<br data-start=\"411\" data-end=\"414\" \/>Mbrojtje: IP20 (standard p\u00ebr ambient t\u00eb brendsh\u00ebm)<br data-start=\"506\" data-end=\"509\" \/>Materiali: Plastic ABS pa halogjen<br data-start=\"585\" data-end=\"588\" \/>Formati i priz\u00ebs: Italian standard, p\u00ebr 1 modul Classia<br data-start=\"647\" data-end=\"650\" \/>P\u00ebrmasat: 45.1mm (lart\u00ebsi) \u00d7\u202f22.3mm (gjer\u00ebsi) \u00d7\u202f22.5mm (thell\u00ebsi)\u00a0<br data-start=\"760\" data-end=\"763\" \/>Certifikime: CE; p\u00ebrputhet me direktivat LVD\u202f2014\/35\/EU dhe EMC\u202f2014\/30\/EU; standardet IEC; CB-scheme\u00a0<br data-start=\"906\" data-end=\"909\" \/>Ideale p\u00ebr mbulimin e moduleve t\u00eb pap\u00ebrdorura p\u00ebr nj\u00eb pamje t\u00eb past\u00ebr dhe t\u00eb strukturuar n\u00eb instalime Classia<\/p>","protected":false},"excerpt":{"rendered":"<p>Seria: ClassiaLloji: Kapak mbush\u00ebs (blank plate) p\u00ebr 1 modulMontimi: Flush-mounted (mural) p\u00ebr korniza modulare ClassiaNgjyra: E zez\u00eb matte\u00a0Mbrojtje: IP20 (standard p\u00ebr ambient t\u00eb brendsh\u00ebm)Materiali: Plastic ABS pa halogjenFormati i priz\u00ebs: Italian standard, p\u00ebr 1 modul ClassiaP\u00ebrmasat: 45.1mm (lart\u00ebsi) \u00d7\u202f22.3mm (gjer\u00ebsi) \u00d7\u202f22.5mm (thell\u00ebsi)\u00a0Certifikime: CE; p\u00ebrputhet me direktivat LVD\u202f2014\/35\/EU dhe EMC\u202f2014\/30\/EU; standardet IEC; CB-scheme\u00a0Ideale p\u00ebr mbulimin e [&hellip;]<\/p>","protected":false},"featured_media":2690,"comment_status":"open","ping_status":"closed","template":"","meta":{"_acf_changed":false},"product_brand":[],"product_cat":[40,63],"product_tag":[],"class_list":{"0":"post-2689","1":"product","2":"type-product","3":"status-publish","4":"has-post-thumbnail","6":"product_cat-serite-civile","7":"product_cat-classia","9":"first","10":"instock","11":"shipping-taxable","12":"product-type-simple"},"acf":[],"_links":{"self":[{"href":"https:\/\/www.brikaelektrik.al\/al\/wp-json\/wp\/v2\/product\/2689","targetHints":{"allow":["GET"]}}],"collection":[{"href":"https:\/\/www.brikaelektrik.al\/al\/wp-json\/wp\/v2\/product"}],"about":[{"href":"https:\/\/www.brikaelektrik.al\/al\/wp-json\/wp\/v2\/types\/product"}],"replies":[{"embeddable":true,"href":"https:\/\/www.brikaelektrik.al\/al\/wp-json\/wp\/v2\/comments?post=2689"}],"wp:featuredmedia":[{"embeddable":true,"href":"https:\/\/www.brikaelektrik.al\/al\/wp-json\/wp\/v2\/media\/2690"}],"wp:attachment":[{"href":"https:\/\/www.brikaelektrik.al\/al\/wp-json\/wp\/v2\/media?parent=2689"}],"wp:term":[{"taxonomy":"product_brand","embeddable":true,"href":"https:\/\/www.brikaelektrik.al\/al\/wp-json\/wp\/v2\/product_brand?post=2689"},{"taxonomy":"product_cat","embeddable":true,"href":"https:\/\/www.brikaelektrik.al\/al\/wp-json\/wp\/v2\/product_cat?post=2689"},{"taxonomy":"product_tag","embeddable":true,"href":"https:\/\/www.brikaelektrik.al\/al\/wp-json\/wp\/v2\/product_tag?post=2689"}],"curies":[{"name":"wp","href":"https:\/\/api.w.org\/{rel}","templated":true}]}}