{"id":2691,"date":"2025-08-05T10:49:03","date_gmt":"2025-08-05T10:49:03","guid":{"rendered":"https:\/\/www.brikaelektrik.al\/?post_type=product&#038;p=2691"},"modified":"2025-08-05T10:49:03","modified_gmt":"2025-08-05T10:49:03","slug":"pulsant-qepeni-0-1-2-i-bardhe","status":"publish","type":"product","link":"https:\/\/www.brikaelektrik.al\/al\/produkt\/pulsant-qepeni-0-1-2-i-bardhe\/","title":{"rendered":"PULSANT QEPENI 0-1-2 I BARDH\u00cb"},"content":{"rendered":"<p>Seria: Classia<br data-start=\"62\" data-end=\"65\" \/>Lloji: Double pushbutton 1P (NO) + 1P (NO), interlocked (butona p\u00ebr ngjitje\/d\u00ebmtim persiana)<br data-start=\"161\" data-end=\"164\" \/>Rryma nominale \/ Fuqia: 10A<br data-start=\"196\" data-end=\"199\" \/>Tensioni: 250V\u202fAC\u00a0<br data-start=\"259\" data-end=\"262\" \/>Montimi: Mural (flush\u2011mounted), 1 modul standard\u00a0<br data-start=\"352\" data-end=\"355\" \/>Ngjyra: E bardh\u00eb glossy (ekziston edhe varianti e zez\u00eb RG4037N dhe e aluminit RA4037N)<br data-start=\"483\" data-end=\"486\" \/>Mbrojtje: IP40 kur instalohet plot\u00ebsisht me cover plate dhe korniz\u00eb Classia; IK04 p\u00ebr rezistenc\u00ebn ndaj goditjeve\u00a0<br data-start=\"640\" data-end=\"643\" \/>Materiali: PC (korpus) dhe ABS\/PC pa halogjen, vet\u00eb-shkrihuese dhe rezistente ndaj UV<br data-start=\"770\" data-end=\"773\" \/>Formati i priz\u00ebs: 1 modul standard Italian Classia<br data-start=\"827\" data-end=\"830\" \/>P\u00ebrmasat: 45.1mm (lart\u00ebsi) \u00d7 22.3mm (gjer\u00ebsi) \u00d7 25.7mm (thell\u00ebsi)<br data-start=\"940\" data-end=\"943\" \/>Certifikime: CE; p\u00ebrputhje me direktivat evropiane<\/p>","protected":false},"excerpt":{"rendered":"<p>Seria: ClassiaLloji: Double pushbutton 1P (NO) + 1P (NO), interlocked (butona p\u00ebr ngjitje\/d\u00ebmtim persiana)Rryma nominale \/ Fuqia: 10ATensioni: 250V\u202fAC\u00a0Montimi: Mural (flush\u2011mounted), 1 modul standard\u00a0Ngjyra: E bardh\u00eb glossy (ekziston edhe varianti e zez\u00eb RG4037N dhe e aluminit RA4037N)Mbrojtje: IP40 kur instalohet plot\u00ebsisht me cover plate dhe korniz\u00eb Classia; IK04 p\u00ebr rezistenc\u00ebn ndaj goditjeve\u00a0Materiali: PC (korpus) dhe [&hellip;]<\/p>","protected":false},"featured_media":2692,"comment_status":"open","ping_status":"closed","template":"","meta":{"_acf_changed":false},"product_brand":[],"product_cat":[40,63],"product_tag":[],"class_list":{"0":"post-2691","1":"product","2":"type-product","3":"status-publish","4":"has-post-thumbnail","6":"product_cat-serite-civile","7":"product_cat-classia","9":"first","10":"instock","11":"shipping-taxable","12":"product-type-simple"},"acf":[],"_links":{"self":[{"href":"https:\/\/www.brikaelektrik.al\/al\/wp-json\/wp\/v2\/product\/2691","targetHints":{"allow":["GET"]}}],"collection":[{"href":"https:\/\/www.brikaelektrik.al\/al\/wp-json\/wp\/v2\/product"}],"about":[{"href":"https:\/\/www.brikaelektrik.al\/al\/wp-json\/wp\/v2\/types\/product"}],"replies":[{"embeddable":true,"href":"https:\/\/www.brikaelektrik.al\/al\/wp-json\/wp\/v2\/comments?post=2691"}],"wp:featuredmedia":[{"embeddable":true,"href":"https:\/\/www.brikaelektrik.al\/al\/wp-json\/wp\/v2\/media\/2692"}],"wp:attachment":[{"href":"https:\/\/www.brikaelektrik.al\/al\/wp-json\/wp\/v2\/media?parent=2691"}],"wp:term":[{"taxonomy":"product_brand","embeddable":true,"href":"https:\/\/www.brikaelektrik.al\/al\/wp-json\/wp\/v2\/product_brand?post=2691"},{"taxonomy":"product_cat","embeddable":true,"href":"https:\/\/www.brikaelektrik.al\/al\/wp-json\/wp\/v2\/product_cat?post=2691"},{"taxonomy":"product_tag","embeddable":true,"href":"https:\/\/www.brikaelektrik.al\/al\/wp-json\/wp\/v2\/product_tag?post=2691"}],"curies":[{"name":"wp","href":"https:\/\/api.w.org\/{rel}","templated":true}]}}