{"id":2693,"date":"2025-08-05T10:54:21","date_gmt":"2025-08-05T10:54:21","guid":{"rendered":"https:\/\/www.brikaelektrik.al\/?post_type=product&#038;p=2693"},"modified":"2025-08-05T11:21:14","modified_gmt":"2025-08-05T11:21:14","slug":"2693","status":"publish","type":"product","link":"https:\/\/www.brikaelektrik.al\/al\/produkt\/2693\/","title":{"rendered":"TERMOSTAT ELEKTRONIK DHOME 2A 250V 2M I BARDH\u00cb"},"content":{"rendered":"<p>Seria: Classia<br data-start=\"62\" data-end=\"65\" \/>Lloji: Termostat dhome elektronik me rele (relay output), me nj\u00eb kontakt nd\u00ebrprer\u00ebs 2\u202fA<br data-start=\"156\" data-end=\"159\" \/>Rryma nominale \/ Fuqia: 5(2)\u202fA input current ~ 2\u202fA output rel\u00e8<br data-start=\"225\" data-end=\"228\" \/>Tensioni: 230\u202fV\u202fAC 50\/60\u202fHz<br data-start=\"259\" data-end=\"262\" data-is-only-node=\"\" \/>Montimi: Flush\u2011mounted (mural), sistemi modular Classia, 2 module\u00a0<br data-start=\"369\" data-end=\"372\" \/>Ngjyra: E bardh\u00eb glossy<br data-start=\"399\" data-end=\"402\" \/>Mbrojtje: IP20, pa mbrojtje kund\u00ebr lag\u00ebshtis\u00eb<br data-start=\"489\" data-end=\"492\" \/>Materiali: ABS \/ tecnopolimer pa halogjen<br data-start=\"537\" data-end=\"540\" \/>Formati i priz\u00ebs: 2 module standard Classia<br data-start=\"587\" data-end=\"590\" \/>P\u00ebrmasat: 45.1mm (lart\u00ebsi) \u00d7 44.7mm (gjer\u00ebsi) \u00d7 41.5mm (thell\u00ebsi)<\/p>","protected":false},"excerpt":{"rendered":"<p>Seria: ClassiaLloji: Termostat dhome elektronik me rele (relay output), me nj\u00eb kontakt nd\u00ebrprer\u00ebs 2\u202fARryma nominale \/ Fuqia: 5(2)\u202fA input current ~ 2\u202fA output rel\u00e8Tensioni: 230\u202fV\u202fAC 50\/60\u202fHzMontimi: Flush\u2011mounted (mural), sistemi modular Classia, 2 module\u00a0Ngjyra: E bardh\u00eb glossyMbrojtje: IP20, pa mbrojtje kund\u00ebr lag\u00ebshtis\u00ebMateriali: ABS \/ tecnopolimer pa halogjenFormati i priz\u00ebs: 2 module standard ClassiaP\u00ebrmasat: 45.1mm (lart\u00ebsi) \u00d7 [&hellip;]<\/p>","protected":false},"featured_media":2694,"comment_status":"open","ping_status":"closed","template":"","meta":{"_acf_changed":false},"product_brand":[],"product_cat":[40,63],"product_tag":[],"class_list":{"0":"post-2693","1":"product","2":"type-product","3":"status-publish","4":"has-post-thumbnail","6":"product_cat-serite-civile","7":"product_cat-classia","9":"first","10":"instock","11":"shipping-taxable","12":"product-type-simple"},"acf":[],"_links":{"self":[{"href":"https:\/\/www.brikaelektrik.al\/al\/wp-json\/wp\/v2\/product\/2693","targetHints":{"allow":["GET"]}}],"collection":[{"href":"https:\/\/www.brikaelektrik.al\/al\/wp-json\/wp\/v2\/product"}],"about":[{"href":"https:\/\/www.brikaelektrik.al\/al\/wp-json\/wp\/v2\/types\/product"}],"replies":[{"embeddable":true,"href":"https:\/\/www.brikaelektrik.al\/al\/wp-json\/wp\/v2\/comments?post=2693"}],"wp:featuredmedia":[{"embeddable":true,"href":"https:\/\/www.brikaelektrik.al\/al\/wp-json\/wp\/v2\/media\/2694"}],"wp:attachment":[{"href":"https:\/\/www.brikaelektrik.al\/al\/wp-json\/wp\/v2\/media?parent=2693"}],"wp:term":[{"taxonomy":"product_brand","embeddable":true,"href":"https:\/\/www.brikaelektrik.al\/al\/wp-json\/wp\/v2\/product_brand?post=2693"},{"taxonomy":"product_cat","embeddable":true,"href":"https:\/\/www.brikaelektrik.al\/al\/wp-json\/wp\/v2\/product_cat?post=2693"},{"taxonomy":"product_tag","embeddable":true,"href":"https:\/\/www.brikaelektrik.al\/al\/wp-json\/wp\/v2\/product_tag?post=2693"}],"curies":[{"name":"wp","href":"https:\/\/api.w.org\/{rel}","templated":true}]}}