{"id":2697,"date":"2025-08-05T13:55:58","date_gmt":"2025-08-05T13:55:58","guid":{"rendered":"https:\/\/www.brikaelektrik.al\/?post_type=product&#038;p=2697"},"modified":"2025-08-05T13:55:58","modified_gmt":"2025-08-05T13:55:58","slug":"shuko-e-bardhe-2pe-16a","status":"publish","type":"product","link":"https:\/\/www.brikaelektrik.al\/al\/produkt\/shuko-e-bardhe-2pe-16a\/","title":{"rendered":"SHUKO E BARDH\u00cb 2P+E 16A"},"content":{"rendered":"<p>Seria: Classia<br data-start=\"62\" data-end=\"65\" \/>Lloji: Priz\u00eb socket 2P+T p\u00ebr standarde Italian dhe Gjerman (10\u201316A)<br data-start=\"137\" data-end=\"140\" \/>Rryma nominale \/ Fuqia: 16\u202fA (punon edhe n\u00eb 10A)<br data-start=\"231\" data-end=\"234\" \/>Tensioni: 250V\u202fAC\u00a0<br data-start=\"294\" data-end=\"297\" \/>Montimi: Flush\u2011mounted (mural), 2 module standard Italian Classia\u00a0<br data-start=\"404\" data-end=\"407\" \/>Ngjyra: E bardh\u00eb glossy\u00a0<br data-start=\"472\" data-end=\"475\" \/>Mbrojtje: IP20 (standard p\u00ebr ambient t\u00eb brendsh\u00ebm)\u00a0<br data-start=\"567\" data-end=\"570\" \/>Materiali: Tecnopolimer \/ plastik\u00eb ABS pa halogjen\u00a0<br data-start=\"662\" data-end=\"665\" \/>Formati i priz\u00ebs: 2 module Italian standard (distanc\u00eb boshtesh 19\u202fmm dhe\u202f26\u202fmm)\u00a0<br data-start=\"786\" data-end=\"789\" \/>P\u00ebrmasat: 86mm (lart\u00ebsi) \u00d7 144mm\u202f(gjer\u00ebsi) \u00d7 trash\u00ebsi standarde instalimi (me sistem klip)<br data-start=\"923\" data-end=\"926\" \/>Certifikime: CE; p\u00ebrputhje me direktivat LVD\u202f2014\/35\/EU dhe EMC\u202f2014\/30\/EU; standard IEC; CB\u2011scheme\u00a0<br data-start=\"1093\" data-end=\"1096\" \/><span class=\"relative -mx-px my-[-0.2rem] rounded px-px py-[0.2rem] transition-colors duration-100 ease-in-out\">Ky produkt ka kontakte t\u00eb mbrojtura \u201ctulip\u201d p\u00ebr siguri m\u00eb t\u00eb lart\u00eb, kontakt tok\u00ebzimi lateral p\u00ebr standard gjerman, pajtueshm\u00ebri me prizat italiane 2P dhe 2P+T 16\u202fA, si dhe instalim t\u00eb shpejt\u00eb flush-mounted mbi struktur\u00eb mb\u00ebshtet\u00ebse zyrtare Classia<\/span><\/p>","protected":false},"excerpt":{"rendered":"<p>Seria: ClassiaLloji: Priz\u00eb socket 2P+T p\u00ebr standarde Italian dhe Gjerman (10\u201316A)Rryma nominale \/ Fuqia: 16\u202fA (punon edhe n\u00eb 10A)Tensioni: 250V\u202fAC\u00a0Montimi: Flush\u2011mounted (mural), 2 module standard Italian Classia\u00a0Ngjyra: E bardh\u00eb glossy\u00a0Mbrojtje: IP20 (standard p\u00ebr ambient t\u00eb brendsh\u00ebm)\u00a0Materiali: Tecnopolimer \/ plastik\u00eb ABS pa halogjen\u00a0Formati i priz\u00ebs: 2 module Italian standard (distanc\u00eb boshtesh 19\u202fmm dhe\u202f26\u202fmm)\u00a0P\u00ebrmasat: 86mm (lart\u00ebsi) \u00d7 [&hellip;]<\/p>","protected":false},"featured_media":2698,"comment_status":"open","ping_status":"closed","template":"","meta":{"_acf_changed":false},"product_brand":[],"product_cat":[40,63],"product_tag":[],"class_list":{"0":"post-2697","1":"product","2":"type-product","3":"status-publish","4":"has-post-thumbnail","6":"product_cat-serite-civile","7":"product_cat-classia","9":"first","10":"instock","11":"shipping-taxable","12":"product-type-simple"},"acf":[],"_links":{"self":[{"href":"https:\/\/www.brikaelektrik.al\/al\/wp-json\/wp\/v2\/product\/2697","targetHints":{"allow":["GET"]}}],"collection":[{"href":"https:\/\/www.brikaelektrik.al\/al\/wp-json\/wp\/v2\/product"}],"about":[{"href":"https:\/\/www.brikaelektrik.al\/al\/wp-json\/wp\/v2\/types\/product"}],"replies":[{"embeddable":true,"href":"https:\/\/www.brikaelektrik.al\/al\/wp-json\/wp\/v2\/comments?post=2697"}],"wp:featuredmedia":[{"embeddable":true,"href":"https:\/\/www.brikaelektrik.al\/al\/wp-json\/wp\/v2\/media\/2698"}],"wp:attachment":[{"href":"https:\/\/www.brikaelektrik.al\/al\/wp-json\/wp\/v2\/media?parent=2697"}],"wp:term":[{"taxonomy":"product_brand","embeddable":true,"href":"https:\/\/www.brikaelektrik.al\/al\/wp-json\/wp\/v2\/product_brand?post=2697"},{"taxonomy":"product_cat","embeddable":true,"href":"https:\/\/www.brikaelektrik.al\/al\/wp-json\/wp\/v2\/product_cat?post=2697"},{"taxonomy":"product_tag","embeddable":true,"href":"https:\/\/www.brikaelektrik.al\/al\/wp-json\/wp\/v2\/product_tag?post=2697"}],"curies":[{"name":"wp","href":"https:\/\/api.w.org\/{rel}","templated":true}]}}