{"id":2699,"date":"2025-08-05T14:07:07","date_gmt":"2025-08-05T14:07:07","guid":{"rendered":"https:\/\/www.brikaelektrik.al\/?post_type=product&#038;p=2699"},"modified":"2025-08-05T14:07:07","modified_gmt":"2025-08-05T14:07:07","slug":"suport-2p","status":"publish","type":"product","link":"https:\/\/www.brikaelektrik.al\/al\/produkt\/suport-2p\/","title":{"rendered":"SUPORT 2P"},"content":{"rendered":"<p>Seria: Classia<br data-start=\"62\" data-end=\"65\" \/>Lloji: Mb\u00ebshtet\u00ebse p\u00ebr struktur\u00eb (support frame) p\u00ebr 2 module me harqe (clips)<br data-start=\"197\" data-end=\"200\" data-is-only-node=\"\" \/>Montimi: Mb\u00ebshtetje horizontale\/me harqe, p\u00ebr instalim pa vid\u00eb n\u00eb kutit\u00eb standarde (503E p\u00ebr beton, BP503N p\u00ebr gips) me modalitete t\u00eb ndryshme instalimi (front\/mbrapa)<br \/>\nNgjyra: E zez\u00eb (standard)<br data-start=\"526\" data-end=\"529\" \/>Mbrojtje: IP20 (instalimi brenda); IK04 p\u00ebr reagimin ndaj goditjeve sipas dokumenteve teknike t\u00eb Classia\u00a0<br data-start=\"675\" data-end=\"678\" \/>Materiali: Tecnopolimer termoplastik pa halogjen me insert metal\u00ebsh p\u00ebr rigiditet dhe mbajtje t\u00eb fort\u00eb t\u00eb vidave ose harqeve<br data-start=\"844\" data-end=\"847\" \/>Formati i priz\u00ebs: Mb\u00ebshtet\u00eb 2 module standard Classia (Italian installation system)<br data-start=\"972\" data-end=\"975\" \/>P\u00ebrmasat: 76mm (lart\u00ebsi) \u00d7\u202f76mm (gjer\u00ebsi) \u00d7 14mm (trash\u00ebsi standarde)<br data-start=\"1089\" data-end=\"1092\" \/>Certifikime: CE; p\u00ebrputhet me direktivat evropiane LVD\u202f2014\/35\/EU dhe EMC\u202f2014\/30\/EU; ndjek standardet IEC; certifikim CB\u2011scheme\u00a0<br data-start=\"1262\" data-end=\"1265\" \/>Specifikime shtes\u00eb: Mb\u00ebshtetje me harqe e p\u00ebrshtatshme p\u00ebr mure gipsi dhe beton; mbledhja e cover plates \u00ebsht\u00eb flush dhe e q\u00ebndrueshme<\/p>","protected":false},"excerpt":{"rendered":"<p>Seria: ClassiaLloji: Mb\u00ebshtet\u00ebse p\u00ebr struktur\u00eb (support frame) p\u00ebr 2 module me harqe (clips)Montimi: Mb\u00ebshtetje horizontale\/me harqe, p\u00ebr instalim pa vid\u00eb n\u00eb kutit\u00eb standarde (503E p\u00ebr beton, BP503N p\u00ebr gips) me modalitete t\u00eb ndryshme instalimi (front\/mbrapa) Ngjyra: E zez\u00eb (standard)Mbrojtje: IP20 (instalimi brenda); IK04 p\u00ebr reagimin ndaj goditjeve sipas dokumenteve teknike t\u00eb Classia\u00a0Materiali: Tecnopolimer termoplastik pa [&hellip;]<\/p>","protected":false},"featured_media":2700,"comment_status":"open","ping_status":"closed","template":"","meta":{"_acf_changed":false},"product_brand":[],"product_cat":[40,63],"product_tag":[],"class_list":{"0":"post-2699","1":"product","2":"type-product","3":"status-publish","4":"has-post-thumbnail","6":"product_cat-serite-civile","7":"product_cat-classia","9":"first","10":"instock","11":"shipping-taxable","12":"product-type-simple"},"acf":[],"_links":{"self":[{"href":"https:\/\/www.brikaelektrik.al\/al\/wp-json\/wp\/v2\/product\/2699","targetHints":{"allow":["GET"]}}],"collection":[{"href":"https:\/\/www.brikaelektrik.al\/al\/wp-json\/wp\/v2\/product"}],"about":[{"href":"https:\/\/www.brikaelektrik.al\/al\/wp-json\/wp\/v2\/types\/product"}],"replies":[{"embeddable":true,"href":"https:\/\/www.brikaelektrik.al\/al\/wp-json\/wp\/v2\/comments?post=2699"}],"wp:featuredmedia":[{"embeddable":true,"href":"https:\/\/www.brikaelektrik.al\/al\/wp-json\/wp\/v2\/media\/2700"}],"wp:attachment":[{"href":"https:\/\/www.brikaelektrik.al\/al\/wp-json\/wp\/v2\/media?parent=2699"}],"wp:term":[{"taxonomy":"product_brand","embeddable":true,"href":"https:\/\/www.brikaelektrik.al\/al\/wp-json\/wp\/v2\/product_brand?post=2699"},{"taxonomy":"product_cat","embeddable":true,"href":"https:\/\/www.brikaelektrik.al\/al\/wp-json\/wp\/v2\/product_cat?post=2699"},{"taxonomy":"product_tag","embeddable":true,"href":"https:\/\/www.brikaelektrik.al\/al\/wp-json\/wp\/v2\/product_tag?post=2699"}],"curies":[{"name":"wp","href":"https:\/\/api.w.org\/{rel}","templated":true}]}}