{"id":2701,"date":"2025-08-05T14:14:03","date_gmt":"2025-08-05T14:14:03","guid":{"rendered":"https:\/\/www.brikaelektrik.al\/?post_type=product&#038;p=2701"},"modified":"2025-08-05T14:14:03","modified_gmt":"2025-08-05T14:14:03","slug":"termostat-elektronik-dhome-2a-250v-2m","status":"publish","type":"product","link":"https:\/\/www.brikaelektrik.al\/al\/produkt\/termostat-elektronik-dhome-2a-250v-2m\/","title":{"rendered":"TERMOSTAT ELEKTRONIK DHOME 2A 250V 2M"},"content":{"rendered":"<p>Seria: Classia<br data-start=\"62\" data-end=\"65\" \/>Lloji: Termostat dhome elektronik me rele, nj\u00eb kontakt txharkues NC 2A<br data-start=\"140\" data-end=\"143\" \/>Rryma nominale \/ Fuqia: Input 5(2)\u202fA, Relay output 2A<br data-start=\"201\" data-end=\"204\" \/>Tensioni: 230V AC, 50\/60Hz<br data-start=\"274\" data-end=\"277\" \/>Montimi: Flush\u2011mounted (mural), 2 module Classia standard\u00a0<br data-start=\"376\" data-end=\"379\" \/>Ngjyra: E zez\u00eb satin (black satin)\u00a0<br data-start=\"455\" data-end=\"458\" \/>Mbrojtje: IP20 (pa mbrojtje ndaj ujit) dhe IK04 p\u00ebr rezistenc\u00eb ndaj goditjeve\u00a0<br data-start=\"577\" data-end=\"580\" \/>Materiali: Tecnopolimer \/ plastik\u00eb ABS pa halogjen\u00a0<br data-start=\"672\" data-end=\"675\" \/>Formati i priz\u00ebs: 2 module standard Italian Classia<br data-start=\"730\" data-end=\"733\" \/>P\u00ebrmasat: 45mm (lart\u00ebsi) \u00d7 44.7mm (gjer\u00ebsi) \u00d7 41.5mm (thell\u00ebsi)\u00a0<br data-start=\"841\" data-end=\"844\" \/>Certifikime: CE; p\u00ebrputhje me direktivat evropiane LVD\u202f2014\/35\/EU &amp; EMC\u202f2014\/30\/EU; standardet IEC; CB\u2011scheme<\/p>","protected":false},"excerpt":{"rendered":"<p>Seria: ClassiaLloji: Termostat dhome elektronik me rele, nj\u00eb kontakt txharkues NC 2ARryma nominale \/ Fuqia: Input 5(2)\u202fA, Relay output 2ATensioni: 230V AC, 50\/60HzMontimi: Flush\u2011mounted (mural), 2 module Classia standard\u00a0Ngjyra: E zez\u00eb satin (black satin)\u00a0Mbrojtje: IP20 (pa mbrojtje ndaj ujit) dhe IK04 p\u00ebr rezistenc\u00eb ndaj goditjeve\u00a0Materiali: Tecnopolimer \/ plastik\u00eb ABS pa halogjen\u00a0Formati i priz\u00ebs: 2 module [&hellip;]<\/p>","protected":false},"featured_media":2702,"comment_status":"open","ping_status":"closed","template":"","meta":{"_acf_changed":false},"product_brand":[],"product_cat":[40,63],"product_tag":[],"class_list":{"0":"post-2701","1":"product","2":"type-product","3":"status-publish","4":"has-post-thumbnail","6":"product_cat-serite-civile","7":"product_cat-classia","9":"first","10":"instock","11":"shipping-taxable","12":"product-type-simple"},"acf":[],"_links":{"self":[{"href":"https:\/\/www.brikaelektrik.al\/al\/wp-json\/wp\/v2\/product\/2701","targetHints":{"allow":["GET"]}}],"collection":[{"href":"https:\/\/www.brikaelektrik.al\/al\/wp-json\/wp\/v2\/product"}],"about":[{"href":"https:\/\/www.brikaelektrik.al\/al\/wp-json\/wp\/v2\/types\/product"}],"replies":[{"embeddable":true,"href":"https:\/\/www.brikaelektrik.al\/al\/wp-json\/wp\/v2\/comments?post=2701"}],"wp:featuredmedia":[{"embeddable":true,"href":"https:\/\/www.brikaelektrik.al\/al\/wp-json\/wp\/v2\/media\/2702"}],"wp:attachment":[{"href":"https:\/\/www.brikaelektrik.al\/al\/wp-json\/wp\/v2\/media?parent=2701"}],"wp:term":[{"taxonomy":"product_brand","embeddable":true,"href":"https:\/\/www.brikaelektrik.al\/al\/wp-json\/wp\/v2\/product_brand?post=2701"},{"taxonomy":"product_cat","embeddable":true,"href":"https:\/\/www.brikaelektrik.al\/al\/wp-json\/wp\/v2\/product_cat?post=2701"},{"taxonomy":"product_tag","embeddable":true,"href":"https:\/\/www.brikaelektrik.al\/al\/wp-json\/wp\/v2\/product_tag?post=2701"}],"curies":[{"name":"wp","href":"https:\/\/api.w.org\/{rel}","templated":true}]}}