{"id":2704,"date":"2025-08-05T14:23:44","date_gmt":"2025-08-05T14:23:44","guid":{"rendered":"https:\/\/www.brikaelektrik.al\/?post_type=product&#038;p=2704"},"modified":"2025-08-05T14:23:44","modified_gmt":"2025-08-05T14:23:44","slug":"shuko-e-zeze-2p-16a","status":"publish","type":"product","link":"https:\/\/www.brikaelektrik.al\/al\/produkt\/shuko-e-zeze-2p-16a\/","title":{"rendered":"SHUKO E ZEZ\u00cb 2P 16A"},"content":{"rendered":"<p>Seria: Classia<br data-start=\"62\" data-end=\"65\" \/>Lloji: Socket 2P+T p\u00ebr standarde Italiane dhe Gjermane (10\u202fA dhe 16\u202fA)<br data-start=\"139\" data-end=\"142\" \/>Rryma nominale \/ Fuqia: 16\u202fA<br data-start=\"174\" data-end=\"177\" \/>Tensioni: 250\u202fV\u202fAC<br data-start=\"199\" data-end=\"202\" data-is-only-node=\"\" \/>Montimi: Flush\u2011mounted (mural), 2 module standard Italian Classia<br data-start=\"271\" data-end=\"274\" \/>Ngjyra: E zez\u00eb matte<br data-start=\"298\" data-end=\"301\" \/>Mbrojtje: IP20 standard p\u00ebr ambient t\u00eb brendsh\u00ebm<br data-start=\"353\" data-end=\"356\" \/>Materiali: Tecnopolimer \/ plastik\u00eb termoplastike pa halogjen<br data-start=\"420\" data-end=\"423\" \/>Formati i priz\u00ebs: 2 module Italian standard me distanc\u00eb boshtesh 19\u202fmm dhe 26\u202fmm dhe kontakte t\u00eb mbrojtura (&#8220;tulip&#8221;), tok\u00ebzimi an\u00ebsor p\u00ebr prizat Gjermane<br data-start=\"618\" data-end=\"621\" \/>P\u00ebrmasat: 45.1mm (lart\u00ebsi) \u00d7 44.7mm (gjer\u00ebsi) \u00d7 41.5mm (thell\u00ebsi)<\/p>","protected":false},"excerpt":{"rendered":"<p>Seria: ClassiaLloji: Socket 2P+T p\u00ebr standarde Italiane dhe Gjermane (10\u202fA dhe 16\u202fA)Rryma nominale \/ Fuqia: 16\u202fATensioni: 250\u202fV\u202fACMontimi: Flush\u2011mounted (mural), 2 module standard Italian ClassiaNgjyra: E zez\u00eb matteMbrojtje: IP20 standard p\u00ebr ambient t\u00eb brendsh\u00ebmMateriali: Tecnopolimer \/ plastik\u00eb termoplastike pa halogjenFormati i priz\u00ebs: 2 module Italian standard me distanc\u00eb boshtesh 19\u202fmm dhe 26\u202fmm dhe kontakte t\u00eb mbrojtura [&hellip;]<\/p>","protected":false},"featured_media":2705,"comment_status":"open","ping_status":"closed","template":"","meta":{"_acf_changed":false},"product_brand":[],"product_cat":[40,63],"product_tag":[],"class_list":{"0":"post-2704","1":"product","2":"type-product","3":"status-publish","4":"has-post-thumbnail","6":"product_cat-serite-civile","7":"product_cat-classia","9":"first","10":"instock","11":"shipping-taxable","12":"product-type-simple"},"acf":[],"_links":{"self":[{"href":"https:\/\/www.brikaelektrik.al\/al\/wp-json\/wp\/v2\/product\/2704","targetHints":{"allow":["GET"]}}],"collection":[{"href":"https:\/\/www.brikaelektrik.al\/al\/wp-json\/wp\/v2\/product"}],"about":[{"href":"https:\/\/www.brikaelektrik.al\/al\/wp-json\/wp\/v2\/types\/product"}],"replies":[{"embeddable":true,"href":"https:\/\/www.brikaelektrik.al\/al\/wp-json\/wp\/v2\/comments?post=2704"}],"wp:featuredmedia":[{"embeddable":true,"href":"https:\/\/www.brikaelektrik.al\/al\/wp-json\/wp\/v2\/media\/2705"}],"wp:attachment":[{"href":"https:\/\/www.brikaelektrik.al\/al\/wp-json\/wp\/v2\/media?parent=2704"}],"wp:term":[{"taxonomy":"product_brand","embeddable":true,"href":"https:\/\/www.brikaelektrik.al\/al\/wp-json\/wp\/v2\/product_brand?post=2704"},{"taxonomy":"product_cat","embeddable":true,"href":"https:\/\/www.brikaelektrik.al\/al\/wp-json\/wp\/v2\/product_cat?post=2704"},{"taxonomy":"product_tag","embeddable":true,"href":"https:\/\/www.brikaelektrik.al\/al\/wp-json\/wp\/v2\/product_tag?post=2704"}],"curies":[{"name":"wp","href":"https:\/\/api.w.org\/{rel}","templated":true}]}}