{"id":2706,"date":"2025-08-06T13:42:47","date_gmt":"2025-08-06T13:42:47","guid":{"rendered":"https:\/\/www.brikaelektrik.al\/?post_type=product&#038;p=2706"},"modified":"2025-08-06T13:42:47","modified_gmt":"2025-08-06T13:42:47","slug":"suport-hermetik-4p-ip55","status":"publish","type":"product","link":"https:\/\/www.brikaelektrik.al\/al\/produkt\/suport-hermetik-4p-ip55\/","title":{"rendered":"SUPORT HERMETIK 4P IP55"},"content":{"rendered":"<p>Seria: Classia<br data-start=\"62\" data-end=\"65\" \/>Lloji: Kapak mbrojt\u00ebs IP55 p\u00ebr 4 module (cover plate waterproof)<br data-start=\"183\" data-end=\"186\" data-is-only-node=\"\" \/>Montimi: Mural (flush\u2011mounted) mbi struktur\u00eb mb\u00ebshtet\u00ebse p\u00ebr 4 module<br data-start=\"259\" data-end=\"262\" \/>Ngjyra: E bardh\u00eb glossy<br data-start=\"289\" data-end=\"292\" \/>Mbrojtje: IP55 (mbrojtje ndaj pluhurit dhe sp\u00ebrkatjeve t\u00eb ujit)<br data-start=\"359\" data-end=\"362\" \/>Materiali: Termoplastik pa halogjen (tecnopolimer)<br data-start=\"416\" data-end=\"419\" \/>Formati i priz\u00ebs: Italian standard p\u00ebr 4 module Classia<br data-start=\"478\" data-end=\"481\" \/>P\u00ebrmasat: 86mm (lart\u00ebsi) \u00d7\u202f212mm (gjer\u00ebsi) \u00d7 trash\u00ebsi montimi standard<br data-start=\"557\" data-end=\"560\" \/>Certifikime: CE; p\u00ebrputhet me direktivat evropiane LVD\u202f2014\/35\/EU dhe EMC\u202f2014\/30\/EU; ndjek standardet IEC; certifikim CB\u2011scheme\u00a0<br data-start=\"730\" data-end=\"733\" \/>Idele p\u00ebr konsistentim estetik t\u00eb mbrojtjes s\u00eb instalimeve n\u00eb ambiente t\u00eb jashtme apo me lag\u00ebshti t\u00eb lart\u00eb<\/p>","protected":false},"excerpt":{"rendered":"<p>Seria: ClassiaLloji: Kapak mbrojt\u00ebs IP55 p\u00ebr 4 module (cover plate waterproof)Montimi: Mural (flush\u2011mounted) mbi struktur\u00eb mb\u00ebshtet\u00ebse p\u00ebr 4 moduleNgjyra: E bardh\u00eb glossyMbrojtje: IP55 (mbrojtje ndaj pluhurit dhe sp\u00ebrkatjeve t\u00eb ujit)Materiali: Termoplastik pa halogjen (tecnopolimer)Formati i priz\u00ebs: Italian standard p\u00ebr 4 module ClassiaP\u00ebrmasat: 86mm (lart\u00ebsi) \u00d7\u202f212mm (gjer\u00ebsi) \u00d7 trash\u00ebsi montimi standardCertifikime: CE; p\u00ebrputhet me direktivat evropiane [&hellip;]<\/p>","protected":false},"featured_media":2707,"comment_status":"open","ping_status":"closed","template":"","meta":{"_acf_changed":false},"product_brand":[],"product_cat":[40,63],"product_tag":[],"class_list":{"0":"post-2706","1":"product","2":"type-product","3":"status-publish","4":"has-post-thumbnail","6":"product_cat-serite-civile","7":"product_cat-classia","9":"first","10":"instock","11":"shipping-taxable","12":"product-type-simple"},"acf":[],"_links":{"self":[{"href":"https:\/\/www.brikaelektrik.al\/al\/wp-json\/wp\/v2\/product\/2706","targetHints":{"allow":["GET"]}}],"collection":[{"href":"https:\/\/www.brikaelektrik.al\/al\/wp-json\/wp\/v2\/product"}],"about":[{"href":"https:\/\/www.brikaelektrik.al\/al\/wp-json\/wp\/v2\/types\/product"}],"replies":[{"embeddable":true,"href":"https:\/\/www.brikaelektrik.al\/al\/wp-json\/wp\/v2\/comments?post=2706"}],"wp:featuredmedia":[{"embeddable":true,"href":"https:\/\/www.brikaelektrik.al\/al\/wp-json\/wp\/v2\/media\/2707"}],"wp:attachment":[{"href":"https:\/\/www.brikaelektrik.al\/al\/wp-json\/wp\/v2\/media?parent=2706"}],"wp:term":[{"taxonomy":"product_brand","embeddable":true,"href":"https:\/\/www.brikaelektrik.al\/al\/wp-json\/wp\/v2\/product_brand?post=2706"},{"taxonomy":"product_cat","embeddable":true,"href":"https:\/\/www.brikaelektrik.al\/al\/wp-json\/wp\/v2\/product_cat?post=2706"},{"taxonomy":"product_tag","embeddable":true,"href":"https:\/\/www.brikaelektrik.al\/al\/wp-json\/wp\/v2\/product_tag?post=2706"}],"curies":[{"name":"wp","href":"https:\/\/api.w.org\/{rel}","templated":true}]}}