{"id":2708,"date":"2025-08-06T13:49:23","date_gmt":"2025-08-06T13:49:23","guid":{"rendered":"https:\/\/www.brikaelektrik.al\/?post_type=product&#038;p=2708"},"modified":"2025-08-06T13:49:23","modified_gmt":"2025-08-06T13:49:23","slug":"shuko-e-kuqe-2pe-16a","status":"publish","type":"product","link":"https:\/\/www.brikaelektrik.al\/al\/produkt\/shuko-e-kuqe-2pe-16a\/","title":{"rendered":"SHUKO E KUQE 2P+E 16A"},"content":{"rendered":"<p>Seria: Classia<br data-start=\"185\" data-end=\"188\" \/>Lloji: Priz\u00eb 2P+T 10\/16A p\u00ebr standard italian dhe gjerman<br data-start=\"249\" data-end=\"252\" \/>Rryma nominale \/ Fuqia: 16A<br data-start=\"283\" data-end=\"286\" \/>Tensioni: 250V AC<br data-start=\"307\" data-end=\"310\" \/>Montimi: Mural (flush-mounted), 2 module<br data-start=\"354\" data-end=\"357\" \/>Ngjyra: E kuqe<br data-start=\"375\" data-end=\"378\" \/>Mbrojtje: IP20, kontakte t\u00eb mbrojtura (child safety)<br data-start=\"434\" data-end=\"437\" \/>Materiali: Termoplastik pa halogjen<br data-start=\"476\" data-end=\"479\" \/>Formati i priz\u00ebs: Italian bipasso 10\/16A me tok\u00ebzim an\u00ebsor, i p\u00ebrshtatsh\u00ebm edhe p\u00ebr fi\u00e7at gjerman\u00eb (Schuko)<br data-start=\"590\" data-end=\"593\" \/>P\u00ebrmasat: 45.1mm (lart\u00ebsi) \u00d7 44.7mm (gjer\u00ebsi) \u00d7 41.5mm (thell\u00ebsi)<br data-start=\"662\" data-end=\"665\" \/>Certifikime: CE n\u00eb p\u00ebrputhje me direktivat LVD 2014\/35\/EU dhe EMC 2014\/30\/EU, standarde IEC dhe CB scheme<br data-start=\"774\" data-end=\"777\" \/>Kontakte tulip me mbrojtje p\u00ebr f\u00ebmij\u00eb, terminale p\u00ebr 2 \u00d7 2.5mm\u00b2 me zhveshje 9mm, montim i leht\u00eb n\u00eb strukturat modulare Classia<\/p>","protected":false},"excerpt":{"rendered":"<p>Seria: ClassiaLloji: Priz\u00eb 2P+T 10\/16A p\u00ebr standard italian dhe gjermanRryma nominale \/ Fuqia: 16ATensioni: 250V ACMontimi: Mural (flush-mounted), 2 moduleNgjyra: E kuqeMbrojtje: IP20, kontakte t\u00eb mbrojtura (child safety)Materiali: Termoplastik pa halogjenFormati i priz\u00ebs: Italian bipasso 10\/16A me tok\u00ebzim an\u00ebsor, i p\u00ebrshtatsh\u00ebm edhe p\u00ebr fi\u00e7at gjerman\u00eb (Schuko)P\u00ebrmasat: 45.1mm (lart\u00ebsi) \u00d7 44.7mm (gjer\u00ebsi) \u00d7 41.5mm (thell\u00ebsi)Certifikime: CE [&hellip;]<\/p>","protected":false},"featured_media":2709,"comment_status":"open","ping_status":"closed","template":"","meta":{"_acf_changed":false},"product_brand":[],"product_cat":[40,63],"product_tag":[],"class_list":{"0":"post-2708","1":"product","2":"type-product","3":"status-publish","4":"has-post-thumbnail","6":"product_cat-serite-civile","7":"product_cat-classia","9":"first","10":"instock","11":"shipping-taxable","12":"product-type-simple"},"acf":[],"_links":{"self":[{"href":"https:\/\/www.brikaelektrik.al\/al\/wp-json\/wp\/v2\/product\/2708","targetHints":{"allow":["GET"]}}],"collection":[{"href":"https:\/\/www.brikaelektrik.al\/al\/wp-json\/wp\/v2\/product"}],"about":[{"href":"https:\/\/www.brikaelektrik.al\/al\/wp-json\/wp\/v2\/types\/product"}],"replies":[{"embeddable":true,"href":"https:\/\/www.brikaelektrik.al\/al\/wp-json\/wp\/v2\/comments?post=2708"}],"wp:featuredmedia":[{"embeddable":true,"href":"https:\/\/www.brikaelektrik.al\/al\/wp-json\/wp\/v2\/media\/2709"}],"wp:attachment":[{"href":"https:\/\/www.brikaelektrik.al\/al\/wp-json\/wp\/v2\/media?parent=2708"}],"wp:term":[{"taxonomy":"product_brand","embeddable":true,"href":"https:\/\/www.brikaelektrik.al\/al\/wp-json\/wp\/v2\/product_brand?post=2708"},{"taxonomy":"product_cat","embeddable":true,"href":"https:\/\/www.brikaelektrik.al\/al\/wp-json\/wp\/v2\/product_cat?post=2708"},{"taxonomy":"product_tag","embeddable":true,"href":"https:\/\/www.brikaelektrik.al\/al\/wp-json\/wp\/v2\/product_tag?post=2708"}],"curies":[{"name":"wp","href":"https:\/\/api.w.org\/{rel}","templated":true}]}}