{"id":2710,"date":"2025-08-06T13:57:14","date_gmt":"2025-08-06T13:57:14","guid":{"rendered":"https:\/\/www.brikaelektrik.al\/?post_type=product&#038;p=2710"},"modified":"2025-08-06T13:57:14","modified_gmt":"2025-08-06T13:57:14","slug":"suport-4p-ipp50","status":"publish","type":"product","link":"https:\/\/www.brikaelektrik.al\/al\/produkt\/suport-4p-ipp50\/","title":{"rendered":"SUPORT 4P IPP50"},"content":{"rendered":"<p>Seria: Classia<br data-start=\"62\" data-end=\"65\" \/>Lloji: Mb\u00ebshtet\u00ebse (supporting frame) p\u00ebr 4 module, me vid\u00eb montimi<br data-start=\"136\" data-end=\"139\" \/>Montimi: Mural (flush\u2011mounted), mb\u00ebshtetje horizontale p\u00ebr 4 module standard Classia me vid\u00eb montimi<br data-start=\"331\" data-end=\"334\" \/>Ngjyra: E zez\u00eb standard (disponib\u00ebl edhe n\u00eb version metalik)<br data-start=\"436\" data-end=\"439\" \/>Mbrojtje: IP20 p\u00ebr vendosje t\u00eb brendshme dhe mbrojtje t\u00eb leht\u00eb ndaj goditjeve (IK nuk specifikohet zyrtar)<br data-start=\"587\" data-end=\"590\" \/>Materiali: Termoplastik \/ tecnopolimer me mb\u00ebshtet\u00ebse metalike p\u00ebr rigiditet dhe q\u00ebndrueshm\u00ebri gjat\u00eb vendosjes <br data-start=\"742\" data-end=\"745\" \/>Formati i priz\u00ebs: P\u00ebrshtatet p\u00ebr 4 module standard Italian Classia (sistem me distanc\u00eb boshtesh) <br data-start=\"883\" data-end=\"886\" \/>P\u00ebrmasat: 79mm (lart\u00ebsi) \u00d7\u202f138.4mm (gjer\u00ebsi) \u00d7 trash\u00ebsi standarde montimi (~14mm) <br data-start=\"1012\" data-end=\"1015\" \/>Certifikime: CE; p\u00ebrputhje me direktivat evropiane LVD\u202f2014\/35\/EU dhe EMC\u202f2014\/30\/EU; ndjek standardet IEC; certifikim CB\u2011scheme<br \/>\nMontim me vid\u00eb mbi struktur\u00eb zyrtare Classia; mbulimi flush me cover plates; dizajn i q\u00ebndruesh\u00ebm dhe i fort\u00eb p\u00ebr mure gipsi ose beton; insert metalik p\u00ebr q\u00ebndrueshm\u00ebri gjat\u00eb dhe pas instalimit<\/p>","protected":false},"excerpt":{"rendered":"<p>Seria: ClassiaLloji: Mb\u00ebshtet\u00ebse (supporting frame) p\u00ebr 4 module, me vid\u00eb montimiMontimi: Mural (flush\u2011mounted), mb\u00ebshtetje horizontale p\u00ebr 4 module standard Classia me vid\u00eb montimiNgjyra: E zez\u00eb standard (disponib\u00ebl edhe n\u00eb version metalik)Mbrojtje: IP20 p\u00ebr vendosje t\u00eb brendshme dhe mbrojtje t\u00eb leht\u00eb ndaj goditjeve (IK nuk specifikohet zyrtar)Materiali: Termoplastik \/ tecnopolimer me mb\u00ebshtet\u00ebse metalike p\u00ebr rigiditet dhe [&hellip;]<\/p>","protected":false},"featured_media":2711,"comment_status":"open","ping_status":"closed","template":"","meta":{"_acf_changed":false},"product_brand":[],"product_cat":[40,63],"product_tag":[],"class_list":{"0":"post-2710","1":"product","2":"type-product","3":"status-publish","4":"has-post-thumbnail","6":"product_cat-serite-civile","7":"product_cat-classia","9":"first","10":"instock","11":"shipping-taxable","12":"product-type-simple"},"acf":[],"_links":{"self":[{"href":"https:\/\/www.brikaelektrik.al\/al\/wp-json\/wp\/v2\/product\/2710","targetHints":{"allow":["GET"]}}],"collection":[{"href":"https:\/\/www.brikaelektrik.al\/al\/wp-json\/wp\/v2\/product"}],"about":[{"href":"https:\/\/www.brikaelektrik.al\/al\/wp-json\/wp\/v2\/types\/product"}],"replies":[{"embeddable":true,"href":"https:\/\/www.brikaelektrik.al\/al\/wp-json\/wp\/v2\/comments?post=2710"}],"wp:featuredmedia":[{"embeddable":true,"href":"https:\/\/www.brikaelektrik.al\/al\/wp-json\/wp\/v2\/media\/2711"}],"wp:attachment":[{"href":"https:\/\/www.brikaelektrik.al\/al\/wp-json\/wp\/v2\/media?parent=2710"}],"wp:term":[{"taxonomy":"product_brand","embeddable":true,"href":"https:\/\/www.brikaelektrik.al\/al\/wp-json\/wp\/v2\/product_brand?post=2710"},{"taxonomy":"product_cat","embeddable":true,"href":"https:\/\/www.brikaelektrik.al\/al\/wp-json\/wp\/v2\/product_cat?post=2710"},{"taxonomy":"product_tag","embeddable":true,"href":"https:\/\/www.brikaelektrik.al\/al\/wp-json\/wp\/v2\/product_tag?post=2710"}],"curies":[{"name":"wp","href":"https:\/\/api.w.org\/{rel}","templated":true}]}}