{"id":2712,"date":"2025-08-06T14:00:22","date_gmt":"2025-08-06T14:00:22","guid":{"rendered":"https:\/\/www.brikaelektrik.al\/?post_type=product&#038;p=2712"},"modified":"2025-08-06T14:00:22","modified_gmt":"2025-08-06T14:00:22","slug":"suport-7p-ipp10","status":"publish","type":"product","link":"https:\/\/www.brikaelektrik.al\/al\/produkt\/suport-7p-ipp10\/","title":{"rendered":"SUPORT 7P IPP10"},"content":{"rendered":"<p>Seria: Classia<br data-start=\"62\" data-end=\"65\" \/>Lloji: Mb\u00ebshtet\u00ebse me vid\u00eb p\u00ebr 7 module (supporting frame screws)<br data-start=\"184\" data-end=\"187\" data-is-only-node=\"\" \/>Montimi: Flush\u2011mounted, mb\u00ebshtetje horizontale p\u00ebr 7 module Italian standard Classia, fiksim me vid\u00eb<br data-start=\"291\" data-end=\"294\" \/>Ngjyra: E zez\u00eb (ekziston edhe n\u00eb variantet metalike p\u00ebr ngjyra t\u00eb tjera)\u00a0<br data-start=\"408\" data-end=\"411\" \/>Mbrojtje: IP20 p\u00ebr ambient t\u00eb mbyllur, IK nuk specifikohet explicit n\u00eb dokumentacionin kryesor\u00a0<br data-start=\"547\" data-end=\"550\" \/>Materiali: Tecnopolimer \/ plastik\u00eb termo\u00adplastike me insert metalik p\u00ebr rigiditet dhe fiksim m\u00eb t\u00eb forte t\u00eb vidave\u00a0<br data-start=\"706\" data-end=\"709\" \/>Formati i priz\u00ebs: Italian standard p\u00ebr 7 module Classia<br data-start=\"768\" data-end=\"771\" \/>P\u00ebrmasat: 79mm (lart\u00ebsi) \u00d7 202mm (gjer\u00ebsi) \u00d7 trash\u00ebsi montimi ~14mm\u00a0<br data-start=\"883\" data-end=\"886\" \/>Certifikime: CE; p\u00ebrputhje me direktivat LVD\u202f2014\/35\/EU dhe EMC\u202f2014\/30\/EU; ndjek standardet IEC; certifikim CB\u2011scheme\u00a0<br data-start=\"1046\" data-end=\"1049\" \/>Sistemi inovativ i rregullimit t\u00eb cover plates siguron k\u00ebnd flush; mund\u00ebsi heqje e leht\u00eb p\u00ebr mir\u00ebmbajtje n\u00eb mure gipsi; mb\u00ebshtetje metalike p\u00ebr stabilitet t\u00eb gjat\u00eb<\/p>","protected":false},"excerpt":{"rendered":"<p>Seria: ClassiaLloji: Mb\u00ebshtet\u00ebse me vid\u00eb p\u00ebr 7 module (supporting frame screws)Montimi: Flush\u2011mounted, mb\u00ebshtetje horizontale p\u00ebr 7 module Italian standard Classia, fiksim me vid\u00ebNgjyra: E zez\u00eb (ekziston edhe n\u00eb variantet metalike p\u00ebr ngjyra t\u00eb tjera)\u00a0Mbrojtje: IP20 p\u00ebr ambient t\u00eb mbyllur, IK nuk specifikohet explicit n\u00eb dokumentacionin kryesor\u00a0Materiali: Tecnopolimer \/ plastik\u00eb termo\u00adplastike me insert metalik p\u00ebr rigiditet [&hellip;]<\/p>","protected":false},"featured_media":2713,"comment_status":"open","ping_status":"closed","template":"","meta":{"_acf_changed":false},"product_brand":[],"product_cat":[40,63],"product_tag":[],"class_list":{"0":"post-2712","1":"product","2":"type-product","3":"status-publish","4":"has-post-thumbnail","6":"product_cat-serite-civile","7":"product_cat-classia","9":"first","10":"instock","11":"shipping-taxable","12":"product-type-simple"},"acf":[],"_links":{"self":[{"href":"https:\/\/www.brikaelektrik.al\/al\/wp-json\/wp\/v2\/product\/2712","targetHints":{"allow":["GET"]}}],"collection":[{"href":"https:\/\/www.brikaelektrik.al\/al\/wp-json\/wp\/v2\/product"}],"about":[{"href":"https:\/\/www.brikaelektrik.al\/al\/wp-json\/wp\/v2\/types\/product"}],"replies":[{"embeddable":true,"href":"https:\/\/www.brikaelektrik.al\/al\/wp-json\/wp\/v2\/comments?post=2712"}],"wp:featuredmedia":[{"embeddable":true,"href":"https:\/\/www.brikaelektrik.al\/al\/wp-json\/wp\/v2\/media\/2713"}],"wp:attachment":[{"href":"https:\/\/www.brikaelektrik.al\/al\/wp-json\/wp\/v2\/media?parent=2712"}],"wp:term":[{"taxonomy":"product_brand","embeddable":true,"href":"https:\/\/www.brikaelektrik.al\/al\/wp-json\/wp\/v2\/product_brand?post=2712"},{"taxonomy":"product_cat","embeddable":true,"href":"https:\/\/www.brikaelektrik.al\/al\/wp-json\/wp\/v2\/product_cat?post=2712"},{"taxonomy":"product_tag","embeddable":true,"href":"https:\/\/www.brikaelektrik.al\/al\/wp-json\/wp\/v2\/product_tag?post=2712"}],"curies":[{"name":"wp","href":"https:\/\/api.w.org\/{rel}","templated":true}]}}