{"id":2715,"date":"2025-08-06T14:06:05","date_gmt":"2025-08-06T14:06:05","guid":{"rendered":"https:\/\/www.brikaelektrik.al\/?post_type=product&#038;p=2715"},"modified":"2025-08-06T14:06:05","modified_gmt":"2025-08-06T14:06:05","slug":"reostat-2m-per-ngarkese-rezistive","status":"publish","type":"product","link":"https:\/\/www.brikaelektrik.al\/al\/produkt\/reostat-2m-per-ngarkese-rezistive\/","title":{"rendered":"REOSTAT 2M P\u00cbR NGARKESE REZISTIVE"},"content":{"rendered":"<p>Seria: Classia<br data-start=\"62\" data-end=\"65\" \/>Lloji: Rotary dimmer 40W \u2013 400W p\u00ebr llamba rezistive (halogjen\/incandescent)<br data-start=\"147\" data-end=\"150\" \/>Rryma nominale \/ Fuqia: 40W \u2013 400W rezistiv<br data-start=\"199\" data-end=\"202\" \/>Tensioni: 230V\u202fAC, 50\u202fHz<br data-start=\"231\" data-end=\"234\" data-is-only-node=\"\" \/>Montimi: Flush\u2011mounted (mural), 2 module standard Classia<br data-start=\"295\" data-end=\"298\" \/>Ngjyra: E zez\u00eb matte satin<br data-start=\"328\" data-end=\"331\" \/>Mbrojtje: IP20 p\u00ebr ambient brenda (pa mbrojtje ndaj lag\u00ebshtis\u00eb)<br data-start=\"398\" data-end=\"401\" \/>Materiali: Tecnopolimer \/ plastik\u00eb ABS pa halogjen<br data-start=\"455\" data-end=\"458\" \/>Formati i priz\u00ebs: 2 module Italian standard Classia<br data-start=\"513\" data-end=\"516\" \/>P\u00ebrmasat: ~45mm (lart\u00ebsi) \u00d7 ~44\u202fmm (gjer\u00ebsi) \u00d7 ~41\u202fmm (thell\u00ebsi)<br data-start=\"585\" data-end=\"588\" \/>Certifikime: CE; p\u00ebrputhje me direktivat LVD\u202f2014\/35\/EU dhe EMC\u202f2014\/30\/EU; standarde IEC; CB\u2011scheme <br data-start=\"730\" data-end=\"733\" \/>Terminal\u00eb me vida p\u00ebr kabllo 1\u202f\u00d7\u202f2.5mm\u00b2; e dedikuar p\u00ebr llamba halogjene\/inkandesente; nuk p\u00ebrputhet me llamba LED pa tranzitor apo LED universal; instalim flush n\u00eb struktur\u00eb mb\u00ebshtet\u00ebse Classia<\/p>","protected":false},"excerpt":{"rendered":"<p>Seria: ClassiaLloji: Rotary dimmer 40W \u2013 400W p\u00ebr llamba rezistive (halogjen\/incandescent)Rryma nominale \/ Fuqia: 40W \u2013 400W rezistivTensioni: 230V\u202fAC, 50\u202fHzMontimi: Flush\u2011mounted (mural), 2 module standard ClassiaNgjyra: E zez\u00eb matte satinMbrojtje: IP20 p\u00ebr ambient brenda (pa mbrojtje ndaj lag\u00ebshtis\u00eb)Materiali: Tecnopolimer \/ plastik\u00eb ABS pa halogjenFormati i priz\u00ebs: 2 module Italian standard ClassiaP\u00ebrmasat: ~45mm (lart\u00ebsi) \u00d7 ~44\u202fmm [&hellip;]<\/p>","protected":false},"featured_media":2716,"comment_status":"open","ping_status":"closed","template":"","meta":{"_acf_changed":false},"product_brand":[],"product_cat":[40,63],"product_tag":[],"class_list":{"0":"post-2715","1":"product","2":"type-product","3":"status-publish","4":"has-post-thumbnail","6":"product_cat-serite-civile","7":"product_cat-classia","9":"first","10":"instock","11":"shipping-taxable","12":"product-type-simple"},"acf":[],"_links":{"self":[{"href":"https:\/\/www.brikaelektrik.al\/al\/wp-json\/wp\/v2\/product\/2715","targetHints":{"allow":["GET"]}}],"collection":[{"href":"https:\/\/www.brikaelektrik.al\/al\/wp-json\/wp\/v2\/product"}],"about":[{"href":"https:\/\/www.brikaelektrik.al\/al\/wp-json\/wp\/v2\/types\/product"}],"replies":[{"embeddable":true,"href":"https:\/\/www.brikaelektrik.al\/al\/wp-json\/wp\/v2\/comments?post=2715"}],"wp:featuredmedia":[{"embeddable":true,"href":"https:\/\/www.brikaelektrik.al\/al\/wp-json\/wp\/v2\/media\/2716"}],"wp:attachment":[{"href":"https:\/\/www.brikaelektrik.al\/al\/wp-json\/wp\/v2\/media?parent=2715"}],"wp:term":[{"taxonomy":"product_brand","embeddable":true,"href":"https:\/\/www.brikaelektrik.al\/al\/wp-json\/wp\/v2\/product_brand?post=2715"},{"taxonomy":"product_cat","embeddable":true,"href":"https:\/\/www.brikaelektrik.al\/al\/wp-json\/wp\/v2\/product_cat?post=2715"},{"taxonomy":"product_tag","embeddable":true,"href":"https:\/\/www.brikaelektrik.al\/al\/wp-json\/wp\/v2\/product_tag?post=2715"}],"curies":[{"name":"wp","href":"https:\/\/api.w.org\/{rel}","templated":true}]}}