{"id":2717,"date":"2025-08-06T14:09:33","date_gmt":"2025-08-06T14:09:33","guid":{"rendered":"https:\/\/www.brikaelektrik.al\/?post_type=product&#038;p=2717"},"modified":"2025-08-06T14:09:33","modified_gmt":"2025-08-06T14:09:33","slug":"reostat-2m-induktive-kapacitive-floureshent-led","status":"publish","type":"product","link":"https:\/\/www.brikaelektrik.al\/al\/produkt\/reostat-2m-induktive-kapacitive-floureshent-led\/","title":{"rendered":"REOSTAT 2M INDUKTIVE KAPACITIVE FLOURESHENT LED"},"content":{"rendered":"<p>Seria: Classia<br data-start=\"62\" data-end=\"65\" \/>Lloji: Universal rotary dimmer (rezistiv, induktiv, kapacitiv, kompakt LED dhe lamp\u00eb LED dimmerabile)<br data-start=\"170\" data-end=\"173\" \/>Rryma nominale \/ Fuqia: 3\u2013400W (maksimum 400\u202fVA)\u00a0<br data-start=\"264\" data-end=\"267\" \/>Tensioni: 100\u2013240\u202fVAC, 50\/60\u202fHz\u00a0<br data-start=\"340\" data-end=\"343\" \/>Montimi: Flush-mounted (mural), 2 module Classia standard\u00a0<br data-start=\"442\" data-end=\"445\" \/>Ngjyra: E zez\u00eb matte (Black satin)\u00a0<br data-start=\"521\" data-end=\"524\" \/>Mbrojtje: IP40 (me instalim t\u00eb plot\u00eb me cover plate) dhe IK04 p\u00ebr rezistenc\u00eb ndaj goditjeve\u00a0<br data-start=\"657\" data-end=\"660\" \/>Materiali: PC (Polycarbonate) pa halogjen, rezistent ndaj UV dhe vet\u00eb-shkrihuese, vet\u00eb-ngrir\u00ebse sipas flak\u00ebs 850\u202f\u00b0C\/30\u202fs p\u00ebr pjes\u00ebt izolante brenda dhe 650\u202f\u00b0C\/30\u202fs p\u00ebr pjes\u00ebt e ndryshimshme <br data-start=\"891\" data-end=\"894\" \/>Formati i priz\u00ebs: 2 module (Italian standard Classia)<br data-start=\"951\" data-end=\"954\" \/>P\u00ebrmasat: 45.1mm \u00d7 45mm \u00d7 32.2mm thell\u00ebsi (dimensione A\u00d7B\u00d7C)<br \/>\nFush\u00eb operative: \u20135\u202f\u00b0C deri +35\u202f\u00b0C; ruajtje \u201310\u202f\u00b0C deri +70\u202f\u00b0C<br data-start=\"1059\" data-end=\"1062\" \/>Certifikime: CE; p\u00ebrputhje me direktivat LVD\u202f2014\/35\/EU dhe EMC\u202f2014\/30\/EU; standard IEC\/EN\u202f60669\u20112\u20111; CB\u2011scheme\u00a0<br data-start=\"1216\" data-end=\"1219\" \/>Konsum n\u00eb stand\u2011by vet\u00ebm 0.1\u202fW; terminal\u00eb me vida p\u00ebr kabllo fleksib\u00ebl ose rigid, maksimum 2\u00d72.5\u202fmm\u00b2, stripping 8\u202fmm; kompatibil me t\u00eb gjitha llojet e ngarkesave dimmerabile; mb\u00ebshtetje elektronike p\u00ebr mbrojtje nga mbingarkesa<\/p>","protected":false},"excerpt":{"rendered":"<p>Seria: ClassiaLloji: Universal rotary dimmer (rezistiv, induktiv, kapacitiv, kompakt LED dhe lamp\u00eb LED dimmerabile)Rryma nominale \/ Fuqia: 3\u2013400W (maksimum 400\u202fVA)\u00a0Tensioni: 100\u2013240\u202fVAC, 50\/60\u202fHz\u00a0Montimi: Flush-mounted (mural), 2 module Classia standard\u00a0Ngjyra: E zez\u00eb matte (Black satin)\u00a0Mbrojtje: IP40 (me instalim t\u00eb plot\u00eb me cover plate) dhe IK04 p\u00ebr rezistenc\u00eb ndaj goditjeve\u00a0Materiali: PC (Polycarbonate) pa halogjen, rezistent ndaj UV dhe [&hellip;]<\/p>","protected":false},"featured_media":2718,"comment_status":"open","ping_status":"closed","template":"","meta":{"_acf_changed":false},"product_brand":[],"product_cat":[40,63],"product_tag":[],"class_list":{"0":"post-2717","1":"product","2":"type-product","3":"status-publish","4":"has-post-thumbnail","6":"product_cat-serite-civile","7":"product_cat-classia","9":"first","10":"instock","11":"shipping-taxable","12":"product-type-simple"},"acf":[],"_links":{"self":[{"href":"https:\/\/www.brikaelektrik.al\/al\/wp-json\/wp\/v2\/product\/2717","targetHints":{"allow":["GET"]}}],"collection":[{"href":"https:\/\/www.brikaelektrik.al\/al\/wp-json\/wp\/v2\/product"}],"about":[{"href":"https:\/\/www.brikaelektrik.al\/al\/wp-json\/wp\/v2\/types\/product"}],"replies":[{"embeddable":true,"href":"https:\/\/www.brikaelektrik.al\/al\/wp-json\/wp\/v2\/comments?post=2717"}],"wp:featuredmedia":[{"embeddable":true,"href":"https:\/\/www.brikaelektrik.al\/al\/wp-json\/wp\/v2\/media\/2718"}],"wp:attachment":[{"href":"https:\/\/www.brikaelektrik.al\/al\/wp-json\/wp\/v2\/media?parent=2717"}],"wp:term":[{"taxonomy":"product_brand","embeddable":true,"href":"https:\/\/www.brikaelektrik.al\/al\/wp-json\/wp\/v2\/product_brand?post=2717"},{"taxonomy":"product_cat","embeddable":true,"href":"https:\/\/www.brikaelektrik.al\/al\/wp-json\/wp\/v2\/product_cat?post=2717"},{"taxonomy":"product_tag","embeddable":true,"href":"https:\/\/www.brikaelektrik.al\/al\/wp-json\/wp\/v2\/product_tag?post=2717"}],"curies":[{"name":"wp","href":"https:\/\/api.w.org\/{rel}","templated":true}]}}