{"id":2719,"date":"2025-08-06T14:12:11","date_gmt":"2025-08-06T14:12:11","guid":{"rendered":"https:\/\/www.brikaelektrik.al\/?post_type=product&#038;p=2719"},"modified":"2025-08-06T14:12:11","modified_gmt":"2025-08-06T14:12:11","slug":"sensor-levizje-1m","status":"publish","type":"product","link":"https:\/\/www.brikaelektrik.al\/al\/produkt\/sensor-levizje-1m\/","title":{"rendered":"SENSOR L\u00cbVIZJE 1M"},"content":{"rendered":"<p>Seria: Classia<br data-start=\"62\" data-end=\"65\" \/>Lloji: Sensori PIR (Passive Infrared motion detector) p\u00ebr ngarkesa pa limit lloji, p\u00ebrfshir\u00eb llamba LED<br data-start=\"172\" data-end=\"175\" \/>Rryma nominale \/ Fuqia: Maksimum 460W (vet\u00ebm rezistiv\/induktiv\/LED)\u00a0<br data-start=\"285\" data-end=\"288\" \/>Tensioni: 230V\u202fAC, 50\u202fHz\u00a0<br data-start=\"355\" data-end=\"358\" \/>Montimi: Flush\u2011mounted (mural), 1 modul standard Classia<br data-start=\"456\" data-end=\"459\" \/>Ngjyra: E zez\u00eb matte<br data-start=\"483\" data-end=\"486\" \/>Mbrojtje: IP20 p\u00ebr ambient t\u00eb brendsh\u00ebm; IK nuk specifikohet<br data-start=\"550\" data-end=\"553\" \/>Materiali: Tecnopolimer plastik\u00eb pa halogjen<br data-start=\"601\" data-end=\"604\" \/>Formati i priz\u00ebs: 1 modul Italian standard Classia<br data-start=\"658\" data-end=\"661\" \/>P\u00ebrmasat: standard i modulit (~45\u202f \u00d7\u202f22\u202f \u00d7\u202f40mm aprox.)<br data-start=\"721\" data-end=\"724\" \/>Certifikime: CE; p\u00ebrputhje me direktivat LVD\u202f2014\/35\/EU dhe EMC\u202f2014\/30\/EU; standarde IEC; certifikim CB\u2011scheme\u00a0<br data-start=\"877\" data-end=\"880\" \/>3 tela lidh\u00ebse (faze, ngarkes\u00eb, tok\u00ebzimi\/faza neutrale); kursim energjie me skem\u00eb ndri\u00e7imi nate (twilight circuit) me prag t\u00eb rregulluesh\u00ebm dhe mund\u00ebsi p\u00ebr t\u00eb p\u00ebrjashtuar pun\u00ebn automatik; koh\u00eb fikje e ndri\u00e7imit e rregullueshme 30 sekonda deri 10 minuta; i p\u00ebrshtatsh\u00ebm p\u00ebr llamba LED dimmerabile dhe t\u00eb tjera lloje ngarkesash dimmerante.<\/p>","protected":false},"excerpt":{"rendered":"<p>Seria: ClassiaLloji: Sensori PIR (Passive Infrared motion detector) p\u00ebr ngarkesa pa limit lloji, p\u00ebrfshir\u00eb llamba LEDRryma nominale \/ Fuqia: Maksimum 460W (vet\u00ebm rezistiv\/induktiv\/LED)\u00a0Tensioni: 230V\u202fAC, 50\u202fHz\u00a0Montimi: Flush\u2011mounted (mural), 1 modul standard ClassiaNgjyra: E zez\u00eb matteMbrojtje: IP20 p\u00ebr ambient t\u00eb brendsh\u00ebm; IK nuk specifikohetMateriali: Tecnopolimer plastik\u00eb pa halogjenFormati i priz\u00ebs: 1 modul Italian standard ClassiaP\u00ebrmasat: standard i [&hellip;]<\/p>","protected":false},"featured_media":2720,"comment_status":"open","ping_status":"closed","template":"","meta":{"_acf_changed":false},"product_brand":[],"product_cat":[40,63],"product_tag":[],"class_list":{"0":"post-2719","1":"product","2":"type-product","3":"status-publish","4":"has-post-thumbnail","6":"product_cat-serite-civile","7":"product_cat-classia","9":"first","10":"instock","11":"shipping-taxable","12":"product-type-simple"},"acf":[],"_links":{"self":[{"href":"https:\/\/www.brikaelektrik.al\/al\/wp-json\/wp\/v2\/product\/2719","targetHints":{"allow":["GET"]}}],"collection":[{"href":"https:\/\/www.brikaelektrik.al\/al\/wp-json\/wp\/v2\/product"}],"about":[{"href":"https:\/\/www.brikaelektrik.al\/al\/wp-json\/wp\/v2\/types\/product"}],"replies":[{"embeddable":true,"href":"https:\/\/www.brikaelektrik.al\/al\/wp-json\/wp\/v2\/comments?post=2719"}],"wp:featuredmedia":[{"embeddable":true,"href":"https:\/\/www.brikaelektrik.al\/al\/wp-json\/wp\/v2\/media\/2720"}],"wp:attachment":[{"href":"https:\/\/www.brikaelektrik.al\/al\/wp-json\/wp\/v2\/media?parent=2719"}],"wp:term":[{"taxonomy":"product_brand","embeddable":true,"href":"https:\/\/www.brikaelektrik.al\/al\/wp-json\/wp\/v2\/product_brand?post=2719"},{"taxonomy":"product_cat","embeddable":true,"href":"https:\/\/www.brikaelektrik.al\/al\/wp-json\/wp\/v2\/product_cat?post=2719"},{"taxonomy":"product_tag","embeddable":true,"href":"https:\/\/www.brikaelektrik.al\/al\/wp-json\/wp\/v2\/product_tag?post=2719"}],"curies":[{"name":"wp","href":"https:\/\/api.w.org\/{rel}","templated":true}]}}