{"id":2721,"date":"2025-08-06T14:14:50","date_gmt":"2025-08-06T14:14:50","guid":{"rendered":"https:\/\/www.brikaelektrik.al\/?post_type=product&#038;p=2721"},"modified":"2025-08-06T14:14:50","modified_gmt":"2025-08-06T14:14:50","slug":"reostat-2m-per-ngarkese-rezistive-2","status":"publish","type":"product","link":"https:\/\/www.brikaelektrik.al\/al\/produkt\/reostat-2m-per-ngarkese-rezistive-2\/","title":{"rendered":"REOSTAT 2M P\u00cbR NGARKES\u00cb REZISTIVE"},"content":{"rendered":"<p>Seria: Classia<br data-start=\"62\" data-end=\"65\" \/>Lloji: Rotary dimmer 40\u2013400W p\u00ebr llamba halogjene dhe inkandesente<br data-start=\"136\" data-end=\"139\" \/>Rryma nominale \/ Fuqia: 40\u2013400W (400\u202fVA maksimum)\u00a0<br data-start=\"231\" data-end=\"234\" \/>Tensioni: 100\u2013240V\u202fAC, 50\/60Hz <br data-start=\"308\" data-end=\"311\" \/>Montimi: Flush\u2011mounted (mural), 2 module standard Classia<br data-start=\"410\" data-end=\"413\" \/>Ngjyra: E bardh\u00eb matte<br data-start=\"439\" data-end=\"442\" \/>Mbrojtje: IP20 p\u00ebr ambient t\u00eb brendsh\u00ebm, nuk ka mbrojtje ndaj lag\u00ebshtis\u00eb\u00a0<br data-start=\"556\" data-end=\"559\" \/>Materiali: Tecnopolimer \/ plastik\u00eb ABS pa halogjen\u00a0<br data-start=\"651\" data-end=\"654\" \/>Formati i priz\u00ebs: 2 module Italian standard Classia<br data-start=\"709\" data-end=\"712\" \/>P\u00ebrmasat: 45.1mm \u00d7 45.0mm \u00d7 32.2mm thell\u00ebsi<br data-start=\"800\" data-end=\"803\" \/>Certifikime: CE; p\u00ebrputhje me direktivat LVD\u202f2014\/35\/EU dhe EMC\u202f2014\/30\/EU; ndjek standardet IEC; certifikim CB\u2011scheme\u00a0<br data-start=\"963\" data-end=\"966\" \/>Terminal\u00eb me vida p\u00ebr kabllo 1\u202f\u00d7\u202f2.5\u202fmm\u00b2; i dedikuar p\u00ebr llamba halogjene\/inkandesente; konsum maksimal 400 W; nuk rekomandohet p\u00ebr llamba LED pa tranzitor<\/p>","protected":false},"excerpt":{"rendered":"<p>Seria: ClassiaLloji: Rotary dimmer 40\u2013400W p\u00ebr llamba halogjene dhe inkandesenteRryma nominale \/ Fuqia: 40\u2013400W (400\u202fVA maksimum)\u00a0Tensioni: 100\u2013240V\u202fAC, 50\/60Hz Montimi: Flush\u2011mounted (mural), 2 module standard ClassiaNgjyra: E bardh\u00eb matteMbrojtje: IP20 p\u00ebr ambient t\u00eb brendsh\u00ebm, nuk ka mbrojtje ndaj lag\u00ebshtis\u00eb\u00a0Materiali: Tecnopolimer \/ plastik\u00eb ABS pa halogjen\u00a0Formati i priz\u00ebs: 2 module Italian standard ClassiaP\u00ebrmasat: 45.1mm \u00d7 45.0mm \u00d7 [&hellip;]<\/p>","protected":false},"featured_media":2722,"comment_status":"open","ping_status":"closed","template":"","meta":{"_acf_changed":false},"product_brand":[],"product_cat":[40,63],"product_tag":[],"class_list":{"0":"post-2721","1":"product","2":"type-product","3":"status-publish","4":"has-post-thumbnail","6":"product_cat-serite-civile","7":"product_cat-classia","9":"first","10":"instock","11":"shipping-taxable","12":"product-type-simple"},"acf":[],"_links":{"self":[{"href":"https:\/\/www.brikaelektrik.al\/al\/wp-json\/wp\/v2\/product\/2721","targetHints":{"allow":["GET"]}}],"collection":[{"href":"https:\/\/www.brikaelektrik.al\/al\/wp-json\/wp\/v2\/product"}],"about":[{"href":"https:\/\/www.brikaelektrik.al\/al\/wp-json\/wp\/v2\/types\/product"}],"replies":[{"embeddable":true,"href":"https:\/\/www.brikaelektrik.al\/al\/wp-json\/wp\/v2\/comments?post=2721"}],"wp:featuredmedia":[{"embeddable":true,"href":"https:\/\/www.brikaelektrik.al\/al\/wp-json\/wp\/v2\/media\/2722"}],"wp:attachment":[{"href":"https:\/\/www.brikaelektrik.al\/al\/wp-json\/wp\/v2\/media?parent=2721"}],"wp:term":[{"taxonomy":"product_brand","embeddable":true,"href":"https:\/\/www.brikaelektrik.al\/al\/wp-json\/wp\/v2\/product_brand?post=2721"},{"taxonomy":"product_cat","embeddable":true,"href":"https:\/\/www.brikaelektrik.al\/al\/wp-json\/wp\/v2\/product_cat?post=2721"},{"taxonomy":"product_tag","embeddable":true,"href":"https:\/\/www.brikaelektrik.al\/al\/wp-json\/wp\/v2\/product_tag?post=2721"}],"curies":[{"name":"wp","href":"https:\/\/api.w.org\/{rel}","templated":true}]}}