{"id":2723,"date":"2025-08-06T14:18:59","date_gmt":"2025-08-06T14:18:59","guid":{"rendered":"https:\/\/www.brikaelektrik.al\/?post_type=product&#038;p=2723"},"modified":"2025-08-06T14:18:59","modified_gmt":"2025-08-06T14:18:59","slug":"reostat-2m-induktive-kapacitive-floureshent-led-2","status":"publish","type":"product","link":"https:\/\/www.brikaelektrik.al\/al\/produkt\/reostat-2m-induktive-kapacitive-floureshent-led-2\/","title":{"rendered":"REOSTAT 2M INDUKTIVE KAPACITIVE FLOURESHENT LED"},"content":{"rendered":"<p>Seria: Classia<br data-start=\"62\" data-end=\"65\" \/>Lloji: Universal dimmer me pulso-dor\u00eb (turn\/push button) i p\u00ebrputhsh\u00ebm me ngarkesa rezistive, induktive, kapacitive, llamba LED dhe LL-kompakt<br data-start=\"211\" data-end=\"214\" \/>Rryma nominale \/ Fuqia: 3\u2013400W (maksimum 400VA) p\u00ebr tension 230V; n\u00eb tension 110V maksimal 200W (20W min)<br data-start=\"368\" data-end=\"371\" \/>Tensioni: 100\u2013240V\u202fAC, 50\/60Hz\u00a0<br data-start=\"445\" data-end=\"448\" \/>Montimi: Flush\u2011mounted, 2 module standard Classia<br data-start=\"539\" data-end=\"542\" \/>Ngjyra: E bardh\u00eb matte (White)\u00a0<br data-start=\"614\" data-end=\"617\" \/>Mbrojtje: IP40 (privilegjon p\u00ebr instalim t\u00eb plot\u00eb me cover plate); IK04 p\u00ebr rezistenc\u00eb ndaj goditjeve\u00a0<br data-start=\"760\" data-end=\"763\" \/>Materiali: PC (Polikarbonat) pa halogjen, rezistent ndaj UV, vet\u00ebshkrihuese; vet\u00eb-shkrihuese ndaj flak\u00ebsh deri n\u00eb 850\u202f\u00b0C p\u00ebr pajisjet kryesore dhe 650\u202f\u00b0C p\u00ebr pjes\u00ebt izolante\u00a0<br data-start=\"978\" data-end=\"981\" \/>Formati i priz\u00ebs: 2 module Italian standard Classia (turn\/push)\u00a0<br data-start=\"1086\" data-end=\"1089\" \/>P\u00ebrmasat: 45.1mm (lart\u00ebsi) \u00d7 45mm (gjer\u00ebsi) \u00d7 32.2mm (thell\u00ebsi)\u00a0<br data-start=\"1197\" data-end=\"1200\" \/>Certifikime: CE; p\u00ebrputhje me direktivat LVD\u202f2014\/35\/EU dhe EMC\u202f2014\/30\/EU; standard IEC\/EN\u202f60669\u20112\u20111; certifikim CB\u2011scheme\u00a0<br data-start=\"1365\" data-end=\"1368\" \/>Konsum n\u00eb stand\u2011by rreth 0.1\u202fW; terminal\u00eb me vida p\u00ebr tel fleksetiv ose rigid deri n\u00eb 2\u00d72.5\u202fmm\u00b2, stripping 8\u202fmm; p\u00ebrputhet me t\u00eb gjitha tipet standard t\u00eb ngarkesave dimmerabile; paralajm\u00ebrim p\u00ebr p\u00ebrdorim vet\u00ebm me tranformator\u00eb t\u00eb dizajnuar p\u00ebr \u00e7el\u00ebsa elektronik\u00eb (t\u00eb ngarkohen mbi 60% t\u00eb kapacitetit)<\/p>","protected":false},"excerpt":{"rendered":"<p>Seria: ClassiaLloji: Universal dimmer me pulso-dor\u00eb (turn\/push button) i p\u00ebrputhsh\u00ebm me ngarkesa rezistive, induktive, kapacitive, llamba LED dhe LL-kompaktRryma nominale \/ Fuqia: 3\u2013400W (maksimum 400VA) p\u00ebr tension 230V; n\u00eb tension 110V maksimal 200W (20W min)Tensioni: 100\u2013240V\u202fAC, 50\/60Hz\u00a0Montimi: Flush\u2011mounted, 2 module standard ClassiaNgjyra: E bardh\u00eb matte (White)\u00a0Mbrojtje: IP40 (privilegjon p\u00ebr instalim t\u00eb plot\u00eb me cover plate); [&hellip;]<\/p>","protected":false},"featured_media":2724,"comment_status":"open","ping_status":"closed","template":"","meta":{"_acf_changed":false},"product_brand":[],"product_cat":[40,63],"product_tag":[],"class_list":{"0":"post-2723","1":"product","2":"type-product","3":"status-publish","4":"has-post-thumbnail","6":"product_cat-serite-civile","7":"product_cat-classia","9":"first","10":"instock","11":"shipping-taxable","12":"product-type-simple"},"acf":[],"_links":{"self":[{"href":"https:\/\/www.brikaelektrik.al\/al\/wp-json\/wp\/v2\/product\/2723","targetHints":{"allow":["GET"]}}],"collection":[{"href":"https:\/\/www.brikaelektrik.al\/al\/wp-json\/wp\/v2\/product"}],"about":[{"href":"https:\/\/www.brikaelektrik.al\/al\/wp-json\/wp\/v2\/types\/product"}],"replies":[{"embeddable":true,"href":"https:\/\/www.brikaelektrik.al\/al\/wp-json\/wp\/v2\/comments?post=2723"}],"wp:featuredmedia":[{"embeddable":true,"href":"https:\/\/www.brikaelektrik.al\/al\/wp-json\/wp\/v2\/media\/2724"}],"wp:attachment":[{"href":"https:\/\/www.brikaelektrik.al\/al\/wp-json\/wp\/v2\/media?parent=2723"}],"wp:term":[{"taxonomy":"product_brand","embeddable":true,"href":"https:\/\/www.brikaelektrik.al\/al\/wp-json\/wp\/v2\/product_brand?post=2723"},{"taxonomy":"product_cat","embeddable":true,"href":"https:\/\/www.brikaelektrik.al\/al\/wp-json\/wp\/v2\/product_cat?post=2723"},{"taxonomy":"product_tag","embeddable":true,"href":"https:\/\/www.brikaelektrik.al\/al\/wp-json\/wp\/v2\/product_tag?post=2723"}],"curies":[{"name":"wp","href":"https:\/\/api.w.org\/{rel}","templated":true}]}}