{"id":2725,"date":"2025-08-06T14:21:22","date_gmt":"2025-08-06T14:21:22","guid":{"rendered":"https:\/\/www.brikaelektrik.al\/?post_type=product&#038;p=2725"},"modified":"2025-08-06T14:21:22","modified_gmt":"2025-08-06T14:21:22","slug":"sensor-levizje-1m-i-bardhe","status":"publish","type":"product","link":"https:\/\/www.brikaelektrik.al\/al\/produkt\/sensor-levizje-1m-i-bardhe\/","title":{"rendered":"SENSOR LEVIZJE 1M I BARDH\u00cb"},"content":{"rendered":"<p>Seria: Classia<br data-start=\"62\" data-end=\"65\" \/>Lloji: Switch me sensor PIR (Passive Infrared motion) p\u00ebr ndri\u00e7im automatik<br data-start=\"144\" data-end=\"147\" \/>Rryma nominale \/ Fuqia: Maksimum 460W p\u00ebr t\u00eb gjith\u00eb llojet e ngarkesave (rezistive, induktive, LED)\u00a0<br data-start=\"289\" data-end=\"292\" \/>Tensioni: 230V\u202fAC, 50Hz\u00a0<br data-start=\"359\" data-end=\"362\" \/>Montimi: Flush\u2011mounted (mural), p\u00ebr sistem modular 1 modul Classia\u00a0<br data-start=\"470\" data-end=\"473\" \/>Ngjyra: E bardh\u00eb matte<br data-start=\"499\" data-end=\"502\" \/>Mbrojtje: IP20 p\u00ebr ambient t\u00eb brendsh\u00ebm (nuk ka mbrojtje nga lag\u00ebshtia)<br data-start=\"577\" data-end=\"580\" \/>Materiali: Tecnopolimer plastik\u00eb pa halogjen<br data-start=\"628\" data-end=\"631\" \/>Formati i priz\u00ebs: 1 modul Italian standard Classia<br data-start=\"685\" data-end=\"688\" \/>P\u00ebrmasat: ~45mm \u00d7 ~22mm \u00d7 ~40mm (dimensione standard p\u00ebr nj\u00eb modul)<br data-start=\"762\" data-end=\"765\" \/>Certifikime: CE; p\u00ebrputhet me direktivat evropiane LVD 2014\/35\/EU dhe EMC 2014\/30\/EU; ndjek standardet IEC; certifikim CB\u2011scheme\u00a0<br data-start=\"935\" data-end=\"938\" \/>Lidhje 3 tela (faz\u00eb, ngarkes\u00eb, tok\u00eb\/neut\u00ebr); skem\u00eb \u201ctwilight\u201d me prag t\u00eb rregulluesh\u00ebm dhe mund\u00ebsi mbylljeje manuale; koh\u00eb fikje automatike nga 30 sekonda deri n\u00eb 10 minuta; e p\u00ebrshtatshme p\u00ebr llamba LED dimmerable dhe ngarkesa t\u00eb tjera dimmerabile<\/p>","protected":false},"excerpt":{"rendered":"<p>Seria: ClassiaLloji: Switch me sensor PIR (Passive Infrared motion) p\u00ebr ndri\u00e7im automatikRryma nominale \/ Fuqia: Maksimum 460W p\u00ebr t\u00eb gjith\u00eb llojet e ngarkesave (rezistive, induktive, LED)\u00a0Tensioni: 230V\u202fAC, 50Hz\u00a0Montimi: Flush\u2011mounted (mural), p\u00ebr sistem modular 1 modul Classia\u00a0Ngjyra: E bardh\u00eb matteMbrojtje: IP20 p\u00ebr ambient t\u00eb brendsh\u00ebm (nuk ka mbrojtje nga lag\u00ebshtia)Materiali: Tecnopolimer plastik\u00eb pa halogjenFormati i priz\u00ebs: [&hellip;]<\/p>","protected":false},"featured_media":2726,"comment_status":"open","ping_status":"closed","template":"","meta":{"_acf_changed":false},"product_brand":[],"product_cat":[40,63],"product_tag":[],"class_list":{"0":"post-2725","1":"product","2":"type-product","3":"status-publish","4":"has-post-thumbnail","6":"product_cat-serite-civile","7":"product_cat-classia","9":"first","10":"instock","11":"shipping-taxable","12":"product-type-simple"},"acf":[],"_links":{"self":[{"href":"https:\/\/www.brikaelektrik.al\/al\/wp-json\/wp\/v2\/product\/2725","targetHints":{"allow":["GET"]}}],"collection":[{"href":"https:\/\/www.brikaelektrik.al\/al\/wp-json\/wp\/v2\/product"}],"about":[{"href":"https:\/\/www.brikaelektrik.al\/al\/wp-json\/wp\/v2\/types\/product"}],"replies":[{"embeddable":true,"href":"https:\/\/www.brikaelektrik.al\/al\/wp-json\/wp\/v2\/comments?post=2725"}],"wp:featuredmedia":[{"embeddable":true,"href":"https:\/\/www.brikaelektrik.al\/al\/wp-json\/wp\/v2\/media\/2726"}],"wp:attachment":[{"href":"https:\/\/www.brikaelektrik.al\/al\/wp-json\/wp\/v2\/media?parent=2725"}],"wp:term":[{"taxonomy":"product_brand","embeddable":true,"href":"https:\/\/www.brikaelektrik.al\/al\/wp-json\/wp\/v2\/product_brand?post=2725"},{"taxonomy":"product_cat","embeddable":true,"href":"https:\/\/www.brikaelektrik.al\/al\/wp-json\/wp\/v2\/product_cat?post=2725"},{"taxonomy":"product_tag","embeddable":true,"href":"https:\/\/www.brikaelektrik.al\/al\/wp-json\/wp\/v2\/product_tag?post=2725"}],"curies":[{"name":"wp","href":"https:\/\/api.w.org\/{rel}","templated":true}]}}