{"id":2728,"date":"2025-08-12T12:03:06","date_gmt":"2025-08-12T12:03:06","guid":{"rendered":"https:\/\/www.brikaelektrik.al\/?post_type=product&#038;p=2728"},"modified":"2025-08-12T12:03:06","modified_gmt":"2025-08-12T12:03:06","slug":"pulsant-me-shenje-i-bardhe","status":"publish","type":"product","link":"https:\/\/www.brikaelektrik.al\/al\/produkt\/pulsant-me-shenje-i-bardhe\/","title":{"rendered":"PULSANT ME SHENJ\u00cb I BARDH\u00cb"},"content":{"rendered":"<p>Seria: Classia<br data-start=\"139\" data-end=\"142\" \/>Lloji: Buton i ndri\u00e7uar me simbol zilje, 1P (NO), 10A \u2013 250V\u202fAC<br data-start=\"211\" data-end=\"214\" \/>Rryma nominale \/ Fuqia: 10 A \u2013 250V\u202fAC<br data-start=\"257\" data-end=\"260\" \/>Tensioni: 230V\u202fAC<br data-start=\"282\" data-end=\"285\" \/>Montimi: Flush\u2011mounted, 1 modul<br data-start=\"320\" data-end=\"323\" \/>Ngjyra: E bardh\u00eb matte<br data-start=\"349\" data-end=\"352\" \/>Mbrojtje: IP20<br data-start=\"370\" data-end=\"373\" \/>Materiali: Plastike ABS me mbules\u00eb transparente polikarbonat<br data-start=\"437\" data-end=\"440\" \/>Formati i priz\u00ebs: 1 modul Italian standard Classia<br data-start=\"494\" data-end=\"497\" \/>P\u00ebrmasat: 45.1\u202f\u00d7\u202f22.3\u202f\u00d7\u202f27mm<br data-start=\"530\" data-end=\"533\" \/>Certifikime: CE; p\u00ebrputhje me direktivat LVD\u202f2014\/35\/EU dhe EMC\u202f2014\/30\/EU; standard IEC\/EN\u202f60669\u20112\u20111; certifikim CB-scheme<br data-start=\"660\" data-end=\"663\" \/>Buton me simbol zilje, ndri\u00e7im LED 230\u202fV i integruar; terminale me vida p\u00ebr lidhje me tel fleksib\u00ebl ose t\u00eb ngurt\u00eb deri n\u00eb 2.5\u202fmm\u00b2; p\u00ebrdorim p\u00ebr aplikime si ndri\u00e7imi i port\u00ebs, sinjalizimi i alarmit<\/p>","protected":false},"excerpt":{"rendered":"<p>Seria: ClassiaLloji: Buton i ndri\u00e7uar me simbol zilje, 1P (NO), 10A \u2013 250V\u202fACRryma nominale \/ Fuqia: 10 A \u2013 250V\u202fACTensioni: 230V\u202fACMontimi: Flush\u2011mounted, 1 modulNgjyra: E bardh\u00eb matteMbrojtje: IP20Materiali: Plastike ABS me mbules\u00eb transparente polikarbonatFormati i priz\u00ebs: 1 modul Italian standard ClassiaP\u00ebrmasat: 45.1\u202f\u00d7\u202f22.3\u202f\u00d7\u202f27mmCertifikime: CE; p\u00ebrputhje me direktivat LVD\u202f2014\/35\/EU dhe EMC\u202f2014\/30\/EU; standard IEC\/EN\u202f60669\u20112\u20111; certifikim CB-schemeButon me simbol [&hellip;]<\/p>","protected":false},"featured_media":2729,"comment_status":"open","ping_status":"closed","template":"","meta":{"_acf_changed":false},"product_brand":[],"product_cat":[40,63],"product_tag":[],"class_list":{"0":"post-2728","1":"product","2":"type-product","3":"status-publish","4":"has-post-thumbnail","6":"product_cat-serite-civile","7":"product_cat-classia","9":"first","10":"instock","11":"shipping-taxable","12":"product-type-simple"},"acf":[],"_links":{"self":[{"href":"https:\/\/www.brikaelektrik.al\/al\/wp-json\/wp\/v2\/product\/2728","targetHints":{"allow":["GET"]}}],"collection":[{"href":"https:\/\/www.brikaelektrik.al\/al\/wp-json\/wp\/v2\/product"}],"about":[{"href":"https:\/\/www.brikaelektrik.al\/al\/wp-json\/wp\/v2\/types\/product"}],"replies":[{"embeddable":true,"href":"https:\/\/www.brikaelektrik.al\/al\/wp-json\/wp\/v2\/comments?post=2728"}],"wp:featuredmedia":[{"embeddable":true,"href":"https:\/\/www.brikaelektrik.al\/al\/wp-json\/wp\/v2\/media\/2729"}],"wp:attachment":[{"href":"https:\/\/www.brikaelektrik.al\/al\/wp-json\/wp\/v2\/media?parent=2728"}],"wp:term":[{"taxonomy":"product_brand","embeddable":true,"href":"https:\/\/www.brikaelektrik.al\/al\/wp-json\/wp\/v2\/product_brand?post=2728"},{"taxonomy":"product_cat","embeddable":true,"href":"https:\/\/www.brikaelektrik.al\/al\/wp-json\/wp\/v2\/product_cat?post=2728"},{"taxonomy":"product_tag","embeddable":true,"href":"https:\/\/www.brikaelektrik.al\/al\/wp-json\/wp\/v2\/product_tag?post=2728"}],"curies":[{"name":"wp","href":"https:\/\/api.w.org\/{rel}","templated":true}]}}