{"id":2730,"date":"2025-08-12T12:10:47","date_gmt":"2025-08-12T12:10:47","guid":{"rendered":"https:\/\/www.brikaelektrik.al\/?post_type=product&#038;p=2730"},"modified":"2025-08-12T12:11:57","modified_gmt":"2025-08-12T12:11:57","slug":"pulsant-me-litar-i-bardhe","status":"publish","type":"product","link":"https:\/\/www.brikaelektrik.al\/al\/produkt\/pulsant-me-litar-i-bardhe\/","title":{"rendered":"PULSANT ME LITAR I BARDH\u00cb"},"content":{"rendered":"<p>Seria: Classia<br data-start=\"252\" data-end=\"255\" \/>Lloji: Buton me t\u00ebrheqje (pull-cord), 1P (NO), 10A \u2013 250V\u202fAC<br data-start=\"321\" data-end=\"324\" \/>Rryma nominale \/ Fuqia: 10A \u2013 250V\u202fAC<br data-start=\"367\" data-end=\"370\" \/>Tensioni: 250\u202fV\u202fAC<br data-start=\"392\" data-end=\"395\" \/>Montimi: Flush\u2011mounted, 1 modul<br data-start=\"430\" data-end=\"433\" \/>Ngjyra: E bardh\u00eb matte<br data-start=\"459\" data-end=\"462\" \/>Mbrojtje: IP40<br data-start=\"480\" data-end=\"483\" \/>Materiali: Plastike ABS me mbules\u00eb transparente polikarbonat<br data-start=\"547\" data-end=\"550\" \/>Formati i priz\u00ebs: 1 modul Italian standard Classia<br data-start=\"604\" data-end=\"607\" \/>P\u00ebrmasat: 45.1\u202f\u00d7\u202f22.3\u202f\u00d7\u202f27mm<br data-start=\"640\" data-end=\"643\" \/>Certifikime: CE; p\u00ebrputhje me direktivat LVD\u202f2014\/35\/EU dhe EMC\u202f2014\/30\/EU; standard IEC\/EN\u202f60669\u20112\u20111; certifikim CB-scheme<br data-start=\"770\" data-end=\"773\" \/>Pulsant me t\u00ebrheqje (pull-cord) p\u00ebr aktivizimin e komand\u00ebs; terminale me vida p\u00ebr lidhje me tel fleksib\u00ebl ose t\u00eb ngurt\u00eb deri n\u00eb 2.5\u202fmm\u00b2; p\u00ebrdorim p\u00ebr aplikime si alarmet e dhomave t\u00eb hotelit, sinjalizimi i alarmit n\u00eb banjo, etj<\/p>","protected":false},"excerpt":{"rendered":"<p>Seria: ClassiaLloji: Buton me t\u00ebrheqje (pull-cord), 1P (NO), 10A \u2013 250V\u202fACRryma nominale \/ Fuqia: 10A \u2013 250V\u202fACTensioni: 250\u202fV\u202fACMontimi: Flush\u2011mounted, 1 modulNgjyra: E bardh\u00eb matteMbrojtje: IP40Materiali: Plastike ABS me mbules\u00eb transparente polikarbonatFormati i priz\u00ebs: 1 modul Italian standard ClassiaP\u00ebrmasat: 45.1\u202f\u00d7\u202f22.3\u202f\u00d7\u202f27mmCertifikime: CE; p\u00ebrputhje me direktivat LVD\u202f2014\/35\/EU dhe EMC\u202f2014\/30\/EU; standard IEC\/EN\u202f60669\u20112\u20111; certifikim CB-schemePulsant me t\u00ebrheqje (pull-cord) p\u00ebr aktivizimin [&hellip;]<\/p>","protected":false},"featured_media":2731,"comment_status":"open","ping_status":"closed","template":"","meta":{"_acf_changed":false},"product_brand":[],"product_cat":[40,63],"product_tag":[],"class_list":{"0":"post-2730","1":"product","2":"type-product","3":"status-publish","4":"has-post-thumbnail","6":"product_cat-serite-civile","7":"product_cat-classia","9":"first","10":"instock","11":"shipping-taxable","12":"product-type-simple"},"acf":[],"_links":{"self":[{"href":"https:\/\/www.brikaelektrik.al\/al\/wp-json\/wp\/v2\/product\/2730","targetHints":{"allow":["GET"]}}],"collection":[{"href":"https:\/\/www.brikaelektrik.al\/al\/wp-json\/wp\/v2\/product"}],"about":[{"href":"https:\/\/www.brikaelektrik.al\/al\/wp-json\/wp\/v2\/types\/product"}],"replies":[{"embeddable":true,"href":"https:\/\/www.brikaelektrik.al\/al\/wp-json\/wp\/v2\/comments?post=2730"}],"wp:featuredmedia":[{"embeddable":true,"href":"https:\/\/www.brikaelektrik.al\/al\/wp-json\/wp\/v2\/media\/2731"}],"wp:attachment":[{"href":"https:\/\/www.brikaelektrik.al\/al\/wp-json\/wp\/v2\/media?parent=2730"}],"wp:term":[{"taxonomy":"product_brand","embeddable":true,"href":"https:\/\/www.brikaelektrik.al\/al\/wp-json\/wp\/v2\/product_brand?post=2730"},{"taxonomy":"product_cat","embeddable":true,"href":"https:\/\/www.brikaelektrik.al\/al\/wp-json\/wp\/v2\/product_cat?post=2730"},{"taxonomy":"product_tag","embeddable":true,"href":"https:\/\/www.brikaelektrik.al\/al\/wp-json\/wp\/v2\/product_tag?post=2730"}],"curies":[{"name":"wp","href":"https:\/\/api.w.org\/{rel}","templated":true}]}}