{"id":2732,"date":"2025-08-12T12:15:20","date_gmt":"2025-08-12T12:15:20","guid":{"rendered":"https:\/\/www.brikaelektrik.al\/?post_type=product&#038;p=2732"},"modified":"2025-08-12T12:16:27","modified_gmt":"2025-08-12T12:16:27","slug":"pulsant-i-bardhe-1p-10a","status":"publish","type":"product","link":"https:\/\/www.brikaelektrik.al\/al\/produkt\/pulsant-i-bardhe-1p-10a\/","title":{"rendered":"PULSANT I BARDH\u00cb 1P 10A"},"content":{"rendered":"<p>Seria: Classia<br data-start=\"200\" data-end=\"203\" \/>Lloji: Push-button 1P (NO), 10A \u2013 250V AC<br data-start=\"250\" data-end=\"253\" \/>Rryma nominale \/ Fuqia: 10A<br data-start=\"285\" data-end=\"288\" \/>Tensioni: 250V AC<br data-start=\"310\" data-end=\"313\" data-is-only-node=\"\" \/>Montimi: Flush-mounted, 1 modul\u00a0<br data-start=\"381\" data-end=\"384\" \/>Ngjyra: E bardh\u00eb matte\u00a0<br data-start=\"444\" data-end=\"447\" \/>Mbrojtje: IP20 ([turn0search12])<br data-start=\"483\" data-end=\"486\" \/>Materiali: Tecnopolimer \/ ABS pa halogjen\u00a0<br data-start=\"565\" data-end=\"568\" \/>Formati i priz\u00ebs: 1 modul Italian standard Classia<br data-start=\"622\" data-end=\"625\" \/>P\u00ebrmasat: 45.1\u00d722.3mm p\u00ebr panelin frontal; thell\u00ebsi instalimi ~27mm\u00a0<br data-start=\"733\" data-end=\"736\" \/>Certifikime: CE; n\u00eb p\u00ebrputhje me direktivat LVD 2014\/35 EU dhe EMC 2014\/30 EU; standarde IEC; certifikim CB-scheme\u00a0<br data-start=\"887\" data-end=\"890\" \/>Buton presor i thjesht\u00eb me kontakt 1P NO; terminal\u00eb me vida p\u00ebr lidhje deri n\u00eb 2.5 mm\u00b2; instalim i p\u00ebrshtatsh\u00ebm p\u00ebr nd\u00ebrtesa rezidenciale\/offices p\u00ebr kontroll estetik t\u00eb ndri\u00e7imit apo pajisjeve<\/p>","protected":false},"excerpt":{"rendered":"<p>Seria: ClassiaLloji: Push-button 1P (NO), 10A \u2013 250V ACRryma nominale \/ Fuqia: 10ATensioni: 250V ACMontimi: Flush-mounted, 1 modul\u00a0Ngjyra: E bardh\u00eb matte\u00a0Mbrojtje: IP20 ([turn0search12])Materiali: Tecnopolimer \/ ABS pa halogjen\u00a0Formati i priz\u00ebs: 1 modul Italian standard ClassiaP\u00ebrmasat: 45.1\u00d722.3mm p\u00ebr panelin frontal; thell\u00ebsi instalimi ~27mm\u00a0Certifikime: CE; n\u00eb p\u00ebrputhje me direktivat LVD 2014\/35 EU dhe EMC 2014\/30 EU; standarde [&hellip;]<\/p>","protected":false},"featured_media":2733,"comment_status":"open","ping_status":"closed","template":"","meta":{"_acf_changed":false},"product_brand":[],"product_cat":[40,63],"product_tag":[],"class_list":{"0":"post-2732","1":"product","2":"type-product","3":"status-publish","4":"has-post-thumbnail","6":"product_cat-serite-civile","7":"product_cat-classia","9":"first","10":"instock","11":"shipping-taxable","12":"product-type-simple"},"acf":[],"_links":{"self":[{"href":"https:\/\/www.brikaelektrik.al\/al\/wp-json\/wp\/v2\/product\/2732","targetHints":{"allow":["GET"]}}],"collection":[{"href":"https:\/\/www.brikaelektrik.al\/al\/wp-json\/wp\/v2\/product"}],"about":[{"href":"https:\/\/www.brikaelektrik.al\/al\/wp-json\/wp\/v2\/types\/product"}],"replies":[{"embeddable":true,"href":"https:\/\/www.brikaelektrik.al\/al\/wp-json\/wp\/v2\/comments?post=2732"}],"wp:featuredmedia":[{"embeddable":true,"href":"https:\/\/www.brikaelektrik.al\/al\/wp-json\/wp\/v2\/media\/2733"}],"wp:attachment":[{"href":"https:\/\/www.brikaelektrik.al\/al\/wp-json\/wp\/v2\/media?parent=2732"}],"wp:term":[{"taxonomy":"product_brand","embeddable":true,"href":"https:\/\/www.brikaelektrik.al\/al\/wp-json\/wp\/v2\/product_brand?post=2732"},{"taxonomy":"product_cat","embeddable":true,"href":"https:\/\/www.brikaelektrik.al\/al\/wp-json\/wp\/v2\/product_cat?post=2732"},{"taxonomy":"product_tag","embeddable":true,"href":"https:\/\/www.brikaelektrik.al\/al\/wp-json\/wp\/v2\/product_tag?post=2732"}],"curies":[{"name":"wp","href":"https:\/\/api.w.org\/{rel}","templated":true}]}}