{"id":2734,"date":"2025-08-12T12:18:41","date_gmt":"2025-08-12T12:18:41","guid":{"rendered":"https:\/\/www.brikaelektrik.al\/?post_type=product&#038;p=2734"},"modified":"2025-08-12T12:18:41","modified_gmt":"2025-08-12T12:18:41","slug":"prize-tv-pasante-e-zeze","status":"publish","type":"product","link":"https:\/\/www.brikaelektrik.al\/al\/produkt\/prize-tv-pasante-e-zeze\/","title":{"rendered":"PRIZ\u00cb TV PASANTE E ZEZ\u00cb"},"content":{"rendered":"<p>Seria: Classia<br data-start=\"262\" data-end=\"265\" \/>Lloji: TV socket passthrough koaksial, \u201314 dB atenuim<br data-start=\"322\" data-end=\"325\" \/>Rryma nominale \/ Fuqia: \u2014 (produkt sinjalistik, pa element elektrik me rrym\u00eb)<br data-start=\"424\" data-end=\"427\" data-is-only-node=\"\" \/>Montimi: Flush-mounted, 1 modul<br data-start=\"462\" data-end=\"465\" \/>Ngjyra: E zez\u00eb (Black satin)\u00a0<br data-start=\"535\" data-end=\"538\" \/>Mbrojtje: IP20 (instalim brenda, pa mbrojtje nga pluhuri\/uj\u00eb)\u00a0<br data-start=\"641\" data-end=\"644\" \/>Materiali: Plastik\u00eb me baz\u00eb termoplastike; baza metalike (kontaktet)\u00a0<br data-start=\"754\" data-end=\"757\" \/>Formati i priz\u00ebs: 1 modul (Italian standard)\u00a0<br data-start=\"843\" data-end=\"846\" \/>P\u00ebrmasat: 45.1mm (lart\u00ebsi) \u00d7 22.5mm (gjer\u00ebsi) \u00d7 31.5mm (thell\u00ebsi), montim ~ 41.5mm\u00a0<br data-start=\"978\" data-end=\"981\" \/>Certifikime: CE; p\u00ebrputhje me direktivat LVD 2014\/35\/EU dhe EMC 2014\/30\/EU; ndjek standardet IEC; certifikim CB-scheme\u00a0<br data-start=\"1141\" data-end=\"1144\" \/>Projektuar p\u00ebr sistemet TV centralizuar dhe satelitore me transferim sinjali dhe energjie; element passthrough koaksial p\u00ebr zgjedhjen e kanaleve; kapaku me lidhje t\u00eb mbrojtura (shielded clamps) me vida kap\u00ebse; konnektor mashkull \u00d8 9.5mm<\/p>","protected":false},"excerpt":{"rendered":"<p>Seria: ClassiaLloji: TV socket passthrough koaksial, \u201314 dB atenuimRryma nominale \/ Fuqia: \u2014 (produkt sinjalistik, pa element elektrik me rrym\u00eb)Montimi: Flush-mounted, 1 modulNgjyra: E zez\u00eb (Black satin)\u00a0Mbrojtje: IP20 (instalim brenda, pa mbrojtje nga pluhuri\/uj\u00eb)\u00a0Materiali: Plastik\u00eb me baz\u00eb termoplastike; baza metalike (kontaktet)\u00a0Formati i priz\u00ebs: 1 modul (Italian standard)\u00a0P\u00ebrmasat: 45.1mm (lart\u00ebsi) \u00d7 22.5mm (gjer\u00ebsi) \u00d7 31.5mm (thell\u00ebsi), [&hellip;]<\/p>","protected":false},"featured_media":2735,"comment_status":"open","ping_status":"closed","template":"","meta":{"_acf_changed":false},"product_brand":[],"product_cat":[40,63],"product_tag":[],"class_list":{"0":"post-2734","1":"product","2":"type-product","3":"status-publish","4":"has-post-thumbnail","6":"product_cat-serite-civile","7":"product_cat-classia","9":"first","10":"instock","11":"shipping-taxable","12":"product-type-simple"},"acf":[],"_links":{"self":[{"href":"https:\/\/www.brikaelektrik.al\/al\/wp-json\/wp\/v2\/product\/2734","targetHints":{"allow":["GET"]}}],"collection":[{"href":"https:\/\/www.brikaelektrik.al\/al\/wp-json\/wp\/v2\/product"}],"about":[{"href":"https:\/\/www.brikaelektrik.al\/al\/wp-json\/wp\/v2\/types\/product"}],"replies":[{"embeddable":true,"href":"https:\/\/www.brikaelektrik.al\/al\/wp-json\/wp\/v2\/comments?post=2734"}],"wp:featuredmedia":[{"embeddable":true,"href":"https:\/\/www.brikaelektrik.al\/al\/wp-json\/wp\/v2\/media\/2735"}],"wp:attachment":[{"href":"https:\/\/www.brikaelektrik.al\/al\/wp-json\/wp\/v2\/media?parent=2734"}],"wp:term":[{"taxonomy":"product_brand","embeddable":true,"href":"https:\/\/www.brikaelektrik.al\/al\/wp-json\/wp\/v2\/product_brand?post=2734"},{"taxonomy":"product_cat","embeddable":true,"href":"https:\/\/www.brikaelektrik.al\/al\/wp-json\/wp\/v2\/product_cat?post=2734"},{"taxonomy":"product_tag","embeddable":true,"href":"https:\/\/www.brikaelektrik.al\/al\/wp-json\/wp\/v2\/product_tag?post=2734"}],"curies":[{"name":"wp","href":"https:\/\/api.w.org\/{rel}","templated":true}]}}