{"id":2736,"date":"2025-08-12T12:22:53","date_gmt":"2025-08-12T12:22:53","guid":{"rendered":"https:\/\/www.brikaelektrik.al\/?post_type=product&#038;p=2736"},"modified":"2025-08-12T12:22:53","modified_gmt":"2025-08-12T12:22:53","slug":"prize-telefoni-rj11-e-zeze","status":"publish","type":"product","link":"https:\/\/www.brikaelektrik.al\/al\/produkt\/prize-telefoni-rj11-e-zeze\/","title":{"rendered":"PRIZ\u00cb TELEFONI RJ11 E ZEZ\u00cb"},"content":{"rendered":"<p>Seria: Classia<br data-start=\"217\" data-end=\"220\" \/>Lloji: Priz\u00eb telefonike RJ11 (4 kontakt, Connection type K10) e zez\u00eb<br data-start=\"422\" data-end=\"425\" \/>Montimi: Flush-mounted, 1 modul\u00a0<br data-start=\"498\" data-end=\"501\" \/>Ngjyra: E zez\u00eb satin\u00eb<br data-start=\"564\" data-end=\"567\" \/>Mbrojtje: IP40 (kur instalohet plot\u00ebsisht)\u00a0<br data-start=\"651\" data-end=\"654\" \/>Materiali: Plastik\u00eb ABS p\u00ebr pjes\u00ebn e jashtme dhe polikarbonat p\u00ebr kontaktet; pa halogjen, vet\u00eb-shkrihuese, rezistente ndaj UV; kontakte prej bronzi\/nik\u00ebl\/art\u00eb\u00a0<br data-start=\"854\" data-end=\"857\" \/>Formati i priz\u00ebs: 1 modul Italian standard Classia\u00a0<br data-start=\"949\" data-end=\"952\" \/>P\u00ebrmasat: 45mm (lart\u00ebsi) \u00d7 22.5mm (gjer\u00ebsi) \u00d7 8.5mm (thell\u00ebsi) <br data-start=\"1059\" data-end=\"1062\" \/>Certifikime: CE; n\u00eb p\u00ebrputhje me direktivat LVD 2014\/35 EU dhe EMC 2014\/30 EU; ndjek standardet IEC; certifikim CB-scheme\u00a0<br data-start=\"1225\" data-end=\"1228\" \/>Lidhje pa pajisje (tool-free); pranon kabllo RJ11 4P4C dhe standardet EIA-TIA 568A\/B; kontakte me rezistenc\u00eb \u2264 20 M\u03a9 dhe izolim \u2265 500 M\u03a9 (100 VDC); mund\u00ebsi p\u00ebrdorimi p\u00ebr POE + deri n\u00eb 50W<\/p>","protected":false},"excerpt":{"rendered":"<p>Seria: ClassiaLloji: Priz\u00eb telefonike RJ11 (4 kontakt, Connection type K10) e zez\u00ebMontimi: Flush-mounted, 1 modul\u00a0Ngjyra: E zez\u00eb satin\u00ebMbrojtje: IP40 (kur instalohet plot\u00ebsisht)\u00a0Materiali: Plastik\u00eb ABS p\u00ebr pjes\u00ebn e jashtme dhe polikarbonat p\u00ebr kontaktet; pa halogjen, vet\u00eb-shkrihuese, rezistente ndaj UV; kontakte prej bronzi\/nik\u00ebl\/art\u00eb\u00a0Formati i priz\u00ebs: 1 modul Italian standard Classia\u00a0P\u00ebrmasat: 45mm (lart\u00ebsi) \u00d7 22.5mm (gjer\u00ebsi) \u00d7 8.5mm [&hellip;]<\/p>","protected":false},"featured_media":2737,"comment_status":"open","ping_status":"closed","template":"","meta":{"_acf_changed":false},"product_brand":[],"product_cat":[40,63],"product_tag":[],"class_list":{"0":"post-2736","1":"product","2":"type-product","3":"status-publish","4":"has-post-thumbnail","6":"product_cat-serite-civile","7":"product_cat-classia","9":"first","10":"instock","11":"shipping-taxable","12":"product-type-simple"},"acf":[],"_links":{"self":[{"href":"https:\/\/www.brikaelektrik.al\/al\/wp-json\/wp\/v2\/product\/2736","targetHints":{"allow":["GET"]}}],"collection":[{"href":"https:\/\/www.brikaelektrik.al\/al\/wp-json\/wp\/v2\/product"}],"about":[{"href":"https:\/\/www.brikaelektrik.al\/al\/wp-json\/wp\/v2\/types\/product"}],"replies":[{"embeddable":true,"href":"https:\/\/www.brikaelektrik.al\/al\/wp-json\/wp\/v2\/comments?post=2736"}],"wp:featuredmedia":[{"embeddable":true,"href":"https:\/\/www.brikaelektrik.al\/al\/wp-json\/wp\/v2\/media\/2737"}],"wp:attachment":[{"href":"https:\/\/www.brikaelektrik.al\/al\/wp-json\/wp\/v2\/media?parent=2736"}],"wp:term":[{"taxonomy":"product_brand","embeddable":true,"href":"https:\/\/www.brikaelektrik.al\/al\/wp-json\/wp\/v2\/product_brand?post=2736"},{"taxonomy":"product_cat","embeddable":true,"href":"https:\/\/www.brikaelektrik.al\/al\/wp-json\/wp\/v2\/product_cat?post=2736"},{"taxonomy":"product_tag","embeddable":true,"href":"https:\/\/www.brikaelektrik.al\/al\/wp-json\/wp\/v2\/product_tag?post=2736"}],"curies":[{"name":"wp","href":"https:\/\/api.w.org\/{rel}","templated":true}]}}