{"id":2738,"date":"2025-08-12T12:25:16","date_gmt":"2025-08-12T12:25:16","guid":{"rendered":"https:\/\/www.brikaelektrik.al\/?post_type=product&#038;p=2738"},"modified":"2025-08-12T12:25:16","modified_gmt":"2025-08-12T12:25:16","slug":"pulsant-i-zi-1p-10a","status":"publish","type":"product","link":"https:\/\/www.brikaelektrik.al\/al\/produkt\/pulsant-i-zi-1p-10a\/","title":{"rendered":"PULSANT I ZI 1P 10A"},"content":{"rendered":"<p>Seria: Classia<br data-start=\"214\" data-end=\"217\" \/>Lloji: Push-button 1P (NO), 10A \u2013 250V AC<br data-start=\"264\" data-end=\"267\" \/>Rryma nominale \/ Fuqia: 10A<br data-start=\"299\" data-end=\"302\" \/>Tensioni: 250V AC\u00a0<br data-start=\"362\" data-end=\"365\" \/>Montimi: Flush-mounted, 1 modul\u00a0<br data-start=\"438\" data-end=\"441\" \/>Ngjyra: E zez\u00eb matte \/ satin\u00a0<br data-start=\"511\" data-end=\"514\" \/>Mbrojtje: IP40\u00a0<br data-start=\"570\" data-end=\"573\" \/>Materiali: Plastik\u00eb termoplastike ABS pa halogjen\u00a0<br data-start=\"664\" data-end=\"667\" \/>Formati i priz\u00ebs: 1 modul Italian standard Classia<br data-start=\"721\" data-end=\"724\" \/>P\u00ebrmasat: 45.1mm \u00d7 22.2mm frontalisht; thell\u00ebsi montimi ~38.9mm<br data-start=\"832\" data-end=\"835\" \/>Certifikime: CE; n\u00eb p\u00ebrputhje me direktivat LVD 2014\/35\/EU dhe EMC 2014\/30\/EU; standard IEC; certifikim CB-scheme\u00a0<br data-start=\"990\" data-end=\"993\" \/>Kontakt 1P NO; terminal\u00eb me vida p\u00ebr lidhje deri n\u00eb 2.5mm\u00b2; dizajn kompakt dhe estetik p\u00ebr ambiente rezidenciale, zyre ose komerciale<\/p>","protected":false},"excerpt":{"rendered":"<p>Seria: ClassiaLloji: Push-button 1P (NO), 10A \u2013 250V ACRryma nominale \/ Fuqia: 10ATensioni: 250V AC\u00a0Montimi: Flush-mounted, 1 modul\u00a0Ngjyra: E zez\u00eb matte \/ satin\u00a0Mbrojtje: IP40\u00a0Materiali: Plastik\u00eb termoplastike ABS pa halogjen\u00a0Formati i priz\u00ebs: 1 modul Italian standard ClassiaP\u00ebrmasat: 45.1mm \u00d7 22.2mm frontalisht; thell\u00ebsi montimi ~38.9mmCertifikime: CE; n\u00eb p\u00ebrputhje me direktivat LVD 2014\/35\/EU dhe EMC 2014\/30\/EU; standard IEC; [&hellip;]<\/p>","protected":false},"featured_media":2739,"comment_status":"open","ping_status":"closed","template":"","meta":{"_acf_changed":false},"product_brand":[],"product_cat":[40,63],"product_tag":[],"class_list":{"0":"post-2738","1":"product","2":"type-product","3":"status-publish","4":"has-post-thumbnail","6":"product_cat-serite-civile","7":"product_cat-classia","9":"first","10":"instock","11":"shipping-taxable","12":"product-type-simple"},"acf":[],"_links":{"self":[{"href":"https:\/\/www.brikaelektrik.al\/al\/wp-json\/wp\/v2\/product\/2738","targetHints":{"allow":["GET"]}}],"collection":[{"href":"https:\/\/www.brikaelektrik.al\/al\/wp-json\/wp\/v2\/product"}],"about":[{"href":"https:\/\/www.brikaelektrik.al\/al\/wp-json\/wp\/v2\/types\/product"}],"replies":[{"embeddable":true,"href":"https:\/\/www.brikaelektrik.al\/al\/wp-json\/wp\/v2\/comments?post=2738"}],"wp:featuredmedia":[{"embeddable":true,"href":"https:\/\/www.brikaelektrik.al\/al\/wp-json\/wp\/v2\/media\/2739"}],"wp:attachment":[{"href":"https:\/\/www.brikaelektrik.al\/al\/wp-json\/wp\/v2\/media?parent=2738"}],"wp:term":[{"taxonomy":"product_brand","embeddable":true,"href":"https:\/\/www.brikaelektrik.al\/al\/wp-json\/wp\/v2\/product_brand?post=2738"},{"taxonomy":"product_cat","embeddable":true,"href":"https:\/\/www.brikaelektrik.al\/al\/wp-json\/wp\/v2\/product_cat?post=2738"},{"taxonomy":"product_tag","embeddable":true,"href":"https:\/\/www.brikaelektrik.al\/al\/wp-json\/wp\/v2\/product_tag?post=2738"}],"curies":[{"name":"wp","href":"https:\/\/api.w.org\/{rel}","templated":true}]}}