{"id":2740,"date":"2025-08-12T12:30:21","date_gmt":"2025-08-12T12:30:21","guid":{"rendered":"https:\/\/www.brikaelektrik.al\/?post_type=product&#038;p=2740"},"modified":"2025-08-12T12:30:21","modified_gmt":"2025-08-12T12:30:21","slug":"pulsant-i-zi-1p-10a-me-drite","status":"publish","type":"product","link":"https:\/\/www.brikaelektrik.al\/al\/produkt\/pulsant-i-zi-1p-10a-me-drite\/","title":{"rendered":"PULSANT I ZI 1P 10A (ME DRIT\u00cb)"},"content":{"rendered":"<p>Seria: Classia<br data-start=\"175\" data-end=\"178\" \/>Lloji: Push-button 1P (NO), 10A \u2013 250V AC, i ndri\u00e7uar me LED t\u00eb integruar 230V<br data-start=\"263\" data-end=\"266\" \/>Rryma nominale \/ Fuqia: 10A<br data-start=\"298\" data-end=\"301\" \/>Tensioni: 250V AC<br data-start=\"323\" data-end=\"326\" data-is-only-node=\"\" \/>Montimi: Flush-mounted, 1 modul\u00a0<br data-start=\"399\" data-end=\"402\" \/>Ngjyra: E zez\u00eb satin \/ matte\u00a0<br data-start=\"472\" data-end=\"475\" \/>Mbrojtje: IP40\u00a0<br data-start=\"531\" data-end=\"534\" \/>Materiali: Plastik\u00eb ABS pa halogjen, sip\u00ebrfaqe vet\u00eb-shkrihuese dhe rezistente ndaj UV <br data-start=\"661\" data-end=\"664\" \/>Formati i priz\u00ebs: 1 modul Italian standard Classia<br data-start=\"718\" data-end=\"721\" \/>P\u00ebrmasat: 45.1 \u00d7 22.2mm frontalisht; thell\u00ebsi montimi ~38.9mm\u00a0<br data-start=\"826\" data-end=\"829\" \/>Certifikime: CE; n\u00eb p\u00ebrputhje me LVD 2014\/35\/EU dhe EMC 2014\/30\/EU; standard IEC; certifikim CB-scheme\u00a0<br data-start=\"973\" data-end=\"976\" \/>Pulsant standard 1P NO me ndri\u00e7im LED t\u00eb integruar; terminal\u00eb me vida p\u00ebr lidhje deri n\u00eb 2.5mm\u00b2; konsum minimal; dizajn kompakt dhe estetik p\u00ebr ambiente rezidenciale ose profesionale<\/p>","protected":false},"excerpt":{"rendered":"<p>Seria: ClassiaLloji: Push-button 1P (NO), 10A \u2013 250V AC, i ndri\u00e7uar me LED t\u00eb integruar 230VRryma nominale \/ Fuqia: 10ATensioni: 250V ACMontimi: Flush-mounted, 1 modul\u00a0Ngjyra: E zez\u00eb satin \/ matte\u00a0Mbrojtje: IP40\u00a0Materiali: Plastik\u00eb ABS pa halogjen, sip\u00ebrfaqe vet\u00eb-shkrihuese dhe rezistente ndaj UV Formati i priz\u00ebs: 1 modul Italian standard ClassiaP\u00ebrmasat: 45.1 \u00d7 22.2mm frontalisht; thell\u00ebsi montimi [&hellip;]<\/p>","protected":false},"featured_media":2741,"comment_status":"open","ping_status":"closed","template":"","meta":{"_acf_changed":false},"product_brand":[],"product_cat":[40,63],"product_tag":[],"class_list":{"0":"post-2740","1":"product","2":"type-product","3":"status-publish","4":"has-post-thumbnail","6":"product_cat-serite-civile","7":"product_cat-classia","9":"first","10":"instock","11":"shipping-taxable","12":"product-type-simple"},"acf":[],"_links":{"self":[{"href":"https:\/\/www.brikaelektrik.al\/al\/wp-json\/wp\/v2\/product\/2740","targetHints":{"allow":["GET"]}}],"collection":[{"href":"https:\/\/www.brikaelektrik.al\/al\/wp-json\/wp\/v2\/product"}],"about":[{"href":"https:\/\/www.brikaelektrik.al\/al\/wp-json\/wp\/v2\/types\/product"}],"replies":[{"embeddable":true,"href":"https:\/\/www.brikaelektrik.al\/al\/wp-json\/wp\/v2\/comments?post=2740"}],"wp:featuredmedia":[{"embeddable":true,"href":"https:\/\/www.brikaelektrik.al\/al\/wp-json\/wp\/v2\/media\/2741"}],"wp:attachment":[{"href":"https:\/\/www.brikaelektrik.al\/al\/wp-json\/wp\/v2\/media?parent=2740"}],"wp:term":[{"taxonomy":"product_brand","embeddable":true,"href":"https:\/\/www.brikaelektrik.al\/al\/wp-json\/wp\/v2\/product_brand?post=2740"},{"taxonomy":"product_cat","embeddable":true,"href":"https:\/\/www.brikaelektrik.al\/al\/wp-json\/wp\/v2\/product_cat?post=2740"},{"taxonomy":"product_tag","embeddable":true,"href":"https:\/\/www.brikaelektrik.al\/al\/wp-json\/wp\/v2\/product_tag?post=2740"}],"curies":[{"name":"wp","href":"https:\/\/api.w.org\/{rel}","templated":true}]}}