{"id":2742,"date":"2025-08-12T12:38:49","date_gmt":"2025-08-12T12:38:49","guid":{"rendered":"https:\/\/www.brikaelektrik.al\/?post_type=product&#038;p=2742"},"modified":"2025-08-12T12:38:49","modified_gmt":"2025-08-12T12:38:49","slug":"pulsant-me-litar-i-zi","status":"publish","type":"product","link":"https:\/\/www.brikaelektrik.al\/al\/produkt\/pulsant-me-litar-i-zi\/","title":{"rendered":"PULSANT ME LITAR I ZI"},"content":{"rendered":"<p>Seria: Classia<br data-start=\"210\" data-end=\"213\" \/>Lloji: Push-button me t\u00ebrheqje (pull-cord) 1P (NO) 10A \u2013 250V AC\u00a0<br data-start=\"321\" data-end=\"324\" \/>Rryma nominale \/ Fuqia: 10A\u00a0<br data-start=\"394\" data-end=\"397\" \/>Tensioni: 250V AC\u00a0<br data-start=\"457\" data-end=\"460\" \/>Montimi: Flush-mounted, 1 modul\u00a0<br data-start=\"533\" data-end=\"536\" \/>Ngjyra: E zez\u00eb satin\u00eb\/mate\u00a0<br data-start=\"604\" data-end=\"607\" \/>Mbrojtje: IP40\u00a0<br data-start=\"663\" data-end=\"666\" \/>Materiali: Plastik\u00eb ABS pa halogjen, p\u00ebrb\u00ebrje rezistente ndaj UV\u00a0<br data-start=\"772\" data-end=\"775\" \/>Formati i priz\u00ebs: 1 modul Italian standard Classia<br data-start=\"829\" data-end=\"832\" \/>P\u00ebrmasat: 45.1 \u00d7 22.3mm frontalisht; thell\u00ebsi montimi ~27mm\u00a0<br data-start=\"935\" data-end=\"938\" \/>Certifikime: CE; p\u00ebrputhje me direktivat LVD 2014\/35\/EU dhe EMC 2014\/30\/EU; ndjek standardet IEC; certifikim CB-scheme\u00a0<br data-start=\"1098\" data-end=\"1101\" \/>E aktivizueshme me t\u00ebrheqje dore (pull-cord), ideal p\u00ebr ambiente hotelerie ose banjo p\u00ebr thirrje\/sh\u00ebrbim, dizajn estetik dhe i thjesht\u00eb p\u00ebr p\u00ebrdorim prej p\u00ebrdoruesve t\u00eb ndrysh\u00ebm<\/p>","protected":false},"excerpt":{"rendered":"<p>Seria: ClassiaLloji: Push-button me t\u00ebrheqje (pull-cord) 1P (NO) 10A \u2013 250V AC\u00a0Rryma nominale \/ Fuqia: 10A\u00a0Tensioni: 250V AC\u00a0Montimi: Flush-mounted, 1 modul\u00a0Ngjyra: E zez\u00eb satin\u00eb\/mate\u00a0Mbrojtje: IP40\u00a0Materiali: Plastik\u00eb ABS pa halogjen, p\u00ebrb\u00ebrje rezistente ndaj UV\u00a0Formati i priz\u00ebs: 1 modul Italian standard ClassiaP\u00ebrmasat: 45.1 \u00d7 22.3mm frontalisht; thell\u00ebsi montimi ~27mm\u00a0Certifikime: CE; p\u00ebrputhje me direktivat LVD 2014\/35\/EU dhe EMC [&hellip;]<\/p>","protected":false},"featured_media":2743,"comment_status":"open","ping_status":"closed","template":"","meta":{"_acf_changed":false},"product_brand":[],"product_cat":[40,63],"product_tag":[],"class_list":{"0":"post-2742","1":"product","2":"type-product","3":"status-publish","4":"has-post-thumbnail","6":"product_cat-serite-civile","7":"product_cat-classia","9":"first","10":"instock","11":"shipping-taxable","12":"product-type-simple"},"acf":[],"_links":{"self":[{"href":"https:\/\/www.brikaelektrik.al\/al\/wp-json\/wp\/v2\/product\/2742","targetHints":{"allow":["GET"]}}],"collection":[{"href":"https:\/\/www.brikaelektrik.al\/al\/wp-json\/wp\/v2\/product"}],"about":[{"href":"https:\/\/www.brikaelektrik.al\/al\/wp-json\/wp\/v2\/types\/product"}],"replies":[{"embeddable":true,"href":"https:\/\/www.brikaelektrik.al\/al\/wp-json\/wp\/v2\/comments?post=2742"}],"wp:featuredmedia":[{"embeddable":true,"href":"https:\/\/www.brikaelektrik.al\/al\/wp-json\/wp\/v2\/media\/2743"}],"wp:attachment":[{"href":"https:\/\/www.brikaelektrik.al\/al\/wp-json\/wp\/v2\/media?parent=2742"}],"wp:term":[{"taxonomy":"product_brand","embeddable":true,"href":"https:\/\/www.brikaelektrik.al\/al\/wp-json\/wp\/v2\/product_brand?post=2742"},{"taxonomy":"product_cat","embeddable":true,"href":"https:\/\/www.brikaelektrik.al\/al\/wp-json\/wp\/v2\/product_cat?post=2742"},{"taxonomy":"product_tag","embeddable":true,"href":"https:\/\/www.brikaelektrik.al\/al\/wp-json\/wp\/v2\/product_tag?post=2742"}],"curies":[{"name":"wp","href":"https:\/\/api.w.org\/{rel}","templated":true}]}}