{"id":2744,"date":"2025-08-12T12:43:58","date_gmt":"2025-08-12T12:43:58","guid":{"rendered":"https:\/\/www.brikaelektrik.al\/?post_type=product&#038;p=2744"},"modified":"2025-08-12T12:43:58","modified_gmt":"2025-08-12T12:43:58","slug":"pulsant-qepeni-0-1-2-i-zi","status":"publish","type":"product","link":"https:\/\/www.brikaelektrik.al\/al\/produkt\/pulsant-qepeni-0-1-2-i-zi\/","title":{"rendered":"PULSANT QEPENI 0-1-2 I ZI"},"content":{"rendered":"<p>Seria: Classia<br data-start=\"194\" data-end=\"197\" \/>Lloji: Shutter switch i dyfisht\u00eb, 1P (NO) + 1P (NO), 10A \u2013 250V AC, me mekaniz\u00ebm interlocked (nuk mund t\u00eb shtypen nj\u00ebher\u00ebsh)\u00a0<br data-start=\"365\" data-end=\"368\" \/>Rryma nominale \/ Fuqia: 10A\u00a0<br data-start=\"438\" data-end=\"441\" \/>Tensioni: 250V AC\u00a0<br data-start=\"501\" data-end=\"504\" \/>Montimi: Flush-mounted, 1 modul Classia<br data-start=\"547\" data-end=\"550\" \/>Ngjyra: E zez\u00eb satin\u00eb\/mate <br data-start=\"618\" data-end=\"621\" \/>Mbrojtje: IP40 (pa mbrojtje ndaj ujit\/pluhuri)<br data-start=\"672\" data-end=\"675\" \/>Materiali: Termoplastik\u00eb ABS pa halogjen, me sip\u00ebrfaqe rezistente ndaj UV dhe vet\u00eb-shkrihuese<br data-start=\"772\" data-end=\"775\" \/>Formati i priz\u00ebs: 1 modul Italian standard Classia<br data-start=\"829\" data-end=\"832\" \/>P\u00ebrmasat: Standard i nj\u00eb modulit (~45 \u00d7 22mm frontalisht, thell\u00ebsi moduli klasik)<br data-start=\"918\" data-end=\"921\" \/>Certifikime: CE; n\u00eb p\u00ebrputhje me direktivat LVD 2014\/35 EU dhe EMC 2014\/30 EU; standardet IEC; certifikim CB-scheme\u00a0<br data-start=\"1078\" data-end=\"1081\" \/>Dy butona unipolar\u00eb 1P NO q\u00eb nuk mund t\u00eb veprojn\u00eb nj\u00ebher\u00ebsh (interlocked); dizajne elegante dhe moderne; ideal p\u00ebr kontroll t\u00eb roletave (shutters) e jo vet\u00ebm dritave<\/p>","protected":false},"excerpt":{"rendered":"<p>Seria: ClassiaLloji: Shutter switch i dyfisht\u00eb, 1P (NO) + 1P (NO), 10A \u2013 250V AC, me mekaniz\u00ebm interlocked (nuk mund t\u00eb shtypen nj\u00ebher\u00ebsh)\u00a0Rryma nominale \/ Fuqia: 10A\u00a0Tensioni: 250V AC\u00a0Montimi: Flush-mounted, 1 modul ClassiaNgjyra: E zez\u00eb satin\u00eb\/mate Mbrojtje: IP40 (pa mbrojtje ndaj ujit\/pluhuri)Materiali: Termoplastik\u00eb ABS pa halogjen, me sip\u00ebrfaqe rezistente ndaj UV dhe vet\u00eb-shkrihueseFormati i priz\u00ebs: [&hellip;]<\/p>","protected":false},"featured_media":2745,"comment_status":"open","ping_status":"closed","template":"","meta":{"_acf_changed":false},"product_brand":[],"product_cat":[40,63],"product_tag":[],"class_list":{"0":"post-2744","1":"product","2":"type-product","3":"status-publish","4":"has-post-thumbnail","6":"product_cat-serite-civile","7":"product_cat-classia","9":"first","10":"instock","11":"shipping-taxable","12":"product-type-simple"},"acf":[],"_links":{"self":[{"href":"https:\/\/www.brikaelektrik.al\/al\/wp-json\/wp\/v2\/product\/2744","targetHints":{"allow":["GET"]}}],"collection":[{"href":"https:\/\/www.brikaelektrik.al\/al\/wp-json\/wp\/v2\/product"}],"about":[{"href":"https:\/\/www.brikaelektrik.al\/al\/wp-json\/wp\/v2\/types\/product"}],"replies":[{"embeddable":true,"href":"https:\/\/www.brikaelektrik.al\/al\/wp-json\/wp\/v2\/comments?post=2744"}],"wp:featuredmedia":[{"embeddable":true,"href":"https:\/\/www.brikaelektrik.al\/al\/wp-json\/wp\/v2\/media\/2745"}],"wp:attachment":[{"href":"https:\/\/www.brikaelektrik.al\/al\/wp-json\/wp\/v2\/media?parent=2744"}],"wp:term":[{"taxonomy":"product_brand","embeddable":true,"href":"https:\/\/www.brikaelektrik.al\/al\/wp-json\/wp\/v2\/product_brand?post=2744"},{"taxonomy":"product_cat","embeddable":true,"href":"https:\/\/www.brikaelektrik.al\/al\/wp-json\/wp\/v2\/product_cat?post=2744"},{"taxonomy":"product_tag","embeddable":true,"href":"https:\/\/www.brikaelektrik.al\/al\/wp-json\/wp\/v2\/product_tag?post=2744"}],"curies":[{"name":"wp","href":"https:\/\/api.w.org\/{rel}","templated":true}]}}