{"id":2746,"date":"2025-08-12T12:48:40","date_gmt":"2025-08-12T12:48:40","guid":{"rendered":"https:\/\/www.brikaelektrik.al\/?post_type=product&#038;p=2746"},"modified":"2025-08-12T12:48:41","modified_gmt":"2025-08-12T12:48:41","slug":"pulsant-me-shenje-i-zi","status":"publish","type":"product","link":"https:\/\/www.brikaelektrik.al\/al\/produkt\/pulsant-me-shenje-i-zi\/","title":{"rendered":"PULSANT ME SHENJ\u00cb I ZI"},"content":{"rendered":"<p>Seria: Classia<br data-start=\"243\" data-end=\"246\" \/>Lloji: Push-button 1P (NO) 10A \u2013 250V AC me simbolin e zile, i ndri\u00e7uar me LED 230V t\u00eb integruar\u00a0<br data-start=\"387\" data-end=\"390\" \/>Rryma nominale \/ Fuqia: 10A <br data-start=\"460\" data-end=\"463\" \/>Tensioni: 250V AC\u00a0<br data-start=\"523\" data-end=\"526\" \/>Montimi: Flush-mounted, 1 modul\u00a0<br data-start=\"599\" data-end=\"602\" \/>Ngjyra: E zez\u00eb satin\/ mate\u00a0<br data-start=\"670\" data-end=\"673\" \/>Mbrojtje: IP40\u00a0<br data-start=\"729\" data-end=\"732\" \/>Materiali: Plastik\u00eb ABS pa halogjen<br data-start=\"809\" data-end=\"812\" \/>Formati i priz\u00ebs: 1 modul Italian standard Classia<br data-start=\"866\" data-end=\"869\" \/>P\u00ebrmasat: 45.1 \u00d7 22.3mm frontalisht; thell\u00ebsi instalimi standard (~27mm)\u00a0<br data-start=\"985\" data-end=\"988\" \/>Certifikime: CE; n\u00eb p\u00ebrputhje me direktivat LVD 2014\/35\/EU, EMC 2014\/30\/EU; standarde IEC; certifikim CB-scheme\u00a0<br data-start=\"1141\" data-end=\"1144\" \/>Buton me simbol zile; ndri\u00e7im LED 230 V i integruar; lidhje me terminale me vida; dizajn elegant minimalist, ideal p\u00ebr ambiente rezidenciale dhe komerciale<\/p>","protected":false},"excerpt":{"rendered":"<p>Seria: ClassiaLloji: Push-button 1P (NO) 10A \u2013 250V AC me simbolin e zile, i ndri\u00e7uar me LED 230V t\u00eb integruar\u00a0Rryma nominale \/ Fuqia: 10A Tensioni: 250V AC\u00a0Montimi: Flush-mounted, 1 modul\u00a0Ngjyra: E zez\u00eb satin\/ mate\u00a0Mbrojtje: IP40\u00a0Materiali: Plastik\u00eb ABS pa halogjenFormati i priz\u00ebs: 1 modul Italian standard ClassiaP\u00ebrmasat: 45.1 \u00d7 22.3mm frontalisht; thell\u00ebsi instalimi standard (~27mm)\u00a0Certifikime: CE; [&hellip;]<\/p>","protected":false},"featured_media":2747,"comment_status":"open","ping_status":"closed","template":"","meta":{"_acf_changed":false},"product_brand":[],"product_cat":[40,63],"product_tag":[],"class_list":{"0":"post-2746","1":"product","2":"type-product","3":"status-publish","4":"has-post-thumbnail","6":"product_cat-serite-civile","7":"product_cat-classia","9":"first","10":"instock","11":"shipping-taxable","12":"product-type-simple"},"acf":[],"_links":{"self":[{"href":"https:\/\/www.brikaelektrik.al\/al\/wp-json\/wp\/v2\/product\/2746","targetHints":{"allow":["GET"]}}],"collection":[{"href":"https:\/\/www.brikaelektrik.al\/al\/wp-json\/wp\/v2\/product"}],"about":[{"href":"https:\/\/www.brikaelektrik.al\/al\/wp-json\/wp\/v2\/types\/product"}],"replies":[{"embeddable":true,"href":"https:\/\/www.brikaelektrik.al\/al\/wp-json\/wp\/v2\/comments?post=2746"}],"wp:featuredmedia":[{"embeddable":true,"href":"https:\/\/www.brikaelektrik.al\/al\/wp-json\/wp\/v2\/media\/2747"}],"wp:attachment":[{"href":"https:\/\/www.brikaelektrik.al\/al\/wp-json\/wp\/v2\/media?parent=2746"}],"wp:term":[{"taxonomy":"product_brand","embeddable":true,"href":"https:\/\/www.brikaelektrik.al\/al\/wp-json\/wp\/v2\/product_brand?post=2746"},{"taxonomy":"product_cat","embeddable":true,"href":"https:\/\/www.brikaelektrik.al\/al\/wp-json\/wp\/v2\/product_cat?post=2746"},{"taxonomy":"product_tag","embeddable":true,"href":"https:\/\/www.brikaelektrik.al\/al\/wp-json\/wp\/v2\/product_tag?post=2746"}],"curies":[{"name":"wp","href":"https:\/\/api.w.org\/{rel}","templated":true}]}}