{"id":2748,"date":"2025-08-12T12:53:40","date_gmt":"2025-08-12T12:53:40","guid":{"rendered":"https:\/\/www.brikaelektrik.al\/?post_type=product&#038;p=2748"},"modified":"2025-08-12T12:53:40","modified_gmt":"2025-08-12T12:53:40","slug":"prize-tv-e-zeze","status":"publish","type":"product","link":"https:\/\/www.brikaelektrik.al\/al\/produkt\/prize-tv-e-zeze\/","title":{"rendered":"PRIZ\u00cb TV E ZEZ\u00cb"},"content":{"rendered":"<p>Seria: Classia<br data-start=\"132\" data-end=\"135\" \/>Lloji: Priz\u00eb TV \u201cstar\u201d koaksiale p\u00ebr sistem ajri t\u00eb p\u00ebrdoruesit t\u00eb vet\u00ebm, me aft\u00ebsi p\u00ebr furnizim me energji dhe sistem satelitor\u00a0<br data-start=\"395\" data-end=\"398\" \/>Montimi: Flush-mounted, 1 modul <br data-start=\"473\" data-end=\"476\" \/>Ngjyra: E zez\u00eb satin<br data-start=\"540\" data-end=\"543\" \/>Mbrojtje: IP20D (sapo instalohet), IK04 kund\u00ebr goditjes\u00a0<br data-start=\"642\" data-end=\"645\" \/>Materiali: Pjesa e p\u00ebrparme plastik\u00eb ABS pa halogjen; mekanizmi nga zamak; imponim vet\u00ebshkrih\u00ebs dhe rezistent ndaj UV, me vet\u00ebndezje n\u00eb 650 \u00b0C \/ 850 \u00b0C p\u00ebr pjes\u00ebt e izolimit\u00a0<br data-start=\"862\" data-end=\"865\" \/>Formati i priz\u00ebs: 1 modul Italian standard Classia<br data-start=\"919\" data-end=\"922\" \/>P\u00ebrmasat: 45.1 \u00d7 22.5 \u00d7 21.7mm (frontal\/baz\u00eb\/izolim), montim ~9.8mm\u00a0<br data-start=\"1046\" data-end=\"1049\" \/>Certifikime: CE; n\u00eb p\u00ebrputhje me direktivat LVD 2014\/35\/EU dhe EMC 2014\/30\/EU; standardet IEC dhe CB-scheme\u00a0<br data-start=\"1200\" data-end=\"1203\" \/>Konektor male \u00d8 9.5mm; kapje mbrojt\u00ebse t\u00eb lidhjes me vida; projektuar p\u00ebr sistem TV ajri dhe satelit, n\u00eb konfigurime centralizuese me transferim t\u00eb sinjalit dhe energjis\u00eb<\/p>","protected":false},"excerpt":{"rendered":"<p>Seria: ClassiaLloji: Priz\u00eb TV \u201cstar\u201d koaksiale p\u00ebr sistem ajri t\u00eb p\u00ebrdoruesit t\u00eb vet\u00ebm, me aft\u00ebsi p\u00ebr furnizim me energji dhe sistem satelitor\u00a0Montimi: Flush-mounted, 1 modul Ngjyra: E zez\u00eb satinMbrojtje: IP20D (sapo instalohet), IK04 kund\u00ebr goditjes\u00a0Materiali: Pjesa e p\u00ebrparme plastik\u00eb ABS pa halogjen; mekanizmi nga zamak; imponim vet\u00ebshkrih\u00ebs dhe rezistent ndaj UV, me vet\u00ebndezje n\u00eb 650 [&hellip;]<\/p>","protected":false},"featured_media":2749,"comment_status":"open","ping_status":"closed","template":"","meta":{"_acf_changed":false},"product_brand":[],"product_cat":[40,63],"product_tag":[],"class_list":{"0":"post-2748","1":"product","2":"type-product","3":"status-publish","4":"has-post-thumbnail","6":"product_cat-serite-civile","7":"product_cat-classia","9":"first","10":"instock","11":"shipping-taxable","12":"product-type-simple"},"acf":[],"_links":{"self":[{"href":"https:\/\/www.brikaelektrik.al\/al\/wp-json\/wp\/v2\/product\/2748","targetHints":{"allow":["GET"]}}],"collection":[{"href":"https:\/\/www.brikaelektrik.al\/al\/wp-json\/wp\/v2\/product"}],"about":[{"href":"https:\/\/www.brikaelektrik.al\/al\/wp-json\/wp\/v2\/types\/product"}],"replies":[{"embeddable":true,"href":"https:\/\/www.brikaelektrik.al\/al\/wp-json\/wp\/v2\/comments?post=2748"}],"wp:featuredmedia":[{"embeddable":true,"href":"https:\/\/www.brikaelektrik.al\/al\/wp-json\/wp\/v2\/media\/2749"}],"wp:attachment":[{"href":"https:\/\/www.brikaelektrik.al\/al\/wp-json\/wp\/v2\/media?parent=2748"}],"wp:term":[{"taxonomy":"product_brand","embeddable":true,"href":"https:\/\/www.brikaelektrik.al\/al\/wp-json\/wp\/v2\/product_brand?post=2748"},{"taxonomy":"product_cat","embeddable":true,"href":"https:\/\/www.brikaelektrik.al\/al\/wp-json\/wp\/v2\/product_cat?post=2748"},{"taxonomy":"product_tag","embeddable":true,"href":"https:\/\/www.brikaelektrik.al\/al\/wp-json\/wp\/v2\/product_tag?post=2748"}],"curies":[{"name":"wp","href":"https:\/\/api.w.org\/{rel}","templated":true}]}}