{"id":2750,"date":"2025-08-12T12:56:18","date_gmt":"2025-08-12T12:56:18","guid":{"rendered":"https:\/\/www.brikaelektrik.al\/?post_type=product&#038;p=2750"},"modified":"2025-08-12T12:56:18","modified_gmt":"2025-08-12T12:56:18","slug":"pulsant-i-bardhe-1p-10a-me-drite","status":"publish","type":"product","link":"https:\/\/www.brikaelektrik.al\/al\/produkt\/pulsant-i-bardhe-1p-10a-me-drite\/","title":{"rendered":"PULSANT I BARDH\u00cb 1P 10A (ME DRIT\u00cb)"},"content":{"rendered":"<p>Seria: Classia<br data-start=\"275\" data-end=\"278\" \/>Lloji: Push-button 1P (NO) 10A \u2013 250V AC me ndri\u00e7im LED 230V t\u00eb integruar\u00a0<br data-start=\"396\" data-end=\"399\" \/>Rryma nominale \/ Fuqia: 10A\u00a0<br data-start=\"469\" data-end=\"472\" \/>Tensioni: 250V AC\u00a0<br data-start=\"532\" data-end=\"535\" \/>Montimi: Flush-mounted, 1 modul\u00a0<br data-start=\"608\" data-end=\"611\" \/>Ngjyra: E bardh\u00eb matte\u00a0<br data-start=\"675\" data-end=\"678\" \/>Mbrojtje: IP40 (pas instalimit t\u00eb plot\u00eb)\u00a0<br data-start=\"760\" data-end=\"763\" \/>Materiali: PC\/ABS pa halogjen, vet\u00eb-shkrihuese dhe rezistente ndaj UV\u00a0<br data-start=\"874\" data-end=\"877\" \/>Formati i priz\u00ebs: 1 modul Italian standard Classia<br data-start=\"931\" data-end=\"934\" \/>P\u00ebrmasat: lart\u00ebsi 45.1mm \u00d7 gjer\u00ebsi 22.2mm, thell\u00ebsi montimi ~38.9mm\u00a0<br data-start=\"1046\" data-end=\"1049\" \/>Certifikime: CE; p\u00ebrputhet me direktivat LVD 2014\/35 EU dhe EMC 2014\/30 EU; standarde IEC; certifikim CB-scheme<br \/>\nNdri\u00e7im LED 230 V i integruar; lidhje me terminale me vida; dizajn i past\u00ebr dhe elegant p\u00ebr ambiente moderne<\/p>","protected":false},"excerpt":{"rendered":"<p>Seria: ClassiaLloji: Push-button 1P (NO) 10A \u2013 250V AC me ndri\u00e7im LED 230V t\u00eb integruar\u00a0Rryma nominale \/ Fuqia: 10A\u00a0Tensioni: 250V AC\u00a0Montimi: Flush-mounted, 1 modul\u00a0Ngjyra: E bardh\u00eb matte\u00a0Mbrojtje: IP40 (pas instalimit t\u00eb plot\u00eb)\u00a0Materiali: PC\/ABS pa halogjen, vet\u00eb-shkrihuese dhe rezistente ndaj UV\u00a0Formati i priz\u00ebs: 1 modul Italian standard ClassiaP\u00ebrmasat: lart\u00ebsi 45.1mm \u00d7 gjer\u00ebsi 22.2mm, thell\u00ebsi montimi ~38.9mm\u00a0Certifikime: [&hellip;]<\/p>","protected":false},"featured_media":2751,"comment_status":"open","ping_status":"closed","template":"","meta":{"_acf_changed":false},"product_brand":[],"product_cat":[40,63],"product_tag":[],"class_list":{"0":"post-2750","1":"product","2":"type-product","3":"status-publish","4":"has-post-thumbnail","6":"product_cat-serite-civile","7":"product_cat-classia","9":"first","10":"instock","11":"shipping-taxable","12":"product-type-simple"},"acf":[],"_links":{"self":[{"href":"https:\/\/www.brikaelektrik.al\/al\/wp-json\/wp\/v2\/product\/2750","targetHints":{"allow":["GET"]}}],"collection":[{"href":"https:\/\/www.brikaelektrik.al\/al\/wp-json\/wp\/v2\/product"}],"about":[{"href":"https:\/\/www.brikaelektrik.al\/al\/wp-json\/wp\/v2\/types\/product"}],"replies":[{"embeddable":true,"href":"https:\/\/www.brikaelektrik.al\/al\/wp-json\/wp\/v2\/comments?post=2750"}],"wp:featuredmedia":[{"embeddable":true,"href":"https:\/\/www.brikaelektrik.al\/al\/wp-json\/wp\/v2\/media\/2751"}],"wp:attachment":[{"href":"https:\/\/www.brikaelektrik.al\/al\/wp-json\/wp\/v2\/media?parent=2750"}],"wp:term":[{"taxonomy":"product_brand","embeddable":true,"href":"https:\/\/www.brikaelektrik.al\/al\/wp-json\/wp\/v2\/product_brand?post=2750"},{"taxonomy":"product_cat","embeddable":true,"href":"https:\/\/www.brikaelektrik.al\/al\/wp-json\/wp\/v2\/product_cat?post=2750"},{"taxonomy":"product_tag","embeddable":true,"href":"https:\/\/www.brikaelektrik.al\/al\/wp-json\/wp\/v2\/product_tag?post=2750"}],"curies":[{"name":"wp","href":"https:\/\/api.w.org\/{rel}","templated":true}]}}