{"id":2754,"date":"2025-08-13T08:58:16","date_gmt":"2025-08-13T08:58:16","guid":{"rendered":"https:\/\/www.brikaelektrik.al\/?post_type=product&#038;p=2754"},"modified":"2025-08-13T08:58:16","modified_gmt":"2025-08-13T08:58:16","slug":"prize-karikues-usb-3a-a-c","status":"publish","type":"product","link":"https:\/\/www.brikaelektrik.al\/al\/produkt\/prize-karikues-usb-3a-a-c\/","title":{"rendered":"PRIZ\u00cb KARIKUES USB 3A A\/C"},"content":{"rendered":"<p>Seria: Classia<br data-start=\"261\" data-end=\"264\" \/>Lloji: Karikues USB me 2 porta (Type A dhe Type C), fuqi maksimale 15W (3 A)<br data-start=\"345\" data-end=\"348\" \/>Rryma nominale \/ Fuqia: 15W (3A total)\u00a0<br data-start=\"430\" data-end=\"433\" \/>Tensioni: 100\u2013240V AC, 50\/60Hz (alimentim direkt) <br data-start=\"526\" data-end=\"529\" \/>Montimi: Flush-mounted (mural), 1 modul (por gjendet n\u00eb katalog si &#8220;2 modules&#8221;, nd\u00ebrsa fizikisht punon si 1 modul)\u00a0<br data-start=\"685\" data-end=\"688\" \/>Ngjyra: E zez\u00eb satin\u00eb\u00a0<br data-start=\"751\" data-end=\"754\" \/>Mbrojtje: IP20 p\u00ebr ambient t\u00eb brendsh\u00ebm (standard p\u00ebr k\u00ebto pajisje)<br data-start=\"825\" data-end=\"828\" \/>Materiali: Termoplastik\u00eb pa halogjen<br data-start=\"868\" data-end=\"871\" \/>Formati i priz\u00ebs: 1 modul (Italian standard Classia)<br data-start=\"927\" data-end=\"930\" \/>P\u00ebrmasat: Standard p\u00ebr modul Classia (~45 \u00d7 22mm frontal, thell\u00ebsi tipike montimi)<br data-start=\"1017\" data-end=\"1020\" \/>Certifikime: CE; p\u00ebrputhje me direktivat evropiane LVD 2014\/35\/EU dhe EMC 2014\/30\/EU; standardet IEC; certifikim CB-scheme<br data-start=\"1184\" data-end=\"1187\" \/>Specifikime shtes\u00eb: Output 5V DC; lidhej me terminale me vida; kompakt dhe estetik n\u00eb dizajn; karikon nj\u00eb pajisje ose dy pajisje me fuqi totale deri 15W<\/p>","protected":false},"excerpt":{"rendered":"<p>Seria: ClassiaLloji: Karikues USB me 2 porta (Type A dhe Type C), fuqi maksimale 15W (3 A)Rryma nominale \/ Fuqia: 15W (3A total)\u00a0Tensioni: 100\u2013240V AC, 50\/60Hz (alimentim direkt) Montimi: Flush-mounted (mural), 1 modul (por gjendet n\u00eb katalog si &#8220;2 modules&#8221;, nd\u00ebrsa fizikisht punon si 1 modul)\u00a0Ngjyra: E zez\u00eb satin\u00eb\u00a0Mbrojtje: IP20 p\u00ebr ambient t\u00eb brendsh\u00ebm (standard [&hellip;]<\/p>","protected":false},"featured_media":2755,"comment_status":"open","ping_status":"closed","template":"","meta":{"_acf_changed":false},"product_brand":[],"product_cat":[40,63],"product_tag":[],"class_list":{"0":"post-2754","1":"product","2":"type-product","3":"status-publish","4":"has-post-thumbnail","6":"product_cat-serite-civile","7":"product_cat-classia","9":"first","10":"instock","11":"shipping-taxable","12":"product-type-simple"},"acf":[],"_links":{"self":[{"href":"https:\/\/www.brikaelektrik.al\/al\/wp-json\/wp\/v2\/product\/2754","targetHints":{"allow":["GET"]}}],"collection":[{"href":"https:\/\/www.brikaelektrik.al\/al\/wp-json\/wp\/v2\/product"}],"about":[{"href":"https:\/\/www.brikaelektrik.al\/al\/wp-json\/wp\/v2\/types\/product"}],"replies":[{"embeddable":true,"href":"https:\/\/www.brikaelektrik.al\/al\/wp-json\/wp\/v2\/comments?post=2754"}],"wp:featuredmedia":[{"embeddable":true,"href":"https:\/\/www.brikaelektrik.al\/al\/wp-json\/wp\/v2\/media\/2755"}],"wp:attachment":[{"href":"https:\/\/www.brikaelektrik.al\/al\/wp-json\/wp\/v2\/media?parent=2754"}],"wp:term":[{"taxonomy":"product_brand","embeddable":true,"href":"https:\/\/www.brikaelektrik.al\/al\/wp-json\/wp\/v2\/product_brand?post=2754"},{"taxonomy":"product_cat","embeddable":true,"href":"https:\/\/www.brikaelektrik.al\/al\/wp-json\/wp\/v2\/product_cat?post=2754"},{"taxonomy":"product_tag","embeddable":true,"href":"https:\/\/www.brikaelektrik.al\/al\/wp-json\/wp\/v2\/product_tag?post=2754"}],"curies":[{"name":"wp","href":"https:\/\/api.w.org\/{rel}","templated":true}]}}