{"id":2756,"date":"2025-08-13T09:01:31","date_gmt":"2025-08-13T09:01:31","guid":{"rendered":"https:\/\/www.brikaelektrik.al\/?post_type=product&#038;p=2756"},"modified":"2025-08-13T09:01:31","modified_gmt":"2025-08-13T09:01:31","slug":"prize-tv-e-bardhe","status":"publish","type":"product","link":"https:\/\/www.brikaelektrik.al\/al\/produkt\/prize-tv-e-bardhe\/","title":{"rendered":"PRIZE TV E BARDH\u00cb"},"content":{"rendered":"<p>Seria: Classia<br data-start=\"414\" data-end=\"417\" \/>Lloji: Priz\u00eb TV \u201cstar\u201d koaksiale p\u00ebr sistem ajri t\u00eb vet\u00ebm (single-user), gjithashtu e p\u00ebrshtatshme p\u00ebr sisteme satelitore centralizuese me sinjal dhe transfer energjie p\u00ebr zgjedhjen e kanaleve<br data-start=\"739\" data-end=\"742\" \/>Montimi: Flush-mounted, 1 modul standard Classia<br data-start=\"832\" data-end=\"835\" data-is-only-node=\"\" \/>Ngjyra: E bardh\u00eb<br data-start=\"893\" data-end=\"896\" \/>Mbrojtje: IP20 (pas instalimit), IK04 \u2013 rezistenc\u00eb ndaj goditjeve\u00a0<br data-start=\"1003\" data-end=\"1006\" \/>Materiali: Panel plastik\u00eb (ABS) pa halogjen dhe mekaniz\u00ebm metalik me vet\u00eb-ndezje ndaj flak\u00ebs\u00a0<br data-start=\"1140\" data-end=\"1143\" \/>Formati i priz\u00ebs: 1 modul Italian standard Classia<br data-start=\"1197\" data-end=\"1200\" \/>P\u00ebrmasat: Frontal ~45.1 \u00d7 22.5mm; thell\u00ebsi instalimi ~ 21.7mm\u00a0<br data-start=\"1304\" data-end=\"1307\" \/>Certifikime: CE; p\u00ebrputhje me direktivat LVD 2014\/35\/EU dhe EMC 2014\/30\/EU; standarde IEC; certifikim CB-scheme\u00a0<br data-start=\"1460\" data-end=\"1463\" \/>Specifikime shtes\u00eb: Konektor &#8220;male&#8221; \u00d8 9.5mm; lidhje shielded me kap\u00ebse me vida; projektuar p\u00ebr sistemet TV\/satelit me mund\u00ebsi transferimi t\u00eb sinjalit dhe energjis\u00eb<\/p>","protected":false},"excerpt":{"rendered":"<p>Seria: ClassiaLloji: Priz\u00eb TV \u201cstar\u201d koaksiale p\u00ebr sistem ajri t\u00eb vet\u00ebm (single-user), gjithashtu e p\u00ebrshtatshme p\u00ebr sisteme satelitore centralizuese me sinjal dhe transfer energjie p\u00ebr zgjedhjen e kanaleveMontimi: Flush-mounted, 1 modul standard ClassiaNgjyra: E bardh\u00ebMbrojtje: IP20 (pas instalimit), IK04 \u2013 rezistenc\u00eb ndaj goditjeve\u00a0Materiali: Panel plastik\u00eb (ABS) pa halogjen dhe mekaniz\u00ebm metalik me vet\u00eb-ndezje ndaj flak\u00ebs\u00a0Formati [&hellip;]<\/p>","protected":false},"featured_media":2757,"comment_status":"open","ping_status":"closed","template":"","meta":{"_acf_changed":false},"product_brand":[],"product_cat":[40,63],"product_tag":[],"class_list":{"0":"post-2756","1":"product","2":"type-product","3":"status-publish","4":"has-post-thumbnail","6":"product_cat-serite-civile","7":"product_cat-classia","9":"first","10":"instock","11":"shipping-taxable","12":"product-type-simple"},"acf":[],"_links":{"self":[{"href":"https:\/\/www.brikaelektrik.al\/al\/wp-json\/wp\/v2\/product\/2756","targetHints":{"allow":["GET"]}}],"collection":[{"href":"https:\/\/www.brikaelektrik.al\/al\/wp-json\/wp\/v2\/product"}],"about":[{"href":"https:\/\/www.brikaelektrik.al\/al\/wp-json\/wp\/v2\/types\/product"}],"replies":[{"embeddable":true,"href":"https:\/\/www.brikaelektrik.al\/al\/wp-json\/wp\/v2\/comments?post=2756"}],"wp:featuredmedia":[{"embeddable":true,"href":"https:\/\/www.brikaelektrik.al\/al\/wp-json\/wp\/v2\/media\/2757"}],"wp:attachment":[{"href":"https:\/\/www.brikaelektrik.al\/al\/wp-json\/wp\/v2\/media?parent=2756"}],"wp:term":[{"taxonomy":"product_brand","embeddable":true,"href":"https:\/\/www.brikaelektrik.al\/al\/wp-json\/wp\/v2\/product_brand?post=2756"},{"taxonomy":"product_cat","embeddable":true,"href":"https:\/\/www.brikaelektrik.al\/al\/wp-json\/wp\/v2\/product_cat?post=2756"},{"taxonomy":"product_tag","embeddable":true,"href":"https:\/\/www.brikaelektrik.al\/al\/wp-json\/wp\/v2\/product_tag?post=2756"}],"curies":[{"name":"wp","href":"https:\/\/api.w.org\/{rel}","templated":true}]}}