{"id":2758,"date":"2025-08-13T09:08:34","date_gmt":"2025-08-13T09:08:34","guid":{"rendered":"https:\/\/www.brikaelektrik.al\/?post_type=product&#038;p=2758"},"modified":"2025-08-13T09:08:34","modified_gmt":"2025-08-13T09:08:34","slug":"prize-tv-pasante-e-bardhe","status":"publish","type":"product","link":"https:\/\/www.brikaelektrik.al\/al\/produkt\/prize-tv-pasante-e-bardhe\/","title":{"rendered":"PRIZ\u00cb TV PASANTE E BARDH\u00cb"},"content":{"rendered":"<p>Seria: Classia<br data-start=\"336\" data-end=\"339\" \/>Lloji: Priz\u00eb TV pas\u2010through koaksiale \u201314dB p\u00ebr sisteme televizive t\u00eb centralizuara dhe satelitore me transferim sinjali dhe energjie p\u00ebr zgjedhje kanalesh\u00a0<br data-start=\"623\" data-end=\"626\" \/>Montimi: Flush-mounted, 1 modul Italian standard Classia<br data-start=\"724\" data-end=\"727\" \/>Ngjyra: E bardh\u00eb\u00a0<br data-start=\"785\" data-end=\"788\" \/>Mbrojtje: IP20 p\u00ebr p\u00ebrdorim n\u00eb ambiente t\u00eb brendshme<br data-start=\"882\" data-end=\"885\" \/>Materiali: Panel plastik\u00eb ABS; baza metalike p\u00ebr lidhje; dizajn me lidhje t\u00eb mbrojtura (shielded clamps) dhe vida kap\u00ebse\u00a0<br data-start=\"1047\" data-end=\"1050\" \/>Formati i priz\u00ebs: 1 modul Italian standard Classia<br data-start=\"1104\" data-end=\"1107\" \/>P\u00ebrmasat: Af\u00ebrsisht 45 \u00d7 22.3 \u00d7 42.3mm (frontal\/gjer\u00ebsi\/thell\u00ebsi); thell\u00ebsi instalimi rreth 31.7mm\u00a0<br data-start=\"1249\" data-end=\"1252\" \/>Certifikime: CE; p\u00ebrputhje me direktivat LVD 2014\/35 EU &amp; EMC 2014\/30 EU; IEC; CB-scheme\u00a0<br data-start=\"1382\" data-end=\"1385\" \/><\/p>","protected":false},"excerpt":{"rendered":"<p>Seria: ClassiaLloji: Priz\u00eb TV pas\u2010through koaksiale \u201314dB p\u00ebr sisteme televizive t\u00eb centralizuara dhe satelitore me transferim sinjali dhe energjie p\u00ebr zgjedhje kanalesh\u00a0Montimi: Flush-mounted, 1 modul Italian standard ClassiaNgjyra: E bardh\u00eb\u00a0Mbrojtje: IP20 p\u00ebr p\u00ebrdorim n\u00eb ambiente t\u00eb brendshmeMateriali: Panel plastik\u00eb ABS; baza metalike p\u00ebr lidhje; dizajn me lidhje t\u00eb mbrojtura (shielded clamps) dhe vida kap\u00ebse\u00a0Formati i [&hellip;]<\/p>","protected":false},"featured_media":2759,"comment_status":"open","ping_status":"closed","template":"","meta":{"_acf_changed":false},"product_brand":[],"product_cat":[40,63],"product_tag":[],"class_list":{"0":"post-2758","1":"product","2":"type-product","3":"status-publish","4":"has-post-thumbnail","6":"product_cat-serite-civile","7":"product_cat-classia","9":"first","10":"instock","11":"shipping-taxable","12":"product-type-simple"},"acf":[],"_links":{"self":[{"href":"https:\/\/www.brikaelektrik.al\/al\/wp-json\/wp\/v2\/product\/2758","targetHints":{"allow":["GET"]}}],"collection":[{"href":"https:\/\/www.brikaelektrik.al\/al\/wp-json\/wp\/v2\/product"}],"about":[{"href":"https:\/\/www.brikaelektrik.al\/al\/wp-json\/wp\/v2\/types\/product"}],"replies":[{"embeddable":true,"href":"https:\/\/www.brikaelektrik.al\/al\/wp-json\/wp\/v2\/comments?post=2758"}],"wp:featuredmedia":[{"embeddable":true,"href":"https:\/\/www.brikaelektrik.al\/al\/wp-json\/wp\/v2\/media\/2759"}],"wp:attachment":[{"href":"https:\/\/www.brikaelektrik.al\/al\/wp-json\/wp\/v2\/media?parent=2758"}],"wp:term":[{"taxonomy":"product_brand","embeddable":true,"href":"https:\/\/www.brikaelektrik.al\/al\/wp-json\/wp\/v2\/product_brand?post=2758"},{"taxonomy":"product_cat","embeddable":true,"href":"https:\/\/www.brikaelektrik.al\/al\/wp-json\/wp\/v2\/product_cat?post=2758"},{"taxonomy":"product_tag","embeddable":true,"href":"https:\/\/www.brikaelektrik.al\/al\/wp-json\/wp\/v2\/product_tag?post=2758"}],"curies":[{"name":"wp","href":"https:\/\/api.w.org\/{rel}","templated":true}]}}