{"id":2760,"date":"2025-08-13T09:11:23","date_gmt":"2025-08-13T09:11:23","guid":{"rendered":"https:\/\/www.brikaelektrik.al\/?post_type=product&#038;p=2760"},"modified":"2025-08-13T09:11:23","modified_gmt":"2025-08-13T09:11:23","slug":"prize-telefoni-rj11-e-bardhe","status":"publish","type":"product","link":"https:\/\/www.brikaelektrik.al\/al\/produkt\/prize-telefoni-rj11-e-bardhe\/","title":{"rendered":"PRIZ\u00cb TELEFONI RJ11 E BARDH\u00cb"},"content":{"rendered":"<p>Seria: Classia<br data-start=\"229\" data-end=\"232\" \/>Lloji: Priz\u00eb telefonike RJ11 (4-poles\/4-contacts, K10)<br data-start=\"384\" data-end=\"387\" data-is-only-node=\"\" \/>Montimi: Flush-mounted, 1 modul Italian standard Classia\u00a0<br data-start=\"485\" data-end=\"488\" \/>Ngjyra: E bardh\u00eb matte\u00a0<br data-start=\"552\" data-end=\"555\" \/>Mbrojtje: IP20 p\u00ebr p\u00ebrdorim n\u00eb ambiente t\u00eb brendshme\u00a0<br data-start=\"649\" data-end=\"652\" \/>Materiali: Plastik\u00eb PC\/ABS pa halogjen (paneli frontal), kontakte t\u00eb \u00e7elikt\u00eb p\u00ebr funksionim t\u00eb q\u00ebndruesh\u00ebm\u00a0<br data-start=\"800\" data-end=\"803\" \/>Formati i priz\u00ebs: 1 modul Italian standard Classia<br data-start=\"895\" data-end=\"898\" \/>P\u00ebrmasat: 45 \u00d7 22.5mm frontal; thell\u00ebsi montimi ~ 8.5mm <br data-start=\"996\" data-end=\"999\" \/>Certifikime: CE; n\u00eb p\u00ebrputhje me direktivat LVD 2014\/35\/EU dhe EMC 2014\/30\/EU; IEC standarde; certifikim CB-scheme\u00a0<br data-start=\"1155\" data-end=\"1158\" \/>Konektor RJ11 (4p4c) tip K10; lidhje me vida n\u00eb terminal; projektuar p\u00ebr transmetim telefoni ose t\u00eb dh\u00ebna n\u00eb sisteme rezidenciale dhe zyrtare<\/p>","protected":false},"excerpt":{"rendered":"<p>Seria: ClassiaLloji: Priz\u00eb telefonike RJ11 (4-poles\/4-contacts, K10)Montimi: Flush-mounted, 1 modul Italian standard Classia\u00a0Ngjyra: E bardh\u00eb matte\u00a0Mbrojtje: IP20 p\u00ebr p\u00ebrdorim n\u00eb ambiente t\u00eb brendshme\u00a0Materiali: Plastik\u00eb PC\/ABS pa halogjen (paneli frontal), kontakte t\u00eb \u00e7elikt\u00eb p\u00ebr funksionim t\u00eb q\u00ebndruesh\u00ebm\u00a0Formati i priz\u00ebs: 1 modul Italian standard ClassiaP\u00ebrmasat: 45 \u00d7 22.5mm frontal; thell\u00ebsi montimi ~ 8.5mm Certifikime: CE; n\u00eb p\u00ebrputhje [&hellip;]<\/p>","protected":false},"featured_media":2761,"comment_status":"open","ping_status":"closed","template":"","meta":{"_acf_changed":false},"product_brand":[],"product_cat":[40,63],"product_tag":[],"class_list":{"0":"post-2760","1":"product","2":"type-product","3":"status-publish","4":"has-post-thumbnail","6":"product_cat-serite-civile","7":"product_cat-classia","9":"first","10":"instock","11":"shipping-taxable","12":"product-type-simple"},"acf":[],"_links":{"self":[{"href":"https:\/\/www.brikaelektrik.al\/al\/wp-json\/wp\/v2\/product\/2760","targetHints":{"allow":["GET"]}}],"collection":[{"href":"https:\/\/www.brikaelektrik.al\/al\/wp-json\/wp\/v2\/product"}],"about":[{"href":"https:\/\/www.brikaelektrik.al\/al\/wp-json\/wp\/v2\/types\/product"}],"replies":[{"embeddable":true,"href":"https:\/\/www.brikaelektrik.al\/al\/wp-json\/wp\/v2\/comments?post=2760"}],"wp:featuredmedia":[{"embeddable":true,"href":"https:\/\/www.brikaelektrik.al\/al\/wp-json\/wp\/v2\/media\/2761"}],"wp:attachment":[{"href":"https:\/\/www.brikaelektrik.al\/al\/wp-json\/wp\/v2\/media?parent=2760"}],"wp:term":[{"taxonomy":"product_brand","embeddable":true,"href":"https:\/\/www.brikaelektrik.al\/al\/wp-json\/wp\/v2\/product_brand?post=2760"},{"taxonomy":"product_cat","embeddable":true,"href":"https:\/\/www.brikaelektrik.al\/al\/wp-json\/wp\/v2\/product_cat?post=2760"},{"taxonomy":"product_tag","embeddable":true,"href":"https:\/\/www.brikaelektrik.al\/al\/wp-json\/wp\/v2\/product_tag?post=2760"}],"curies":[{"name":"wp","href":"https:\/\/api.w.org\/{rel}","templated":true}]}}