{"id":2762,"date":"2025-08-13T09:14:41","date_gmt":"2025-08-13T09:14:41","guid":{"rendered":"https:\/\/www.brikaelektrik.al\/?post_type=product&#038;p=2762"},"modified":"2025-08-13T09:14:41","modified_gmt":"2025-08-13T09:14:41","slug":"prize-karikues-usb-1500ma-110-230v","status":"publish","type":"product","link":"https:\/\/www.brikaelektrik.al\/al\/produkt\/prize-karikues-usb-1500ma-110-230v\/","title":{"rendered":"PRIZ\u00cb KARIKUES USB 1500MA 110-230V"},"content":{"rendered":"<p>Seria: Classia<br data-start=\"220\" data-end=\"223\" \/>Lloji: Karikues USB me dy porta (Type-A dhe Type-C)<br data-start=\"278\" data-end=\"281\" \/>Rryma nominale \/ Fuqia: 15W (3 A total) \u2013 deri n\u00eb 3000mA p\u00ebr nj\u00eb pajisje, ose 1500 mA p\u00ebr secil\u00ebn n\u00eb karikimin simultan <br data-start=\"444\" data-end=\"447\" \/>Tensioni: 110\u2013230V AC, 50\/60 Hz <br data-start=\"521\" data-end=\"524\" data-is-only-node=\"\" \/>Montimi: Flush-mounted, 2 module <br data-start=\"598\" data-end=\"601\" \/>Ngjyra: E bardh\u00eb matte\u00a0<br data-start=\"665\" data-end=\"668\" \/>Mbrojtje: IP20 p\u00ebr ambiente t\u00eb brendshme\u00a0<br data-start=\"750\" data-end=\"753\" \/>Materiali: Plastik\u00eb (ABS) \u2013 p\u00ebr panelin frontal dhe struktur\u00ebn baz\u00eb<br data-start=\"862\" data-end=\"865\" \/>Formati i priz\u00ebs: 2 module Italian standard Classia<br data-start=\"920\" data-end=\"923\" \/>P\u00ebrmasat: Panel frontal 45.1 \u00d7 44.7 mm, montim thell\u00eb ~ 32.5mm, dimensione totale ~45.1 \u00d7 44.7 \u00d7 42.3mm\u00a0<br data-start=\"1069\" data-end=\"1072\" \/>Certifikime: CE, n\u00eb p\u00ebrputhje me LVD 2014\/35 EU dhe EMC 2014\/30 EU, me standarde IEC dhe CB-scheme\u00a0<br data-start=\"1212\" data-end=\"1215\" \/>Output 5V DC p\u00ebr karikim t\u00eb shpejt\u00eb; terminal\u00eb me vida p\u00ebr lidhje t\u00eb sigurt; karikon smartphone, tablet<\/p>","protected":false},"excerpt":{"rendered":"<p>Seria: ClassiaLloji: Karikues USB me dy porta (Type-A dhe Type-C)Rryma nominale \/ Fuqia: 15W (3 A total) \u2013 deri n\u00eb 3000mA p\u00ebr nj\u00eb pajisje, ose 1500 mA p\u00ebr secil\u00ebn n\u00eb karikimin simultan Tensioni: 110\u2013230V AC, 50\/60 Hz Montimi: Flush-mounted, 2 module Ngjyra: E bardh\u00eb matte\u00a0Mbrojtje: IP20 p\u00ebr ambiente t\u00eb brendshme\u00a0Materiali: Plastik\u00eb (ABS) \u2013 p\u00ebr panelin [&hellip;]<\/p>","protected":false},"featured_media":2763,"comment_status":"open","ping_status":"closed","template":"","meta":{"_acf_changed":false},"product_brand":[],"product_cat":[40,63],"product_tag":[],"class_list":{"0":"post-2762","1":"product","2":"type-product","3":"status-publish","4":"has-post-thumbnail","6":"product_cat-serite-civile","7":"product_cat-classia","9":"first","10":"instock","11":"shipping-taxable","12":"product-type-simple"},"acf":[],"_links":{"self":[{"href":"https:\/\/www.brikaelektrik.al\/al\/wp-json\/wp\/v2\/product\/2762","targetHints":{"allow":["GET"]}}],"collection":[{"href":"https:\/\/www.brikaelektrik.al\/al\/wp-json\/wp\/v2\/product"}],"about":[{"href":"https:\/\/www.brikaelektrik.al\/al\/wp-json\/wp\/v2\/types\/product"}],"replies":[{"embeddable":true,"href":"https:\/\/www.brikaelektrik.al\/al\/wp-json\/wp\/v2\/comments?post=2762"}],"wp:featuredmedia":[{"embeddable":true,"href":"https:\/\/www.brikaelektrik.al\/al\/wp-json\/wp\/v2\/media\/2763"}],"wp:attachment":[{"href":"https:\/\/www.brikaelektrik.al\/al\/wp-json\/wp\/v2\/media?parent=2762"}],"wp:term":[{"taxonomy":"product_brand","embeddable":true,"href":"https:\/\/www.brikaelektrik.al\/al\/wp-json\/wp\/v2\/product_brand?post=2762"},{"taxonomy":"product_cat","embeddable":true,"href":"https:\/\/www.brikaelektrik.al\/al\/wp-json\/wp\/v2\/product_cat?post=2762"},{"taxonomy":"product_tag","embeddable":true,"href":"https:\/\/www.brikaelektrik.al\/al\/wp-json\/wp\/v2\/product_tag?post=2762"}],"curies":[{"name":"wp","href":"https:\/\/api.w.org\/{rel}","templated":true}]}}