{"id":2764,"date":"2025-08-13T09:19:41","date_gmt":"2025-08-13T09:19:41","guid":{"rendered":"https:\/\/www.brikaelektrik.al\/?post_type=product&#038;p=2764"},"modified":"2025-08-13T09:19:41","modified_gmt":"2025-08-13T09:19:41","slug":"prize-satelitore-e-bardhe","status":"publish","type":"product","link":"https:\/\/www.brikaelektrik.al\/al\/produkt\/prize-satelitore-e-bardhe\/","title":{"rendered":"PRIZE SATELITORE E BARDH\u00cb"},"content":{"rendered":"<p>Seria: Classia<br data-start=\"283\" data-end=\"286\" \/>Lloji: Priz\u00eb TV me konektor F (koaksiale), impedanc\u00eb 75 \u03a9, me vid\u00eb spr\u00e1v\u00eb (screw hook)<br data-start=\"462\" data-end=\"465\" \/>Montimi: Flush-mounted, 1 modul Italian standard Classia\u00a0<br data-start=\"563\" data-end=\"566\" \/>Ngjyra: E bardh\u00eb<br data-start=\"586\" data-end=\"589\" \/>Mbrojtje: IP20 p\u00ebr p\u00ebrdorim n\u00eb ambiente t\u00eb brendshme (standard p\u00ebr pajisje t\u00eb tilla)<br data-start=\"677\" data-end=\"680\" \/>Materiali: Panel plastik\u00eb (ABS) pa halogjen, struktur\u00eb q\u00eb mbushet me vida; dizajn i optimizuar p\u00ebr futje intuitive t\u00eb kabllit\u00a0<br data-start=\"847\" data-end=\"850\" \/>Formati i priz\u00ebs: 1 modul Italian standard Classia<br data-start=\"904\" data-end=\"907\" \/>P\u00ebrmasat: Aprox. 45 \u00d7 22mm p\u00ebr panelin frontal, thell\u00ebsi montimi standard (rreth 21\u201322mm)\u00a0<br data-start=\"1040\" data-end=\"1043\" \/>Certifikime: CE; n\u00eb p\u00ebrputhje me direktivat evropiane LVD 2014\/35\/EU dhe EMC 2014\/30\/EU; standardet IEC; certifikuar n\u00eb skem\u00ebn CB-scheme\u00a0<br data-start=\"1221\" data-end=\"1224\" \/>Specifikime shtes\u00eb: Konektor F \u00d8 9.5mm; lidhje t\u00eb mbrojtura (shielded) me kap\u00ebse me vida; projektuar p\u00ebr TV UHD\/4K p\u00ebr futur\u00ebzim t\u00eb leht\u00eb dhe lidhje t\u00eb sigurt<\/p>","protected":false},"excerpt":{"rendered":"<p>Seria: ClassiaLloji: Priz\u00eb TV me konektor F (koaksiale), impedanc\u00eb 75 \u03a9, me vid\u00eb spr\u00e1v\u00eb (screw hook)Montimi: Flush-mounted, 1 modul Italian standard Classia\u00a0Ngjyra: E bardh\u00ebMbrojtje: IP20 p\u00ebr p\u00ebrdorim n\u00eb ambiente t\u00eb brendshme (standard p\u00ebr pajisje t\u00eb tilla)Materiali: Panel plastik\u00eb (ABS) pa halogjen, struktur\u00eb q\u00eb mbushet me vida; dizajn i optimizuar p\u00ebr futje intuitive t\u00eb kabllit\u00a0Formati i [&hellip;]<\/p>","protected":false},"featured_media":2765,"comment_status":"open","ping_status":"closed","template":"","meta":{"_acf_changed":false},"product_brand":[],"product_cat":[40,63],"product_tag":[],"class_list":{"0":"post-2764","1":"product","2":"type-product","3":"status-publish","4":"has-post-thumbnail","6":"product_cat-serite-civile","7":"product_cat-classia","9":"first","10":"instock","11":"shipping-taxable","12":"product-type-simple"},"acf":[],"_links":{"self":[{"href":"https:\/\/www.brikaelektrik.al\/al\/wp-json\/wp\/v2\/product\/2764","targetHints":{"allow":["GET"]}}],"collection":[{"href":"https:\/\/www.brikaelektrik.al\/al\/wp-json\/wp\/v2\/product"}],"about":[{"href":"https:\/\/www.brikaelektrik.al\/al\/wp-json\/wp\/v2\/types\/product"}],"replies":[{"embeddable":true,"href":"https:\/\/www.brikaelektrik.al\/al\/wp-json\/wp\/v2\/comments?post=2764"}],"wp:featuredmedia":[{"embeddable":true,"href":"https:\/\/www.brikaelektrik.al\/al\/wp-json\/wp\/v2\/media\/2765"}],"wp:attachment":[{"href":"https:\/\/www.brikaelektrik.al\/al\/wp-json\/wp\/v2\/media?parent=2764"}],"wp:term":[{"taxonomy":"product_brand","embeddable":true,"href":"https:\/\/www.brikaelektrik.al\/al\/wp-json\/wp\/v2\/product_brand?post=2764"},{"taxonomy":"product_cat","embeddable":true,"href":"https:\/\/www.brikaelektrik.al\/al\/wp-json\/wp\/v2\/product_cat?post=2764"},{"taxonomy":"product_tag","embeddable":true,"href":"https:\/\/www.brikaelektrik.al\/al\/wp-json\/wp\/v2\/product_tag?post=2764"}],"curies":[{"name":"wp","href":"https:\/\/api.w.org\/{rel}","templated":true}]}}