{"id":2766,"date":"2025-08-13T09:23:39","date_gmt":"2025-08-13T09:23:39","guid":{"rendered":"https:\/\/www.brikaelektrik.al\/?post_type=product&#038;p=2766"},"modified":"2025-08-14T00:47:51","modified_gmt":"2025-08-14T00:47:51","slug":"modul-per-karta-hoteli-3-poste-30va-230v","status":"publish","type":"product","link":"https:\/\/www.brikaelektrik.al\/al\/produkt\/modul-per-karta-hoteli-3-poste-30va-230v\/","title":{"rendered":"MODUL PER KARTA HOTELI 3 POSTE 30VA 230V"},"content":{"rendered":"<p>Seria: Classia<br data-start=\"139\" data-end=\"142\" \/>Lloji: \u00c7el\u00ebs me kart\u00eb p\u00ebr ndezjen e dritave dhe pajisjeve n\u00eb dhomat e hotelit<br data-start=\"223\" data-end=\"226\" \/>Rryma nominale \/ Fuqia: 30VA (maksimumi)<br data-start=\"271\" data-end=\"274\" \/>Tensioni: 230V AC<br data-start=\"296\" data-end=\"299\" \/>Montimi: Flush\u2011mounted, 2 module<br data-start=\"335\" data-end=\"338\" \/>Ngjyra: E bardh\u00eb<br data-start=\"358\" data-end=\"361\" \/>Mbrojtje: IP20<br data-start=\"379\" data-end=\"382\" \/>Materiali: Plastik\u00eb (ABS)<br data-start=\"411\" data-end=\"414\" \/>Formati i priz\u00ebs: 2 module Italian standard Classia<br data-start=\"469\" data-end=\"472\" \/>P\u00ebrmasat: 61\u202f\u00d7\u202f45\u202f\u00d7\u202f32.9mm<br data-start=\"503\" data-end=\"506\" \/>Certifikime: CE; n\u00eb p\u00ebrputhje me direktivat evropiane LVD\u202f2014\/35\/EU dhe EMC\u202f2014\/30\/EU; standardet IEC; certifikuar n\u00eb skem\u00ebn CB\u2011scheme<br data-start=\"646\" data-end=\"649\" \/>Drit\u00eb slot me llamb\u00eb t\u00eb integruar; vones\u00eb n\u00eb fikje 30 sekonda pas heqjes s\u00eb kart\u00ebs; terminale me vida p\u00ebr lidhje t\u00eb sigurt; projektuar p\u00ebr p\u00ebrdorim n\u00eb dhoma hoteli<\/p>","protected":false},"excerpt":{"rendered":"<p>Seria: ClassiaLloji: \u00c7el\u00ebs me kart\u00eb p\u00ebr ndezjen e dritave dhe pajisjeve n\u00eb dhomat e hotelitRryma nominale \/ Fuqia: 30VA (maksimumi)Tensioni: 230V ACMontimi: Flush\u2011mounted, 2 moduleNgjyra: E bardh\u00ebMbrojtje: IP20Materiali: Plastik\u00eb (ABS)Formati i priz\u00ebs: 2 module Italian standard ClassiaP\u00ebrmasat: 61\u202f\u00d7\u202f45\u202f\u00d7\u202f32.9mmCertifikime: CE; n\u00eb p\u00ebrputhje me direktivat evropiane LVD\u202f2014\/35\/EU dhe EMC\u202f2014\/30\/EU; standardet IEC; certifikuar n\u00eb skem\u00ebn CB\u2011schemeDrit\u00eb slot me [&hellip;]<\/p>","protected":false},"featured_media":2767,"comment_status":"open","ping_status":"closed","template":"","meta":{"_acf_changed":false},"product_brand":[],"product_cat":[40,63],"product_tag":[],"class_list":{"0":"post-2766","1":"product","2":"type-product","3":"status-publish","4":"has-post-thumbnail","6":"product_cat-serite-civile","7":"product_cat-classia","9":"first","10":"instock","11":"shipping-taxable","12":"product-type-simple"},"acf":[],"_links":{"self":[{"href":"https:\/\/www.brikaelektrik.al\/al\/wp-json\/wp\/v2\/product\/2766","targetHints":{"allow":["GET"]}}],"collection":[{"href":"https:\/\/www.brikaelektrik.al\/al\/wp-json\/wp\/v2\/product"}],"about":[{"href":"https:\/\/www.brikaelektrik.al\/al\/wp-json\/wp\/v2\/types\/product"}],"replies":[{"embeddable":true,"href":"https:\/\/www.brikaelektrik.al\/al\/wp-json\/wp\/v2\/comments?post=2766"}],"wp:featuredmedia":[{"embeddable":true,"href":"https:\/\/www.brikaelektrik.al\/al\/wp-json\/wp\/v2\/media\/2767"}],"wp:attachment":[{"href":"https:\/\/www.brikaelektrik.al\/al\/wp-json\/wp\/v2\/media?parent=2766"}],"wp:term":[{"taxonomy":"product_brand","embeddable":true,"href":"https:\/\/www.brikaelektrik.al\/al\/wp-json\/wp\/v2\/product_brand?post=2766"},{"taxonomy":"product_cat","embeddable":true,"href":"https:\/\/www.brikaelektrik.al\/al\/wp-json\/wp\/v2\/product_cat?post=2766"},{"taxonomy":"product_tag","embeddable":true,"href":"https:\/\/www.brikaelektrik.al\/al\/wp-json\/wp\/v2\/product_tag?post=2766"}],"curies":[{"name":"wp","href":"https:\/\/api.w.org\/{rel}","templated":true}]}}