{"id":2768,"date":"2025-08-13T09:26:56","date_gmt":"2025-08-13T09:26:56","guid":{"rendered":"https:\/\/www.brikaelektrik.al\/?post_type=product&#038;p=2768"},"modified":"2025-08-13T09:26:56","modified_gmt":"2025-08-13T09:26:56","slug":"prize-interneti-rj45-utp-cat5","status":"publish","type":"product","link":"https:\/\/www.brikaelektrik.al\/al\/produkt\/prize-interneti-rj45-utp-cat5\/","title":{"rendered":"PRIZ\u00cb INTERNETI RJ45 UTP CAT5"},"content":{"rendered":"<p>Seria: Classia<br data-start=\"139\" data-end=\"142\" \/>Lloji: Priz\u00eb RJ45 UTP Cat.5e pa nevoj\u00eb p\u00ebr mjete<br data-start=\"280\" data-end=\"283\" \/>Montimi: Flush\u2011mounted, 1 modul<br data-start=\"318\" data-end=\"321\" \/>Ngjyra: E bardh\u00eb<br data-start=\"341\" data-end=\"344\" \/>Mbrojtje: IP20<br data-start=\"362\" data-end=\"365\" \/>Materiali: Panel plastik\u00eb (ABS), me terminale t\u00eb hapura p\u00ebr lidhje t\u00eb leht\u00eb kabllosh<br data-start=\"453\" data-end=\"456\" \/>Formati i priz\u00ebs: 1 modul Italian standard Classia<br data-start=\"510\" data-end=\"513\" \/>P\u00ebrmasat: 45\u202f\u00d7\u202f22.5mm (panel frontal); thell\u00ebsi montimi ~ 23.9mm<br data-start=\"582\" data-end=\"585\" \/>Certifikime: CE; n\u00eb p\u00ebrputhje me direktivat evropiane LVD\u202f2014\/35\/EU dhe EMC\u202f2014\/30\/EU; standardet IEC; certifikuar n\u00eb skem\u00ebn CB\u2011scheme<br data-start=\"725\" data-end=\"728\" \/>Lidhje pa nevoj\u00eb p\u00ebr mjete (tool-less); optimizuar p\u00ebr instalim t\u00eb shpejt\u00eb dhe t\u00eb sigurt; mb\u00ebshtet lidhje t\u00eb shpejt\u00eb p\u00ebr kabuj UTP Cat.5e<\/p>","protected":false},"excerpt":{"rendered":"<p>Seria: ClassiaLloji: Priz\u00eb RJ45 UTP Cat.5e pa nevoj\u00eb p\u00ebr mjeteMontimi: Flush\u2011mounted, 1 modulNgjyra: E bardh\u00ebMbrojtje: IP20Materiali: Panel plastik\u00eb (ABS), me terminale t\u00eb hapura p\u00ebr lidhje t\u00eb leht\u00eb kablloshFormati i priz\u00ebs: 1 modul Italian standard ClassiaP\u00ebrmasat: 45\u202f\u00d7\u202f22.5mm (panel frontal); thell\u00ebsi montimi ~ 23.9mmCertifikime: CE; n\u00eb p\u00ebrputhje me direktivat evropiane LVD\u202f2014\/35\/EU dhe EMC\u202f2014\/30\/EU; standardet IEC; certifikuar n\u00eb [&hellip;]<\/p>","protected":false},"featured_media":2769,"comment_status":"open","ping_status":"closed","template":"","meta":{"_acf_changed":false},"product_brand":[],"product_cat":[40,63],"product_tag":[],"class_list":{"0":"post-2768","1":"product","2":"type-product","3":"status-publish","4":"has-post-thumbnail","6":"product_cat-serite-civile","7":"product_cat-classia","9":"first","10":"instock","11":"shipping-taxable","12":"product-type-simple"},"acf":[],"_links":{"self":[{"href":"https:\/\/www.brikaelektrik.al\/al\/wp-json\/wp\/v2\/product\/2768","targetHints":{"allow":["GET"]}}],"collection":[{"href":"https:\/\/www.brikaelektrik.al\/al\/wp-json\/wp\/v2\/product"}],"about":[{"href":"https:\/\/www.brikaelektrik.al\/al\/wp-json\/wp\/v2\/types\/product"}],"replies":[{"embeddable":true,"href":"https:\/\/www.brikaelektrik.al\/al\/wp-json\/wp\/v2\/comments?post=2768"}],"wp:featuredmedia":[{"embeddable":true,"href":"https:\/\/www.brikaelektrik.al\/al\/wp-json\/wp\/v2\/media\/2769"}],"wp:attachment":[{"href":"https:\/\/www.brikaelektrik.al\/al\/wp-json\/wp\/v2\/media?parent=2768"}],"wp:term":[{"taxonomy":"product_brand","embeddable":true,"href":"https:\/\/www.brikaelektrik.al\/al\/wp-json\/wp\/v2\/product_brand?post=2768"},{"taxonomy":"product_cat","embeddable":true,"href":"https:\/\/www.brikaelektrik.al\/al\/wp-json\/wp\/v2\/product_cat?post=2768"},{"taxonomy":"product_tag","embeddable":true,"href":"https:\/\/www.brikaelektrik.al\/al\/wp-json\/wp\/v2\/product_tag?post=2768"}],"curies":[{"name":"wp","href":"https:\/\/api.w.org\/{rel}","templated":true}]}}