{"id":2772,"date":"2025-08-13T09:35:45","date_gmt":"2025-08-13T09:35:45","guid":{"rendered":"https:\/\/www.brikaelektrik.al\/?post_type=product&#038;p=2772"},"modified":"2025-08-13T09:35:45","modified_gmt":"2025-08-13T09:35:45","slug":"prize-interneti-ftp-cat6","status":"publish","type":"product","link":"https:\/\/www.brikaelektrik.al\/al\/produkt\/prize-interneti-ftp-cat6\/","title":{"rendered":"PRIZ\u00cb INTERNETI FTP CAT6"},"content":{"rendered":"<p>Seria: Classia<br data-start=\"139\" data-end=\"142\" \/>Lloji: Priz\u00eb RJ45 STP Cat.6 pa nevoj\u00eb p\u00ebr mjete (tool-less)<br data-start=\"291\" data-end=\"294\" \/>Montimi: Flush\u2011mounted, 1 modul<br data-start=\"329\" data-end=\"332\" \/>Ngjyra: E bardh\u00eb<br data-start=\"352\" data-end=\"355\" \/>Mbrojtje: IP20<br data-start=\"373\" data-end=\"376\" \/>Materiali: Panel plastik\u00eb (ABS), me terminale t\u00eb hapura p\u00ebr lidhje t\u00eb leht\u00eb kabllosh<br data-start=\"464\" data-end=\"467\" \/>Formati i priz\u00ebs: 1 modul Italian standard Classia<br data-start=\"521\" data-end=\"524\" \/>P\u00ebrmasat: 45\u202f\u00d7\u202f22.5mm (panel frontal); thell\u00ebsi montimi ~ 23.9mm<br data-start=\"593\" data-end=\"596\" \/>Certifikime: CE; n\u00eb p\u00ebrputhje me direktivat evropiane LVD\u202f2014\/35\/EU dhe EMC\u202f2014\/30\/EU; standardet IEC; certifikuar n\u00eb skem\u00ebn CB\u2011scheme<br data-start=\"736\" data-end=\"739\" \/>Lidhje pa nevoj\u00eb p\u00ebr mjete (tool-less); optimizuar p\u00ebr instalim t\u00eb shpejt\u00eb dhe t\u00eb sigurt; mb\u00ebshtet lidhje t\u00eb shpejt\u00eb p\u00ebr kabuj STP Cat.6<\/p>","protected":false},"excerpt":{"rendered":"<p>Seria: ClassiaLloji: Priz\u00eb RJ45 STP Cat.6 pa nevoj\u00eb p\u00ebr mjete (tool-less)Montimi: Flush\u2011mounted, 1 modulNgjyra: E bardh\u00ebMbrojtje: IP20Materiali: Panel plastik\u00eb (ABS), me terminale t\u00eb hapura p\u00ebr lidhje t\u00eb leht\u00eb kablloshFormati i priz\u00ebs: 1 modul Italian standard ClassiaP\u00ebrmasat: 45\u202f\u00d7\u202f22.5mm (panel frontal); thell\u00ebsi montimi ~ 23.9mmCertifikime: CE; n\u00eb p\u00ebrputhje me direktivat evropiane LVD\u202f2014\/35\/EU dhe EMC\u202f2014\/30\/EU; standardet IEC; certifikuar [&hellip;]<\/p>","protected":false},"featured_media":2773,"comment_status":"open","ping_status":"closed","template":"","meta":{"_acf_changed":false},"product_brand":[],"product_cat":[40,63],"product_tag":[],"class_list":{"0":"post-2772","1":"product","2":"type-product","3":"status-publish","4":"has-post-thumbnail","6":"product_cat-serite-civile","7":"product_cat-classia","9":"first","10":"instock","11":"shipping-taxable","12":"product-type-simple"},"acf":[],"_links":{"self":[{"href":"https:\/\/www.brikaelektrik.al\/al\/wp-json\/wp\/v2\/product\/2772","targetHints":{"allow":["GET"]}}],"collection":[{"href":"https:\/\/www.brikaelektrik.al\/al\/wp-json\/wp\/v2\/product"}],"about":[{"href":"https:\/\/www.brikaelektrik.al\/al\/wp-json\/wp\/v2\/types\/product"}],"replies":[{"embeddable":true,"href":"https:\/\/www.brikaelektrik.al\/al\/wp-json\/wp\/v2\/comments?post=2772"}],"wp:featuredmedia":[{"embeddable":true,"href":"https:\/\/www.brikaelektrik.al\/al\/wp-json\/wp\/v2\/media\/2773"}],"wp:attachment":[{"href":"https:\/\/www.brikaelektrik.al\/al\/wp-json\/wp\/v2\/media?parent=2772"}],"wp:term":[{"taxonomy":"product_brand","embeddable":true,"href":"https:\/\/www.brikaelektrik.al\/al\/wp-json\/wp\/v2\/product_brand?post=2772"},{"taxonomy":"product_cat","embeddable":true,"href":"https:\/\/www.brikaelektrik.al\/al\/wp-json\/wp\/v2\/product_cat?post=2772"},{"taxonomy":"product_tag","embeddable":true,"href":"https:\/\/www.brikaelektrik.al\/al\/wp-json\/wp\/v2\/product_tag?post=2772"}],"curies":[{"name":"wp","href":"https:\/\/api.w.org\/{rel}","templated":true}]}}